{"id":7523,"date":"2026-02-08T20:50:04","date_gmt":"2026-02-08T19:50:04","guid":{"rendered":"https:\/\/www.alexandrafrancescadalessandro.com\/?post_type=product&#038;p=7523"},"modified":"2026-04-23T11:27:35","modified_gmt":"2026-04-23T09:27:35","slug":"webinar-tappe-di-maturazione-femminile","status":"publish","type":"product","link":"https:\/\/www.alexandrafrancescadalessandro.com\/es\/prodotto\/webinar-tappe-di-maturazione-femminile\/","title":{"rendered":"Webinar \u00abTappe di Maturazione Femminile | 40, 50, 60+\u00bb"},"content":{"rendered":"<p data-start=\"371\" data-end=\"505\">Comprendere cosa ti sta accadendo <strong>adesso<\/strong> e come direzionare la tua energia<\/p>\n<p data-start=\"371\" data-end=\"505\">Un webinar dedicato alle <strong data-start=\"396\" data-end=\"430\">tappe di maturazione femminile<\/strong> e ai grandi passaggi che molte donne attraversano dopo i 40, 50 e 60 anni.<\/p>\n<p data-start=\"507\" data-end=\"520\">Se senti che:<\/p>\n<ul data-start=\"521\" data-end=\"677\">\n<li data-start=\"521\" data-end=\"556\">\n<p data-start=\"523\" data-end=\"556\">non ti riconosci pi\u00f9 come prima<\/p>\n<\/li>\n<li data-start=\"557\" data-end=\"608\">\n<p data-start=\"559\" data-end=\"608\">alcune relazioni o il lavoro non ti nutrono pi\u00f9<\/p>\n<\/li>\n<li data-start=\"609\" data-end=\"677\">\n<p data-start=\"611\" data-end=\"677\">stai vivendo una fase di cambiamento, confusione o ridefinizione<\/p>\n<\/li>\n<\/ul>\n<p data-start=\"679\" data-end=\"818\">questo spazio \u00e8 pensato per aiutarti a <strong data-start=\"718\" data-end=\"759\">comprendere cosa ti sta accadendo ora<\/strong> e come <strong data-start=\"767\" data-end=\"797\">direzionare la tua energia<\/strong> in modo consapevole.<\/p>\n<p data-start=\"820\" data-end=\"851\">Durante il webinar esploreremo:<\/p>\n<ul data-start=\"852\" data-end=\"1084\">\n<li data-start=\"852\" data-end=\"908\">\n<p data-start=\"854\" data-end=\"908\">le principali tappe di maturazione della vita adulta<\/p>\n<\/li>\n<li data-start=\"909\" data-end=\"964\">\n<p data-start=\"911\" data-end=\"964\">cosa cambia energeticamente dopo i 40, 50 e 60 anni<\/p>\n<\/li>\n<li data-start=\"965\" data-end=\"1017\">\n<p data-start=\"967\" data-end=\"1017\">perch\u00e9 certe identit\u00e0 e ruoli non funzionano pi\u00f9<\/p>\n<\/li>\n<li data-start=\"1018\" data-end=\"1084\">\n<p data-start=\"1020\" data-end=\"1084\">come attraversare questi passaggi senza resistere o giudicarti<\/p>\n<\/li>\n<\/ul>\n<p data-start=\"1086\" data-end=\"1184\">Questo non \u00e8 un webinar motivazionale.<br data-start=\"1124\" data-end=\"1127\" \/>\u00c8 uno spazio di comprensione, chiarezza e riallineamento.<\/p>\n<h3 data-start=\"209\" data-end=\"236\">Dettagli del webinar<\/h3>\n<p data-start=\"238\" data-end=\"284\">\ud83d\uddd3 <strong data-start=\"241\" data-end=\"250\">Data:<\/strong> 4 marzo<br data-start=\"258\" data-end=\"261\" \/>\u23f0 <strong data-start=\"263\" data-end=\"274\">Orario:<\/strong> ore 20:00<\/p>\n<p data-start=\"286\" data-end=\"435\">\ud83d\udc49 <strong data-start=\"289\" data-end=\"334\">Se ti iscrivi e non puoi partecipare live<\/strong><br data-start=\"334\" data-end=\"337\" \/>Riceverai <strong data-start=\"347\" data-end=\"379\">la registrazione del webinar<\/strong>, cos\u00ec potrai guardarlo con calma nei giorni successivi.<\/p>\n<h3 data-start=\"442\" data-end=\"458\">Iscrizioni limitate<\/h3>\n<p data-start=\"460\" data-end=\"531\">Le iscrizioni al prezzo di <strong data-start=\"487\" data-end=\"494\">29\u20ac<\/strong> sono aperte solo <strong data-start=\"507\" data-end=\"530\">fino al 17 febbraio<\/strong>.<\/p>\n<p data-start=\"533\" data-end=\"550\">Dopo questa data\u00a0il webinar sar\u00e0 disponibile <strong data-start=\"626\" data-end=\"672\">solo in versione registrata a prezzo pieno (\u20ac 67).<\/strong><\/p>\n<p data-start=\"674\" data-end=\"744\">Dopo l\u2019iscrizione riceverai un\u2019email di conferma con tutti i dettagli.<\/p>\n<h3 style=\"text-align: center;\" data-start=\"1191\" data-end=\"1241\">Iscrizioni in early bird \u20ac 29 tra il 10 e il 17 febbraio<\/h3>\n<p data-start=\"1262\" data-end=\"1332\">\n","protected":false},"excerpt":{"rendered":"<p data-start=\"1143\" data-end=\"1184\">Comprendere cosa ti sta accadendo <strong>adesso<\/strong> e come direzionare la tua energia<\/p>\n<p data-start=\"1186\" data-end=\"1320\">Un webinar dedicato alle <strong data-start=\"1211\" data-end=\"1245\">tappe di maturazione femminile<\/strong> e ai grandi passaggi che molte donne attraversano dopo i 40, 50 e 60 anni.<\/p>\n<p data-start=\"1322\" data-end=\"1477\">Uno spazio di comprensione per chi sente che qualcosa sta cambiando e vuole capire <strong data-start=\"1405\" data-end=\"1434\">cosa le sta accadendo ora<\/strong> e come <strong data-start=\"1442\" data-end=\"1476\">direzionare la propria energia<\/strong>.<\/p>\n<p data-start=\"1479\" data-end=\"1562\">\ud83d\uddd3 <strong data-start=\"1482\" data-end=\"1502\">4 marzo 2026 \u2013 ore 20<\/strong><br data-start=\"1502\" data-end=\"1505\" \/>\ud83c\udfa5 Registrazione inclusa per chi non pu\u00f2 partecipare live<\/p>\n","protected":false},"featured_media":7524,"template":"","meta":{"_et_pb_use_builder":"","_et_pb_old_content":"","_et_gb_content_width":""},"product_brand":[],"product_cat":[23,29],"product_tag":[1276,1275,1277,1278,1274,57],"class_list":{"0":"post-7523","1":"product","2":"type-product","3":"status-publish","4":"has-post-thumbnail","6":"product_cat-percorsi-di-gruppo","7":"product_cat-videocorsi","8":"product_tag-donna-40","9":"product_tag-donna-50","10":"product_tag-donna-60","11":"product_tag-donna-formazione","12":"product_tag-energiafemminile","13":"product_tag-femminile","15":"first","16":"instock","17":"shipping-taxable","18":"purchasable","19":"product-type-simple"},"yoast_head":"<!-- This site is optimized with the Yoast SEO plugin v27.4 - https:\/\/yoast.com\/product\/yoast-seo-wordpress\/ -->\n<title>Webinar Tappe di Maturazione Femminile | 40, 50, 60+<\/title>\n<meta name=\"description\" content=\"Webinar sulle tappe di maturazione femminile dopo i 40, 50 e 60 anni. Comprendi cosa ti sta accadendo e come direzionare la tua energia\" \/>\n<meta name=\"robots\" content=\"index, follow, max-snippet:-1, max-image-preview:large, max-video-preview:-1\" \/>\n<link rel=\"canonical\" href=\"https:\/\/www.alexandrafrancescadalessandro.com\/es\/prodotto\/webinar-tappe-di-maturazione-femminile\/\" \/>\n<meta property=\"og:locale\" content=\"es_ES\" \/>\n<meta property=\"og:type\" content=\"article\" \/>\n<meta property=\"og:title\" content=\"Webinar Tappe di Maturazione Femminile | 40, 50, 60+\" \/>\n<meta property=\"og:description\" content=\"Webinar sulle tappe di maturazione femminile dopo i 40, 50 e 60 anni. Comprendi cosa ti sta accadendo e come direzionare la tua energia\" \/>\n<meta property=\"og:url\" content=\"https:\/\/www.alexandrafrancescadalessandro.com\/es\/prodotto\/webinar-tappe-di-maturazione-femminile\/\" \/>\n<meta property=\"og:site_name\" content=\"Alexandra Francesca D&#039;Alessandro\" \/>\n<meta property=\"article:modified_time\" content=\"2026-04-23T09:27:35+00:00\" \/>\n<meta property=\"og:image\" content=\"https:\/\/www.alexandrafrancescadalessandro.com\/wp-content\/uploads\/2026\/02\/Prodotti-woocommerce-13.jpg\" \/>\n\t<meta property=\"og:image:width\" content=\"1080\" \/>\n\t<meta property=\"og:image:height\" content=\"1080\" \/>\n\t<meta property=\"og:image:type\" content=\"image\/jpeg\" \/>\n<script type=\"application\/ld+json\" class=\"yoast-schema-graph\">{\"@context\":\"https:\\\/\\\/schema.org\",\"@graph\":[{\"@type\":\"WebPage\",\"@id\":\"https:\\\/\\\/www.alexandrafrancescadalessandro.com\\\/es\\\/prodotto\\\/webinar-tappe-di-maturazione-femminile\\\/\",\"url\":\"https:\\\/\\\/www.alexandrafrancescadalessandro.com\\\/es\\\/prodotto\\\/webinar-tappe-di-maturazione-femminile\\\/\",\"name\":\"Webinar Tappe di Maturazione Femminile | 40, 50, 60+\",\"isPartOf\":{\"@id\":\"https:\\\/\\\/www.alexandrafrancescadalessandro.com\\\/es\\\/#website\"},\"primaryImageOfPage\":{\"@id\":\"https:\\\/\\\/www.alexandrafrancescadalessandro.com\\\/es\\\/prodotto\\\/webinar-tappe-di-maturazione-femminile\\\/#primaryimage\"},\"image\":{\"@id\":\"https:\\\/\\\/www.alexandrafrancescadalessandro.com\\\/es\\\/prodotto\\\/webinar-tappe-di-maturazione-femminile\\\/#primaryimage\"},\"thumbnailUrl\":\"https:\\\/\\\/i0.wp.com\\\/www.alexandrafrancescadalessandro.com\\\/wp-content\\\/uploads\\\/2026\\\/02\\\/Prodotti-woocommerce-13.jpg?fit=1080%2C1080&ssl=1\",\"datePublished\":\"2026-02-08T19:50:04+00:00\",\"dateModified\":\"2026-04-23T09:27:35+00:00\",\"description\":\"Webinar sulle tappe di maturazione femminile dopo i 40, 50 e 60 anni. Comprendi cosa ti sta accadendo e come direzionare la tua energia\",\"breadcrumb\":{\"@id\":\"https:\\\/\\\/www.alexandrafrancescadalessandro.com\\\/es\\\/prodotto\\\/webinar-tappe-di-maturazione-femminile\\\/#breadcrumb\"},\"inLanguage\":\"es\",\"potentialAction\":[{\"@type\":\"ReadAction\",\"target\":[\"https:\\\/\\\/www.alexandrafrancescadalessandro.com\\\/es\\\/prodotto\\\/webinar-tappe-di-maturazione-femminile\\\/\"]}]},{\"@type\":\"ImageObject\",\"inLanguage\":\"es\",\"@id\":\"https:\\\/\\\/www.alexandrafrancescadalessandro.com\\\/es\\\/prodotto\\\/webinar-tappe-di-maturazione-femminile\\\/#primaryimage\",\"url\":\"https:\\\/\\\/i0.wp.com\\\/www.alexandrafrancescadalessandro.com\\\/wp-content\\\/uploads\\\/2026\\\/02\\\/Prodotti-woocommerce-13.jpg?fit=1080%2C1080&ssl=1\",\"contentUrl\":\"https:\\\/\\\/i0.wp.com\\\/www.alexandrafrancescadalessandro.com\\\/wp-content\\\/uploads\\\/2026\\\/02\\\/Prodotti-woocommerce-13.jpg?fit=1080%2C1080&ssl=1\",\"width\":1080,\"height\":1080,\"caption\":\"LE TAPPE DI MATURAZIONE FEMMINILE: 40, 50, 60+\"},{\"@type\":\"BreadcrumbList\",\"@id\":\"https:\\\/\\\/www.alexandrafrancescadalessandro.com\\\/es\\\/prodotto\\\/webinar-tappe-di-maturazione-femminile\\\/#breadcrumb\",\"itemListElement\":[{\"@type\":\"ListItem\",\"position\":1,\"name\":\"Home\",\"item\":\"https:\\\/\\\/www.alexandrafrancescadalessandro.com\\\/es\\\/\"},{\"@type\":\"ListItem\",\"position\":2,\"name\":\"Tienda\",\"item\":\"https:\\\/\\\/www.alexandrafrancescadalessandro.com\\\/negozio\\\/\"},{\"@type\":\"ListItem\",\"position\":3,\"name\":\"Webinar &#8220;Tappe di Maturazione Femminile | 40, 50, 60+&#8221;\"}]},{\"@type\":\"WebSite\",\"@id\":\"https:\\\/\\\/www.alexandrafrancescadalessandro.com\\\/es\\\/#website\",\"url\":\"https:\\\/\\\/www.alexandrafrancescadalessandro.com\\\/es\\\/\",\"name\":\"Alexandra Francesca D'Alessandro | Metamedicina\",\"description\":\"Metamedicina\",\"publisher\":{\"@id\":\"https:\\\/\\\/www.alexandrafrancescadalessandro.com\\\/es\\\/#\\\/schema\\\/person\\\/f48a80179b0d01c8760b023fd9325ab5\"},\"potentialAction\":[{\"@type\":\"SearchAction\",\"target\":{\"@type\":\"EntryPoint\",\"urlTemplate\":\"https:\\\/\\\/www.alexandrafrancescadalessandro.com\\\/es\\\/?s={search_term_string}\"},\"query-input\":{\"@type\":\"PropertyValueSpecification\",\"valueRequired\":true,\"valueName\":\"search_term_string\"}}],\"inLanguage\":\"es\"},{\"@type\":[\"Person\",\"Organization\"],\"@id\":\"https:\\\/\\\/www.alexandrafrancescadalessandro.com\\\/es\\\/#\\\/schema\\\/person\\\/f48a80179b0d01c8760b023fd9325ab5\",\"name\":\"Alexandra Francesca D'Alessandro\",\"image\":{\"@type\":\"ImageObject\",\"inLanguage\":\"es\",\"@id\":\"https:\\\/\\\/www.alexandrafrancescadalessandro.com\\\/wp-content\\\/uploads\\\/2024\\\/06\\\/Writter-by-Alexandra-Francesca-DAlessandro-Author.jpg\",\"url\":\"https:\\\/\\\/www.alexandrafrancescadalessandro.com\\\/wp-content\\\/uploads\\\/2024\\\/06\\\/Writter-by-Alexandra-Francesca-DAlessandro-Author.jpg\",\"contentUrl\":\"https:\\\/\\\/www.alexandrafrancescadalessandro.com\\\/wp-content\\\/uploads\\\/2024\\\/06\\\/Writter-by-Alexandra-Francesca-DAlessandro-Author.jpg\",\"width\":400,\"height\":400,\"caption\":\"Alexandra Francesca D'Alessandro\"},\"logo\":{\"@id\":\"https:\\\/\\\/www.alexandrafrancescadalessandro.com\\\/wp-content\\\/uploads\\\/2024\\\/06\\\/Writter-by-Alexandra-Francesca-DAlessandro-Author.jpg\"},\"sameAs\":[\"https:\\\/\\\/www.alexandrafrancescadalessandro.com\\\/\"]}]}<\/script>\n<!-- \/ Yoast SEO plugin. -->","yoast_head_json":{"title":"Webinar Tappe di Maturazione Femminile | 40, 50, 60+","description":"Webinar sulle tappe di maturazione femminile dopo i 40, 50 e 60 anni. Comprendi cosa ti sta accadendo e come direzionare la tua energia","robots":{"index":"index","follow":"follow","max-snippet":"max-snippet:-1","max-image-preview":"max-image-preview:large","max-video-preview":"max-video-preview:-1"},"canonical":"https:\/\/www.alexandrafrancescadalessandro.com\/es\/prodotto\/webinar-tappe-di-maturazione-femminile\/","og_locale":"es_ES","og_type":"article","og_title":"Webinar Tappe di Maturazione Femminile | 40, 50, 60+","og_description":"Webinar sulle tappe di maturazione femminile dopo i 40, 50 e 60 anni. Comprendi cosa ti sta accadendo e come direzionare la tua energia","og_url":"https:\/\/www.alexandrafrancescadalessandro.com\/es\/prodotto\/webinar-tappe-di-maturazione-femminile\/","og_site_name":"Alexandra Francesca D'Alessandro","article_modified_time":"2026-04-23T09:27:35+00:00","og_image":[{"width":1080,"height":1080,"url":"https:\/\/www.alexandrafrancescadalessandro.com\/wp-content\/uploads\/2026\/02\/Prodotti-woocommerce-13.jpg","type":"image\/jpeg"}],"schema":{"@context":"https:\/\/schema.org","@graph":[{"@type":"WebPage","@id":"https:\/\/www.alexandrafrancescadalessandro.com\/es\/prodotto\/webinar-tappe-di-maturazione-femminile\/","url":"https:\/\/www.alexandrafrancescadalessandro.com\/es\/prodotto\/webinar-tappe-di-maturazione-femminile\/","name":"Webinar Tappe di Maturazione Femminile | 40, 50, 60+","isPartOf":{"@id":"https:\/\/www.alexandrafrancescadalessandro.com\/es\/#website"},"primaryImageOfPage":{"@id":"https:\/\/www.alexandrafrancescadalessandro.com\/es\/prodotto\/webinar-tappe-di-maturazione-femminile\/#primaryimage"},"image":{"@id":"https:\/\/www.alexandrafrancescadalessandro.com\/es\/prodotto\/webinar-tappe-di-maturazione-femminile\/#primaryimage"},"thumbnailUrl":"https:\/\/i0.wp.com\/www.alexandrafrancescadalessandro.com\/wp-content\/uploads\/2026\/02\/Prodotti-woocommerce-13.jpg?fit=1080%2C1080&ssl=1","datePublished":"2026-02-08T19:50:04+00:00","dateModified":"2026-04-23T09:27:35+00:00","description":"Webinar sulle tappe di maturazione femminile dopo i 40, 50 e 60 anni. Comprendi cosa ti sta accadendo e come direzionare la tua energia","breadcrumb":{"@id":"https:\/\/www.alexandrafrancescadalessandro.com\/es\/prodotto\/webinar-tappe-di-maturazione-femminile\/#breadcrumb"},"inLanguage":"es","potentialAction":[{"@type":"ReadAction","target":["https:\/\/www.alexandrafrancescadalessandro.com\/es\/prodotto\/webinar-tappe-di-maturazione-femminile\/"]}]},{"@type":"ImageObject","inLanguage":"es","@id":"https:\/\/www.alexandrafrancescadalessandro.com\/es\/prodotto\/webinar-tappe-di-maturazione-femminile\/#primaryimage","url":"https:\/\/i0.wp.com\/www.alexandrafrancescadalessandro.com\/wp-content\/uploads\/2026\/02\/Prodotti-woocommerce-13.jpg?fit=1080%2C1080&ssl=1","contentUrl":"https:\/\/i0.wp.com\/www.alexandrafrancescadalessandro.com\/wp-content\/uploads\/2026\/02\/Prodotti-woocommerce-13.jpg?fit=1080%2C1080&ssl=1","width":1080,"height":1080,"caption":"LE TAPPE DI MATURAZIONE FEMMINILE: 40, 50, 60+"},{"@type":"BreadcrumbList","@id":"https:\/\/www.alexandrafrancescadalessandro.com\/es\/prodotto\/webinar-tappe-di-maturazione-femminile\/#breadcrumb","itemListElement":[{"@type":"ListItem","position":1,"name":"Home","item":"https:\/\/www.alexandrafrancescadalessandro.com\/es\/"},{"@type":"ListItem","position":2,"name":"Tienda","item":"https:\/\/www.alexandrafrancescadalessandro.com\/negozio\/"},{"@type":"ListItem","position":3,"name":"Webinar &#8220;Tappe di Maturazione Femminile | 40, 50, 60+&#8221;"}]},{"@type":"WebSite","@id":"https:\/\/www.alexandrafrancescadalessandro.com\/es\/#website","url":"https:\/\/www.alexandrafrancescadalessandro.com\/es\/","name":"Alexandra Francesca D'Alessandro | Metamedicina","description":"Metamedicina","publisher":{"@id":"https:\/\/www.alexandrafrancescadalessandro.com\/es\/#\/schema\/person\/f48a80179b0d01c8760b023fd9325ab5"},"potentialAction":[{"@type":"SearchAction","target":{"@type":"EntryPoint","urlTemplate":"https:\/\/www.alexandrafrancescadalessandro.com\/es\/?s={search_term_string}"},"query-input":{"@type":"PropertyValueSpecification","valueRequired":true,"valueName":"search_term_string"}}],"inLanguage":"es"},{"@type":["Person","Organization"],"@id":"https:\/\/www.alexandrafrancescadalessandro.com\/es\/#\/schema\/person\/f48a80179b0d01c8760b023fd9325ab5","name":"Alexandra Francesca D'Alessandro","image":{"@type":"ImageObject","inLanguage":"es","@id":"https:\/\/www.alexandrafrancescadalessandro.com\/wp-content\/uploads\/2024\/06\/Writter-by-Alexandra-Francesca-DAlessandro-Author.jpg","url":"https:\/\/www.alexandrafrancescadalessandro.com\/wp-content\/uploads\/2024\/06\/Writter-by-Alexandra-Francesca-DAlessandro-Author.jpg","contentUrl":"https:\/\/www.alexandrafrancescadalessandro.com\/wp-content\/uploads\/2024\/06\/Writter-by-Alexandra-Francesca-DAlessandro-Author.jpg","width":400,"height":400,"caption":"Alexandra Francesca D'Alessandro"},"logo":{"@id":"https:\/\/www.alexandrafrancescadalessandro.com\/wp-content\/uploads\/2024\/06\/Writter-by-Alexandra-Francesca-DAlessandro-Author.jpg"},"sameAs":["https:\/\/www.alexandrafrancescadalessandro.com\/"]}]}},"jetpack-related-posts":[],"jetpack_sharing_enabled":true,"_links":{"self":[{"href":"https:\/\/www.alexandrafrancescadalessandro.com\/es\/wp-json\/wp\/v2\/product\/7523","targetHints":{"allow":["GET"]}}],"collection":[{"href":"https:\/\/www.alexandrafrancescadalessandro.com\/es\/wp-json\/wp\/v2\/product"}],"about":[{"href":"https:\/\/www.alexandrafrancescadalessandro.com\/es\/wp-json\/wp\/v2\/types\/product"}],"wp:featuredmedia":[{"embeddable":true,"href":"https:\/\/www.alexandrafrancescadalessandro.com\/es\/wp-json\/wp\/v2\/media\/7524"}],"wp:attachment":[{"href":"https:\/\/www.alexandrafrancescadalessandro.com\/es\/wp-json\/wp\/v2\/media?parent=7523"}],"wp:term":[{"taxonomy":"product_brand","embeddable":true,"href":"https:\/\/www.alexandrafrancescadalessandro.com\/es\/wp-json\/wp\/v2\/product_brand?post=7523"},{"taxonomy":"product_cat","embeddable":true,"href":"https:\/\/www.alexandrafrancescadalessandro.com\/es\/wp-json\/wp\/v2\/product_cat?post=7523"},{"taxonomy":"product_tag","embeddable":true,"href":"https:\/\/www.alexandrafrancescadalessandro.com\/es\/wp-json\/wp\/v2\/product_tag?post=7523"}],"curies":[{"name":"wp","href":"https:\/\/api.w.org\/{rel}","templated":true}]}}