{"id":6536,"date":"2024-12-09T17:34:34","date_gmt":"2024-12-09T16:34:34","guid":{"rendered":"https:\/\/www.alexandrafrancescadalessandro.com\/?post_type=product&#038;p=6536"},"modified":"2026-01-25T20:15:03","modified_gmt":"2026-01-25T19:15:03","slug":"pura-vida-retreat-vivi-lessenza-della-vita-in-5-giorni","status":"publish","type":"product","link":"https:\/\/www.alexandrafrancescadalessandro.com\/es\/prodotto\/pura-vida-retreat-vivi-lessenza-della-vita-in-5-giorni\/","title":{"rendered":"PURA VIDA retreat &#8211; vivi l&#8217;essenza della vita in 5 giorni"},"content":{"rendered":"<p>PURA VIDA retreat &#8211; vivi l&#8217;essenza della vita in 5 giorni<\/p>\n<p>Scopri il potere trasformativo del <strong>PURA VIDA Retreat<\/strong>, un&#8217;esperienza intensiva di 5 giorni progettata per aiutarti a <strong>connetterti con ci\u00f2 che davvero ti nutre, ti ispira e ti mantiene vivo. <\/strong><\/p>\n<p><strong>PURA VIDA<\/strong><br \/>\nCome tutti i retreat che propongo, \u00e8 riservato ai clienti che stanno gi\u00e0 seguendo un percorso ( o lo hanno seguito) ed \u00e8 accessibile solo su invito.<\/p>\n<p>Mi piace creare retreat \u00absu misura\u00bb, connettendomi profondamente al gruppo per offrire un\u2019esperienza unica e significativa.<\/p>\n<p>I retreat rappresentano per me uno strumento importante per:<br \/>\n&#8211;<strong>\u00a0abbracciarci dal vivo<\/strong>\u00a0dopo tante condivisioni online.<br \/>\n&#8211; <strong>dare continuit\u00e0 e coerenza<\/strong> al tuo percorso, integrando ci\u00f2 che hai gi\u00e0 appreso.<br \/>\n&#8211; permetterti di <strong>lavorare con persone allineate<\/strong>, con un livello di consapevolezza e comprensione simile al tuo, rendendo il retreat pi\u00f9 fluido e intenso.<br \/>\n&#8211; offrirti un\u2019<strong>esperienza pi\u00f9 profonda e personalizzata<\/strong>, cucita sui tuoi bisogni e sul lavoro svolto insieme.<br \/>\n&#8211; <strong>massimizzare<\/strong> il valore dell\u2019esperienza, creando connessioni autentiche e trasformative.<br \/>\n&#8211; <strong>godere della fiducia reciproca<\/strong>\u00a0costruita nel nostro percorso, che ci consente di esplorare temi pi\u00f9 profondi senza barriere emotive o riserve.<\/p>\n<p>Cosa ti aspetta:<br \/>\n&#8211; Esplorazione outdoor: vivi l&#8217;incanto dell&#8217;isola dell&#8217;eterna primavera<br \/>\n&#8211; Esplorazione interiore: lasciati accompagnare alla scoperta di cosa rappresenta per te la \u00abpura vida\u00bb.<br \/>\n&#8211; Integrazione profonda: acqiuisici strumenti per portare questa esperienza unica nella tua quotidianit\u00e0, trasformandola in una<strong> fonte di ispirazione duratura.<\/strong><\/p>\n<p>Perch\u00e9 partecipare?<br \/>\n&#8211; Ideale per chi ha poco tempo ma desidera vivere un&#8217;esperienza profonda e significativa**<br \/>\n&#8211; Un&#8217;occasione per rigenerarti e ritrovare chiarezza sul tuo percorso personale<br \/>\n&#8211; Un mix perfetto di esplorazione dentro\/fuori<\/p>\n<p>** I retreat che confeziono sono normalmente da 8 gg, ma vista la richiesta di un \u00abritiro concentrato\u00bb che possa co-esistere con i tanti impegni lavorativi e familiari, lancio questa versione \u00abtotalmente impervia\u00bb da 5gg.<\/p>\n<p>Vieni a scoprire come ci si sente a contattare la <strong>pura vida <\/strong>e come le nuove consapevolezze potranno <strong>arricchire la tua vita di tutti i giorni<\/strong>, offrendoti una prospettiva nuova e una connessione profonda con te stesso e il mondo che ti circonda.<\/p>\n<p>\ud83d\udcc5 Date: <strong>SCRIVIMI PER RICEVERE IL CALENDARIO AGGIORNATO\u00a0<\/strong><br \/>\n\ud83d\udccd Fuerteventura : avremo una location esclusiva selezionata ad hoc per questo ritiro<br \/>\n\ud83d\udcbc Incluso: Alloggio, colazioni e cene, programma intensivo, attivit\u00e0 guidate, escursioni, materiali, e tanto altro (volo escluso*)<\/p>\n<p>Prezzo: DIPENDENDO DALLE DATE<\/p>\n<p>Posti limitati &#8211; <strong>Riservato ai clienti in percorso<\/strong><\/p>\n<p>Voli diretti da Milano MPX, Bergamo, Bologna, Pisa, Roma<\/p>\n<p>\u27a1\ufe0f Prenota subito il tuo posto e inizia il tuo viaggio verso la tua pura vita!<\/p>\n","protected":false},"excerpt":{"rendered":"<p>Scopri il PURA VIDA Retreat, un&#8217;esperienza intensiva di 5 giorni per connetterti con ci\u00f2 che davvero ti nutre e ispira. Un viaggio unico per vivere appieno il significato di \u00abpura vida\u00bb e portare con te nuova energia e consapevolezza nel quotidiano. Riservato ai clienti in percorso. Posti limitati.<\/p>\n","protected":false},"featured_media":6537,"template":"","meta":{"_et_pb_use_builder":"","_et_pb_old_content":"","_et_gb_content_width":""},"product_brand":[],"product_cat":[22],"product_tag":[30,52,1156,1145,1151,396,402,1165,1105,399,1113],"class_list":{"0":"post-6536","1":"product","2":"type-product","3":"status-publish","4":"has-post-thumbnail","6":"product_cat-retreat-cat","7":"product_tag-abbondanza","8":"product_tag-autoconsapevolezza","9":"product_tag-autoscoperta","10":"product_tag-benessere-olistico","11":"product_tag-equilibrio-corpo-mente-spirito","12":"product_tag-liberta","13":"product_tag-retreat","14":"product_tag-riconnettersi-alla-vita","15":"product_tag-ritiro-personalizzato","16":"product_tag-spiritualita","17":"product_tag-vacanza-benessere","19":"first","20":"instock","21":"virtual","22":"purchasable","23":"product-type-simple"},"yoast_head":"<!-- This site is optimized with the Yoast SEO plugin v27.4 - https:\/\/yoast.com\/product\/yoast-seo-wordpress\/ -->\n<title>PURA VIDA retreat - vivi l&#039;essenza della vita in 5 giorni | Alexandra Francesca D&#039;Alessandro<\/title>\n<meta name=\"description\" content=\"Partecipa al PURA VIDA Retreat, 5 giorni per scoprire cosa significa davvero vivere la pura vida:escursioni, lab di connessione profonda.\" \/>\n<meta name=\"robots\" content=\"index, follow, max-snippet:-1, max-image-preview:large, max-video-preview:-1\" \/>\n<link rel=\"canonical\" href=\"https:\/\/www.alexandrafrancescadalessandro.com\/es\/prodotto\/pura-vida-retreat-vivi-lessenza-della-vita-in-5-giorni\/\" \/>\n<meta property=\"og:locale\" content=\"es_ES\" \/>\n<meta property=\"og:type\" content=\"article\" \/>\n<meta property=\"og:title\" content=\"PURA VIDA retreat - vivi l&#039;essenza della vita in 5 giorni | Alexandra Francesca D&#039;Alessandro\" \/>\n<meta property=\"og:description\" content=\"Partecipa al PURA VIDA Retreat, 5 giorni per scoprire cosa significa davvero vivere la pura vida:escursioni, lab di connessione profonda.\" \/>\n<meta property=\"og:url\" content=\"https:\/\/www.alexandrafrancescadalessandro.com\/es\/prodotto\/pura-vida-retreat-vivi-lessenza-della-vita-in-5-giorni\/\" \/>\n<meta property=\"og:site_name\" content=\"Alexandra Francesca D&#039;Alessandro\" \/>\n<meta property=\"article:modified_time\" content=\"2026-01-25T19:15:03+00:00\" \/>\n<meta property=\"og:image\" content=\"https:\/\/www.alexandrafrancescadalessandro.com\/wp-content\/uploads\/2024\/12\/pura-vida.jpg\" \/>\n\t<meta property=\"og:image:width\" content=\"1080\" \/>\n\t<meta property=\"og:image:height\" content=\"1080\" \/>\n\t<meta property=\"og:image:type\" content=\"image\/jpeg\" \/>\n<script type=\"application\/ld+json\" class=\"yoast-schema-graph\">{\"@context\":\"https:\\\/\\\/schema.org\",\"@graph\":[{\"@type\":\"WebPage\",\"@id\":\"https:\\\/\\\/www.alexandrafrancescadalessandro.com\\\/es\\\/prodotto\\\/pura-vida-retreat-vivi-lessenza-della-vita-in-5-giorni\\\/\",\"url\":\"https:\\\/\\\/www.alexandrafrancescadalessandro.com\\\/es\\\/prodotto\\\/pura-vida-retreat-vivi-lessenza-della-vita-in-5-giorni\\\/\",\"name\":\"PURA VIDA retreat - vivi l'essenza della vita in 5 giorni | Alexandra Francesca D'Alessandro\",\"isPartOf\":{\"@id\":\"https:\\\/\\\/www.alexandrafrancescadalessandro.com\\\/es\\\/#website\"},\"primaryImageOfPage\":{\"@id\":\"https:\\\/\\\/www.alexandrafrancescadalessandro.com\\\/es\\\/prodotto\\\/pura-vida-retreat-vivi-lessenza-della-vita-in-5-giorni\\\/#primaryimage\"},\"image\":{\"@id\":\"https:\\\/\\\/www.alexandrafrancescadalessandro.com\\\/es\\\/prodotto\\\/pura-vida-retreat-vivi-lessenza-della-vita-in-5-giorni\\\/#primaryimage\"},\"thumbnailUrl\":\"https:\\\/\\\/i0.wp.com\\\/www.alexandrafrancescadalessandro.com\\\/wp-content\\\/uploads\\\/2024\\\/12\\\/pura-vida.jpg?fit=1080%2C1080&ssl=1\",\"datePublished\":\"2024-12-09T16:34:34+00:00\",\"dateModified\":\"2026-01-25T19:15:03+00:00\",\"description\":\"Partecipa al PURA VIDA Retreat, 5 giorni per scoprire cosa significa davvero vivere la pura vida:escursioni, lab di connessione profonda.\",\"breadcrumb\":{\"@id\":\"https:\\\/\\\/www.alexandrafrancescadalessandro.com\\\/es\\\/prodotto\\\/pura-vida-retreat-vivi-lessenza-della-vita-in-5-giorni\\\/#breadcrumb\"},\"inLanguage\":\"es\",\"potentialAction\":[{\"@type\":\"ReadAction\",\"target\":[\"https:\\\/\\\/www.alexandrafrancescadalessandro.com\\\/es\\\/prodotto\\\/pura-vida-retreat-vivi-lessenza-della-vita-in-5-giorni\\\/\"]}]},{\"@type\":\"ImageObject\",\"inLanguage\":\"es\",\"@id\":\"https:\\\/\\\/www.alexandrafrancescadalessandro.com\\\/es\\\/prodotto\\\/pura-vida-retreat-vivi-lessenza-della-vita-in-5-giorni\\\/#primaryimage\",\"url\":\"https:\\\/\\\/i0.wp.com\\\/www.alexandrafrancescadalessandro.com\\\/wp-content\\\/uploads\\\/2024\\\/12\\\/pura-vida.jpg?fit=1080%2C1080&ssl=1\",\"contentUrl\":\"https:\\\/\\\/i0.wp.com\\\/www.alexandrafrancescadalessandro.com\\\/wp-content\\\/uploads\\\/2024\\\/12\\\/pura-vida.jpg?fit=1080%2C1080&ssl=1\",\"width\":1080,\"height\":1080,\"caption\":\"PURA VIDA RETREAT\"},{\"@type\":\"BreadcrumbList\",\"@id\":\"https:\\\/\\\/www.alexandrafrancescadalessandro.com\\\/es\\\/prodotto\\\/pura-vida-retreat-vivi-lessenza-della-vita-in-5-giorni\\\/#breadcrumb\",\"itemListElement\":[{\"@type\":\"ListItem\",\"position\":1,\"name\":\"Home\",\"item\":\"https:\\\/\\\/www.alexandrafrancescadalessandro.com\\\/es\\\/\"},{\"@type\":\"ListItem\",\"position\":2,\"name\":\"Tienda\",\"item\":\"https:\\\/\\\/www.alexandrafrancescadalessandro.com\\\/negozio\\\/\"},{\"@type\":\"ListItem\",\"position\":3,\"name\":\"PURA VIDA retreat &#8211; vivi l&#8217;essenza della vita in 5 giorni\"}]},{\"@type\":\"WebSite\",\"@id\":\"https:\\\/\\\/www.alexandrafrancescadalessandro.com\\\/es\\\/#website\",\"url\":\"https:\\\/\\\/www.alexandrafrancescadalessandro.com\\\/es\\\/\",\"name\":\"Alexandra Francesca D'Alessandro | Metamedicina\",\"description\":\"Metamedicina\",\"publisher\":{\"@id\":\"https:\\\/\\\/www.alexandrafrancescadalessandro.com\\\/es\\\/#\\\/schema\\\/person\\\/f48a80179b0d01c8760b023fd9325ab5\"},\"potentialAction\":[{\"@type\":\"SearchAction\",\"target\":{\"@type\":\"EntryPoint\",\"urlTemplate\":\"https:\\\/\\\/www.alexandrafrancescadalessandro.com\\\/es\\\/?s={search_term_string}\"},\"query-input\":{\"@type\":\"PropertyValueSpecification\",\"valueRequired\":true,\"valueName\":\"search_term_string\"}}],\"inLanguage\":\"es\"},{\"@type\":[\"Person\",\"Organization\"],\"@id\":\"https:\\\/\\\/www.alexandrafrancescadalessandro.com\\\/es\\\/#\\\/schema\\\/person\\\/f48a80179b0d01c8760b023fd9325ab5\",\"name\":\"Alexandra Francesca D'Alessandro\",\"image\":{\"@type\":\"ImageObject\",\"inLanguage\":\"es\",\"@id\":\"https:\\\/\\\/www.alexandrafrancescadalessandro.com\\\/wp-content\\\/uploads\\\/2024\\\/06\\\/Writter-by-Alexandra-Francesca-DAlessandro-Author.jpg\",\"url\":\"https:\\\/\\\/www.alexandrafrancescadalessandro.com\\\/wp-content\\\/uploads\\\/2024\\\/06\\\/Writter-by-Alexandra-Francesca-DAlessandro-Author.jpg\",\"contentUrl\":\"https:\\\/\\\/www.alexandrafrancescadalessandro.com\\\/wp-content\\\/uploads\\\/2024\\\/06\\\/Writter-by-Alexandra-Francesca-DAlessandro-Author.jpg\",\"width\":400,\"height\":400,\"caption\":\"Alexandra Francesca D'Alessandro\"},\"logo\":{\"@id\":\"https:\\\/\\\/www.alexandrafrancescadalessandro.com\\\/wp-content\\\/uploads\\\/2024\\\/06\\\/Writter-by-Alexandra-Francesca-DAlessandro-Author.jpg\"},\"sameAs\":[\"https:\\\/\\\/www.alexandrafrancescadalessandro.com\\\/\"]}]}<\/script>\n<!-- \/ Yoast SEO plugin. -->","yoast_head_json":{"title":"PURA VIDA retreat - vivi l'essenza della vita in 5 giorni | Alexandra Francesca D'Alessandro","description":"Partecipa al PURA VIDA Retreat, 5 giorni per scoprire cosa significa davvero vivere la pura vida:escursioni, lab di connessione profonda.","robots":{"index":"index","follow":"follow","max-snippet":"max-snippet:-1","max-image-preview":"max-image-preview:large","max-video-preview":"max-video-preview:-1"},"canonical":"https:\/\/www.alexandrafrancescadalessandro.com\/es\/prodotto\/pura-vida-retreat-vivi-lessenza-della-vita-in-5-giorni\/","og_locale":"es_ES","og_type":"article","og_title":"PURA VIDA retreat - vivi l'essenza della vita in 5 giorni | Alexandra Francesca D'Alessandro","og_description":"Partecipa al PURA VIDA Retreat, 5 giorni per scoprire cosa significa davvero vivere la pura vida:escursioni, lab di connessione profonda.","og_url":"https:\/\/www.alexandrafrancescadalessandro.com\/es\/prodotto\/pura-vida-retreat-vivi-lessenza-della-vita-in-5-giorni\/","og_site_name":"Alexandra Francesca D'Alessandro","article_modified_time":"2026-01-25T19:15:03+00:00","og_image":[{"width":1080,"height":1080,"url":"https:\/\/www.alexandrafrancescadalessandro.com\/wp-content\/uploads\/2024\/12\/pura-vida.jpg","type":"image\/jpeg"}],"schema":{"@context":"https:\/\/schema.org","@graph":[{"@type":"WebPage","@id":"https:\/\/www.alexandrafrancescadalessandro.com\/es\/prodotto\/pura-vida-retreat-vivi-lessenza-della-vita-in-5-giorni\/","url":"https:\/\/www.alexandrafrancescadalessandro.com\/es\/prodotto\/pura-vida-retreat-vivi-lessenza-della-vita-in-5-giorni\/","name":"PURA VIDA retreat - vivi l'essenza della vita in 5 giorni | Alexandra Francesca D'Alessandro","isPartOf":{"@id":"https:\/\/www.alexandrafrancescadalessandro.com\/es\/#website"},"primaryImageOfPage":{"@id":"https:\/\/www.alexandrafrancescadalessandro.com\/es\/prodotto\/pura-vida-retreat-vivi-lessenza-della-vita-in-5-giorni\/#primaryimage"},"image":{"@id":"https:\/\/www.alexandrafrancescadalessandro.com\/es\/prodotto\/pura-vida-retreat-vivi-lessenza-della-vita-in-5-giorni\/#primaryimage"},"thumbnailUrl":"https:\/\/i0.wp.com\/www.alexandrafrancescadalessandro.com\/wp-content\/uploads\/2024\/12\/pura-vida.jpg?fit=1080%2C1080&ssl=1","datePublished":"2024-12-09T16:34:34+00:00","dateModified":"2026-01-25T19:15:03+00:00","description":"Partecipa al PURA VIDA Retreat, 5 giorni per scoprire cosa significa davvero vivere la pura vida:escursioni, lab di connessione profonda.","breadcrumb":{"@id":"https:\/\/www.alexandrafrancescadalessandro.com\/es\/prodotto\/pura-vida-retreat-vivi-lessenza-della-vita-in-5-giorni\/#breadcrumb"},"inLanguage":"es","potentialAction":[{"@type":"ReadAction","target":["https:\/\/www.alexandrafrancescadalessandro.com\/es\/prodotto\/pura-vida-retreat-vivi-lessenza-della-vita-in-5-giorni\/"]}]},{"@type":"ImageObject","inLanguage":"es","@id":"https:\/\/www.alexandrafrancescadalessandro.com\/es\/prodotto\/pura-vida-retreat-vivi-lessenza-della-vita-in-5-giorni\/#primaryimage","url":"https:\/\/i0.wp.com\/www.alexandrafrancescadalessandro.com\/wp-content\/uploads\/2024\/12\/pura-vida.jpg?fit=1080%2C1080&ssl=1","contentUrl":"https:\/\/i0.wp.com\/www.alexandrafrancescadalessandro.com\/wp-content\/uploads\/2024\/12\/pura-vida.jpg?fit=1080%2C1080&ssl=1","width":1080,"height":1080,"caption":"PURA VIDA RETREAT"},{"@type":"BreadcrumbList","@id":"https:\/\/www.alexandrafrancescadalessandro.com\/es\/prodotto\/pura-vida-retreat-vivi-lessenza-della-vita-in-5-giorni\/#breadcrumb","itemListElement":[{"@type":"ListItem","position":1,"name":"Home","item":"https:\/\/www.alexandrafrancescadalessandro.com\/es\/"},{"@type":"ListItem","position":2,"name":"Tienda","item":"https:\/\/www.alexandrafrancescadalessandro.com\/negozio\/"},{"@type":"ListItem","position":3,"name":"PURA VIDA retreat &#8211; vivi l&#8217;essenza della vita in 5 giorni"}]},{"@type":"WebSite","@id":"https:\/\/www.alexandrafrancescadalessandro.com\/es\/#website","url":"https:\/\/www.alexandrafrancescadalessandro.com\/es\/","name":"Alexandra Francesca D'Alessandro | Metamedicina","description":"Metamedicina","publisher":{"@id":"https:\/\/www.alexandrafrancescadalessandro.com\/es\/#\/schema\/person\/f48a80179b0d01c8760b023fd9325ab5"},"potentialAction":[{"@type":"SearchAction","target":{"@type":"EntryPoint","urlTemplate":"https:\/\/www.alexandrafrancescadalessandro.com\/es\/?s={search_term_string}"},"query-input":{"@type":"PropertyValueSpecification","valueRequired":true,"valueName":"search_term_string"}}],"inLanguage":"es"},{"@type":["Person","Organization"],"@id":"https:\/\/www.alexandrafrancescadalessandro.com\/es\/#\/schema\/person\/f48a80179b0d01c8760b023fd9325ab5","name":"Alexandra Francesca D'Alessandro","image":{"@type":"ImageObject","inLanguage":"es","@id":"https:\/\/www.alexandrafrancescadalessandro.com\/wp-content\/uploads\/2024\/06\/Writter-by-Alexandra-Francesca-DAlessandro-Author.jpg","url":"https:\/\/www.alexandrafrancescadalessandro.com\/wp-content\/uploads\/2024\/06\/Writter-by-Alexandra-Francesca-DAlessandro-Author.jpg","contentUrl":"https:\/\/www.alexandrafrancescadalessandro.com\/wp-content\/uploads\/2024\/06\/Writter-by-Alexandra-Francesca-DAlessandro-Author.jpg","width":400,"height":400,"caption":"Alexandra Francesca D'Alessandro"},"logo":{"@id":"https:\/\/www.alexandrafrancescadalessandro.com\/wp-content\/uploads\/2024\/06\/Writter-by-Alexandra-Francesca-DAlessandro-Author.jpg"},"sameAs":["https:\/\/www.alexandrafrancescadalessandro.com\/"]}]}},"jetpack-related-posts":[],"jetpack_sharing_enabled":true,"_links":{"self":[{"href":"https:\/\/www.alexandrafrancescadalessandro.com\/es\/wp-json\/wp\/v2\/product\/6536","targetHints":{"allow":["GET"]}}],"collection":[{"href":"https:\/\/www.alexandrafrancescadalessandro.com\/es\/wp-json\/wp\/v2\/product"}],"about":[{"href":"https:\/\/www.alexandrafrancescadalessandro.com\/es\/wp-json\/wp\/v2\/types\/product"}],"wp:featuredmedia":[{"embeddable":true,"href":"https:\/\/www.alexandrafrancescadalessandro.com\/es\/wp-json\/wp\/v2\/media\/6537"}],"wp:attachment":[{"href":"https:\/\/www.alexandrafrancescadalessandro.com\/es\/wp-json\/wp\/v2\/media?parent=6536"}],"wp:term":[{"taxonomy":"product_brand","embeddable":true,"href":"https:\/\/www.alexandrafrancescadalessandro.com\/es\/wp-json\/wp\/v2\/product_brand?post=6536"},{"taxonomy":"product_cat","embeddable":true,"href":"https:\/\/www.alexandrafrancescadalessandro.com\/es\/wp-json\/wp\/v2\/product_cat?post=6536"},{"taxonomy":"product_tag","embeddable":true,"href":"https:\/\/www.alexandrafrancescadalessandro.com\/es\/wp-json\/wp\/v2\/product_tag?post=6536"}],"curies":[{"name":"wp","href":"https:\/\/api.w.org\/{rel}","templated":true}]}}