{"id":6486,"date":"2024-09-27T18:59:37","date_gmt":"2024-09-27T16:59:37","guid":{"rendered":"https:\/\/www.alexandrafrancescadalessandro.com\/?post_type=product&#038;p=6486"},"modified":"2024-10-14T10:06:41","modified_gmt":"2024-10-14T08:06:41","slug":"la-forza-femminile-secondo-la-ruota-degli-archetipi-femminili-masterclass","status":"publish","type":"product","link":"https:\/\/www.alexandrafrancescadalessandro.com\/es\/prodotto\/la-forza-femminile-secondo-la-ruota-degli-archetipi-femminili-masterclass\/","title":{"rendered":"La forza femminile secondo la ruota degli archetipi femminili &#8211; Masterclass"},"content":{"rendered":"<p>La Ruota degli Archetipi Femminili \u00e8 uno strumento simbolico che rappresenta diversi aspetti dell&#8217;energia femminile attraverso archetipi, ovvero figure universali che incarnano modelli di comportamento, emozioni e potenzialit\u00e0.<\/p>\n<p><strong>Ogni archetipo rappresenta un particolare tipo di forza, vulnerabilit\u00e0 e crescita.<\/strong><\/p>\n<p>Gli archetipi sono stati introdotti originariamente da Carl Jung, uno dei fondatori della psicologia analitica, come immagini collettive e simboli presenti nell&#8217;inconscio umano, e da l\u00ec nasce l&#8217;idea di archetipi femminili specifici.<\/p>\n<p>L&#8217;origine della \u00abRuota\u00bb si collega alla ciclicit\u00e0 e alla connessione con il ritmo naturale della vita, che \u00e8 particolarmente significativo nelle culture antiche legate al culto della natura e delle divinit\u00e0 femminili.<\/p>\n<p>Le diverse culture (come quella greca, romana, indiana, ecc.) presentano divinit\u00e0 e figure femminili che rappresentano vari ruoli, emozioni e fasi della vita, spesso usati per creare modelli archetipici.<\/p>\n<p><strong>In questa Masterclass useremo la Ruota degli Archetipi Femminili per esplorare nello specifico il tema della FORZA DEL FEMMINILE<\/strong>, per comprendere a fondo <strong>quanti tipi di forza abitano dentro ogni donna<\/strong>, come non confonderla o metterla in competizione con la forza maschile, come accedere alle migliori risorse nei momenti giusti.<\/p>\n<p>Ognuna di noi ha gi\u00e0 la sua dote completa, ma non tutti gli archetipi sono conosciuti e richiamati quindi spesso abbiamo la sensazione di poter contare solo su alcuni \u00abaspetti\/modalit\u00e0\/schemi\u00bb di forza, in modo ripetitivo ed esaurente, ignorando l&#8217;immenso patrimonio di cui realmente disponiamo.<\/p>\n<p>Ci affidiamo alla forza di volont\u00e0, alla forza della disperazione, alla forza per dovere e non contattiamo la forza autentica e poderosa.<\/p>\n<p>Attraverso questa Masterclass otterrai:<\/p>\n<p>1. <strong>Maggiore consapevolezza della tua natura femminile<\/strong>: conoscerai finalmente i principali archetipi della ruota del femminile in generale e nello specifico tema della forza<\/p>\n<p>2. <strong>Autocononoscenza<\/strong>: riconoscerai quali archetipi sono stati dominanti in un certo momento della loro vita, e quali archetipi potresti aver trascurato o tenuto bloccati.<\/p>\n<p>3. <strong>Strumenti di autoguarigione<\/strong>; comprenderai i ruoli e le dinamiche che hai portato e porti nelle relazioni, nella carriera e nella crescita personale, ti aiuter\u00e0 a portare in equilibrio il tuo femminile.<\/p>\n<p>4. <strong>Connessione tra spirito e materia <\/strong>: imparerai l&#8217;importanza di connetterti con aspetti spirituali e materiali della femminilit\u00e0<\/p>\n<p>5. <strong>Equilibrio e armonia nella relazione con il maschile<\/strong> : avrai strumenti per equilibrare il femminile dentro di te, con un impatto profondo anche sulle tue relazioni con il maschile, sia nelle relazioni interpersonali che dentro di te.<\/p>\n<p><strong>Attraverso il lavoro di riconoscimento e integrazione della forza espressa dagli archetipi, si impara a bilanciare la propria energia, abbracciando tutte le espressioni della femminilit\u00e0.<\/strong><\/p>\n<p>Questo porta a una sensazione di interezza e potere interiore, una consapevolezza profonda del proprio valore e del proprio spazio nel mondo.<\/p>\n<h4><strong>Perch\u00e9 la masterclass sul femminile \u00e8 preziosa anche per gli uomini?<\/strong><\/h4>\n<p>1. <strong>Per comprendere e valorizzare l&#8217;energia femminile<\/strong><br \/>\nOgni uomo pu\u00f2 beneficiare della conoscenza degli archetipi femminili per sviluppare maggiore consapevolezza e rispetto per le dinamiche dell\u2019energia femminile.<\/p>\n<p>Comprendere da dentro \u00abcome sono fatte le donne\u00bb \u00e8 fondamentale per poter riconoscere nelle proprie compagne, ma anche dentro di s\u00e8, un grande quantit\u00e0 di energie tanto sconosciute quanto fondamentali per una esistenza di qualit\u00e0.<\/p>\n<p>2. <strong>Per equilibrare la propria energia interiore<\/strong><br \/>\nGli uomini non sono solo portatori di energia maschile; ognuno ha anche un aspetto femminile che, se represso o non compreso, pu\u00f2 causare squilibri, rigidit\u00e0 e difficolt\u00e0 nel connettersi emotivamente. Conoscere gli archetipi femminili li aiuta a esplorare e integrare il proprio lato ricettivo, empatico e intuitivo, creando un equilibrio interiore che migliora la loro vita emotiva e spirituale.<\/p>\n<p>3. <strong>Per migliorare le relazioni con le donne\u00a0<\/strong><br \/>\nComprendere gli archetipi femminili consente agli uomini di relazionarsi meglio con le donne, siano esse partner, amiche, colleghe o familiari. Sapere in quali fasi della vita o della ruota si trova la donna che hanno accanto pu\u00f2 aiutarli a interagire in modo pi\u00f9 consapevole e rispettoso, permette una comunicazione pi\u00f9 empatica e la costruzione di relazioni pi\u00f9 armoniose.<\/p>\n<p>4. <strong>Per superare i pregiudizi culturali<\/strong><br \/>\nMolti uomini crescono in ambienti dove l\u2019espressione dell\u2019emotivit\u00e0 e della vulnerabilit\u00e0 viene scoraggiata. Conoscere l\u2019energia femminile attraverso i suoi archetipi li aiuta a superare questi condizionamenti culturali, favorendo una maggiore apertura emotiva e la possibilit\u00e0 di connettersi pi\u00f9 autenticamente con se stessi e con gli altri.<\/p>\n<h4><strong>Perch\u00e9 le donne dovrebbero partecipare alla prossima Masterclass sugli archetipi maschili?<\/strong><\/h4>\n<p><a href=\"https:\/\/www.alexandrafrancescadalessandro.com\/masterclass-il-maschile-sano\/\">Te lo racconto qui<\/a><\/p>\n<p>&nbsp;<\/p>\n<p>La forza femminile secondo la ruota degli archetipi femminili &#8211; Masterclass in diretta, acquistabile anche in registrazione: <strong>GIOVEDI&#8217; 24 OTTOBRE ORE 20 ITALIANE<\/strong><\/p>\n<p>Per avere la trilogia completa sulla forza e acquistare le due Masterclass Archetipi femminili + Archetipi Maschili con uno <strong>sconto<\/strong>, <a href=\"https:\/\/forms.gle\/e6KdVMXMHVU11wa16\">compila questo form<\/a> e <strong>ricevi gratuitamente il webinar introduttivo LA FORZA NELLE SUE DIVERSE ESPRESSIONI.<\/strong><\/p>\n<p>Costo singola Masterclass \u20ac 100<\/p>\n<p>Costo coppia di Masterclass \u20ac 150<\/p>\n<p>&nbsp;<\/p>\n","protected":false},"excerpt":{"rendered":"<p>La Ruota degli Archetipi Femminili \u00e8 uno strumento simbolico che rappresenta diversi aspetti dell&#8217;energia femminile attraverso archetipi, ovvero figure universali che incarnano modelli di comportamento, emozioni e potenzialit\u00e0.<\/p>\n<p><strong>Ogni archetipo rappresenta un particolare tipo di forza, vulnerabilit\u00e0 e crescita.<\/strong><\/p>\n<p><strong>In questa Masterclass useremo la Ruota degli Archetipi Femminili per esplorare nello specifico il tema della FORZA DEL FEMMINILE<\/strong>, per comprendere a fondo <strong>quanti tipi di forza abitano dentro ogni donna<\/strong>, come non confonderla o metterla in competizione con la forza maschile, come accedere alle giuste risorse nei momenti giusti.<\/p>\n<p>Ognuna di noi ha gi\u00e0 la sua dote completa, ma non tutti gli archetipi sono conosciuti e richiamati quindi spesso abbiamo la sensazione di poter contare solo su alcuni \u00abaspetti\/modalit\u00e0\/schemi\u00bb di forza, in modo ripetitivo ed esaurente, ignorando l&#8217;immenso patrimonio di cui realmente disponiamo.<\/p>\n<p>Ci affidiamo alla forza di volont\u00e0, alla forza della disperazione, alla forza per dovere e non contattiamo la forza autentica e poderosa. Ma abbiamo molte pi\u00f9 risorse efficaci ed efficienti da mettere in campo.<\/p>\n<p>Masterclass preziosa per donne e uomini (leggi nella descrizione perch\u00e8).<\/p>\n<p>Per avere la trilogia completa e acquistare le due Masterclass Archetipi femminili + Archetipi Maschili con uno <strong>sconto<\/strong>, <a href=\"https:\/\/forms.gle\/e6KdVMXMHVU11wa16\">compila questo form<\/a> e <strong>ricevi gratuitamente il webinar introduttivo LA FORZA NELLE SUE DIVERSE ESPRESSIONI.<\/strong><\/p>\n<p>Costo singola Masterclass \u20ac 100<\/p>\n<p>Costo coppia di Masterclass \u20ac 150<\/p>\n<p>&nbsp;<\/p>\n","protected":false},"featured_media":6500,"template":"","meta":{"_et_pb_use_builder":"","_et_pb_old_content":"","_et_gb_content_width":""},"product_brand":[],"product_cat":[29],"product_tag":[30,52,59,47,46,1146,57,1169,40,399,1152,1113],"class_list":{"0":"post-6486","1":"product","2":"type-product","3":"status-publish","4":"has-post-thumbnail","6":"product_cat-videocorsi","7":"product_tag-abbondanza","8":"product_tag-autoconsapevolezza","9":"product_tag-autostima-femminile","10":"product_tag-benessere","11":"product_tag-crescita-personale","12":"product_tag-empowerment-femminile","13":"product_tag-femminile","14":"product_tag-maschile-e-femminile","15":"product_tag-risvegliodicoscienza","16":"product_tag-spiritualita","17":"product_tag-supporto-femminile","18":"product_tag-vacanza-benessere","20":"first","21":"instock","22":"shipping-taxable","23":"purchasable","24":"product-type-variable"},"yoast_head":"<!-- This site is optimized with the Yoast SEO plugin v27.4 - https:\/\/yoast.com\/product\/yoast-seo-wordpress\/ -->\n<title>La forza femminile secondo la ruota degli archetipi femminili - Masterclass | Alexandra Francesca D&#039;Alessandro<\/title>\n<meta name=\"description\" content=\"Masterclass sugli archetipi femminili e maschili per scoprire come migliorare le relazioni e integrare forza e consapevolezza nella vita.\" \/>\n<meta name=\"robots\" content=\"index, follow, max-snippet:-1, max-image-preview:large, max-video-preview:-1\" \/>\n<link rel=\"canonical\" href=\"https:\/\/www.alexandrafrancescadalessandro.com\/es\/prodotto\/la-forza-femminile-secondo-la-ruota-degli-archetipi-femminili-masterclass\/\" \/>\n<meta property=\"og:locale\" content=\"es_ES\" \/>\n<meta property=\"og:type\" content=\"article\" \/>\n<meta property=\"og:title\" content=\"La forza femminile secondo la ruota degli archetipi femminili - Masterclass | Alexandra Francesca D&#039;Alessandro\" \/>\n<meta property=\"og:description\" content=\"Masterclass sugli archetipi femminili e maschili per scoprire come migliorare le relazioni e integrare forza e consapevolezza nella vita.\" \/>\n<meta property=\"og:url\" content=\"https:\/\/www.alexandrafrancescadalessandro.com\/es\/prodotto\/la-forza-femminile-secondo-la-ruota-degli-archetipi-femminili-masterclass\/\" \/>\n<meta property=\"og:site_name\" content=\"Alexandra Francesca D&#039;Alessandro\" \/>\n<meta property=\"article:modified_time\" content=\"2024-10-14T08:06:41+00:00\" \/>\n<meta property=\"og:image\" content=\"https:\/\/www.alexandrafrancescadalessandro.com\/wp-content\/uploads\/2024\/09\/Masterclass-archtipi.jpg\" \/>\n\t<meta property=\"og:image:width\" content=\"1080\" \/>\n\t<meta property=\"og:image:height\" content=\"1080\" \/>\n\t<meta property=\"og:image:type\" content=\"image\/jpeg\" \/>\n<script type=\"application\/ld+json\" class=\"yoast-schema-graph\">{\"@context\":\"https:\\\/\\\/schema.org\",\"@graph\":[{\"@type\":\"WebPage\",\"@id\":\"https:\\\/\\\/www.alexandrafrancescadalessandro.com\\\/es\\\/prodotto\\\/la-forza-femminile-secondo-la-ruota-degli-archetipi-femminili-masterclass\\\/\",\"url\":\"https:\\\/\\\/www.alexandrafrancescadalessandro.com\\\/es\\\/prodotto\\\/la-forza-femminile-secondo-la-ruota-degli-archetipi-femminili-masterclass\\\/\",\"name\":\"La forza femminile secondo la ruota degli archetipi femminili - Masterclass | Alexandra Francesca D'Alessandro\",\"isPartOf\":{\"@id\":\"https:\\\/\\\/www.alexandrafrancescadalessandro.com\\\/es\\\/#website\"},\"primaryImageOfPage\":{\"@id\":\"https:\\\/\\\/www.alexandrafrancescadalessandro.com\\\/es\\\/prodotto\\\/la-forza-femminile-secondo-la-ruota-degli-archetipi-femminili-masterclass\\\/#primaryimage\"},\"image\":{\"@id\":\"https:\\\/\\\/www.alexandrafrancescadalessandro.com\\\/es\\\/prodotto\\\/la-forza-femminile-secondo-la-ruota-degli-archetipi-femminili-masterclass\\\/#primaryimage\"},\"thumbnailUrl\":\"https:\\\/\\\/i0.wp.com\\\/www.alexandrafrancescadalessandro.com\\\/wp-content\\\/uploads\\\/2024\\\/09\\\/Masterclass-archtipi.jpg?fit=1080%2C1080&ssl=1\",\"datePublished\":\"2024-09-27T16:59:37+00:00\",\"dateModified\":\"2024-10-14T08:06:41+00:00\",\"description\":\"Masterclass sugli archetipi femminili e maschili per scoprire come migliorare le relazioni e integrare forza e consapevolezza nella vita.\",\"breadcrumb\":{\"@id\":\"https:\\\/\\\/www.alexandrafrancescadalessandro.com\\\/es\\\/prodotto\\\/la-forza-femminile-secondo-la-ruota-degli-archetipi-femminili-masterclass\\\/#breadcrumb\"},\"inLanguage\":\"es\",\"potentialAction\":[{\"@type\":\"ReadAction\",\"target\":[\"https:\\\/\\\/www.alexandrafrancescadalessandro.com\\\/es\\\/prodotto\\\/la-forza-femminile-secondo-la-ruota-degli-archetipi-femminili-masterclass\\\/\"]}]},{\"@type\":\"ImageObject\",\"inLanguage\":\"es\",\"@id\":\"https:\\\/\\\/www.alexandrafrancescadalessandro.com\\\/es\\\/prodotto\\\/la-forza-femminile-secondo-la-ruota-degli-archetipi-femminili-masterclass\\\/#primaryimage\",\"url\":\"https:\\\/\\\/i0.wp.com\\\/www.alexandrafrancescadalessandro.com\\\/wp-content\\\/uploads\\\/2024\\\/09\\\/Masterclass-archtipi.jpg?fit=1080%2C1080&ssl=1\",\"contentUrl\":\"https:\\\/\\\/i0.wp.com\\\/www.alexandrafrancescadalessandro.com\\\/wp-content\\\/uploads\\\/2024\\\/09\\\/Masterclass-archtipi.jpg?fit=1080%2C1080&ssl=1\",\"width\":1080,\"height\":1080,\"caption\":\"Masterclass gli archetipi del femminile\"},{\"@type\":\"BreadcrumbList\",\"@id\":\"https:\\\/\\\/www.alexandrafrancescadalessandro.com\\\/es\\\/prodotto\\\/la-forza-femminile-secondo-la-ruota-degli-archetipi-femminili-masterclass\\\/#breadcrumb\",\"itemListElement\":[{\"@type\":\"ListItem\",\"position\":1,\"name\":\"Home\",\"item\":\"https:\\\/\\\/www.alexandrafrancescadalessandro.com\\\/es\\\/\"},{\"@type\":\"ListItem\",\"position\":2,\"name\":\"Tienda\",\"item\":\"https:\\\/\\\/www.alexandrafrancescadalessandro.com\\\/negozio\\\/\"},{\"@type\":\"ListItem\",\"position\":3,\"name\":\"La forza femminile secondo la ruota degli archetipi femminili &#8211; Masterclass\"}]},{\"@type\":\"WebSite\",\"@id\":\"https:\\\/\\\/www.alexandrafrancescadalessandro.com\\\/es\\\/#website\",\"url\":\"https:\\\/\\\/www.alexandrafrancescadalessandro.com\\\/es\\\/\",\"name\":\"Alexandra Francesca D'Alessandro | Metamedicina\",\"description\":\"Metamedicina\",\"publisher\":{\"@id\":\"https:\\\/\\\/www.alexandrafrancescadalessandro.com\\\/es\\\/#\\\/schema\\\/person\\\/f48a80179b0d01c8760b023fd9325ab5\"},\"potentialAction\":[{\"@type\":\"SearchAction\",\"target\":{\"@type\":\"EntryPoint\",\"urlTemplate\":\"https:\\\/\\\/www.alexandrafrancescadalessandro.com\\\/es\\\/?s={search_term_string}\"},\"query-input\":{\"@type\":\"PropertyValueSpecification\",\"valueRequired\":true,\"valueName\":\"search_term_string\"}}],\"inLanguage\":\"es\"},{\"@type\":[\"Person\",\"Organization\"],\"@id\":\"https:\\\/\\\/www.alexandrafrancescadalessandro.com\\\/es\\\/#\\\/schema\\\/person\\\/f48a80179b0d01c8760b023fd9325ab5\",\"name\":\"Alexandra Francesca D'Alessandro\",\"image\":{\"@type\":\"ImageObject\",\"inLanguage\":\"es\",\"@id\":\"https:\\\/\\\/www.alexandrafrancescadalessandro.com\\\/wp-content\\\/uploads\\\/2024\\\/06\\\/Writter-by-Alexandra-Francesca-DAlessandro-Author.jpg\",\"url\":\"https:\\\/\\\/www.alexandrafrancescadalessandro.com\\\/wp-content\\\/uploads\\\/2024\\\/06\\\/Writter-by-Alexandra-Francesca-DAlessandro-Author.jpg\",\"contentUrl\":\"https:\\\/\\\/www.alexandrafrancescadalessandro.com\\\/wp-content\\\/uploads\\\/2024\\\/06\\\/Writter-by-Alexandra-Francesca-DAlessandro-Author.jpg\",\"width\":400,\"height\":400,\"caption\":\"Alexandra Francesca D'Alessandro\"},\"logo\":{\"@id\":\"https:\\\/\\\/www.alexandrafrancescadalessandro.com\\\/wp-content\\\/uploads\\\/2024\\\/06\\\/Writter-by-Alexandra-Francesca-DAlessandro-Author.jpg\"},\"sameAs\":[\"https:\\\/\\\/www.alexandrafrancescadalessandro.com\\\/\"]}]}<\/script>\n<!-- \/ Yoast SEO plugin. -->","yoast_head_json":{"title":"La forza femminile secondo la ruota degli archetipi femminili - Masterclass | Alexandra Francesca D'Alessandro","description":"Masterclass sugli archetipi femminili e maschili per scoprire come migliorare le relazioni e integrare forza e consapevolezza nella vita.","robots":{"index":"index","follow":"follow","max-snippet":"max-snippet:-1","max-image-preview":"max-image-preview:large","max-video-preview":"max-video-preview:-1"},"canonical":"https:\/\/www.alexandrafrancescadalessandro.com\/es\/prodotto\/la-forza-femminile-secondo-la-ruota-degli-archetipi-femminili-masterclass\/","og_locale":"es_ES","og_type":"article","og_title":"La forza femminile secondo la ruota degli archetipi femminili - Masterclass | Alexandra Francesca D'Alessandro","og_description":"Masterclass sugli archetipi femminili e maschili per scoprire come migliorare le relazioni e integrare forza e consapevolezza nella vita.","og_url":"https:\/\/www.alexandrafrancescadalessandro.com\/es\/prodotto\/la-forza-femminile-secondo-la-ruota-degli-archetipi-femminili-masterclass\/","og_site_name":"Alexandra Francesca D'Alessandro","article_modified_time":"2024-10-14T08:06:41+00:00","og_image":[{"width":1080,"height":1080,"url":"https:\/\/www.alexandrafrancescadalessandro.com\/wp-content\/uploads\/2024\/09\/Masterclass-archtipi.jpg","type":"image\/jpeg"}],"schema":{"@context":"https:\/\/schema.org","@graph":[{"@type":"WebPage","@id":"https:\/\/www.alexandrafrancescadalessandro.com\/es\/prodotto\/la-forza-femminile-secondo-la-ruota-degli-archetipi-femminili-masterclass\/","url":"https:\/\/www.alexandrafrancescadalessandro.com\/es\/prodotto\/la-forza-femminile-secondo-la-ruota-degli-archetipi-femminili-masterclass\/","name":"La forza femminile secondo la ruota degli archetipi femminili - Masterclass | Alexandra Francesca D'Alessandro","isPartOf":{"@id":"https:\/\/www.alexandrafrancescadalessandro.com\/es\/#website"},"primaryImageOfPage":{"@id":"https:\/\/www.alexandrafrancescadalessandro.com\/es\/prodotto\/la-forza-femminile-secondo-la-ruota-degli-archetipi-femminili-masterclass\/#primaryimage"},"image":{"@id":"https:\/\/www.alexandrafrancescadalessandro.com\/es\/prodotto\/la-forza-femminile-secondo-la-ruota-degli-archetipi-femminili-masterclass\/#primaryimage"},"thumbnailUrl":"https:\/\/i0.wp.com\/www.alexandrafrancescadalessandro.com\/wp-content\/uploads\/2024\/09\/Masterclass-archtipi.jpg?fit=1080%2C1080&ssl=1","datePublished":"2024-09-27T16:59:37+00:00","dateModified":"2024-10-14T08:06:41+00:00","description":"Masterclass sugli archetipi femminili e maschili per scoprire come migliorare le relazioni e integrare forza e consapevolezza nella vita.","breadcrumb":{"@id":"https:\/\/www.alexandrafrancescadalessandro.com\/es\/prodotto\/la-forza-femminile-secondo-la-ruota-degli-archetipi-femminili-masterclass\/#breadcrumb"},"inLanguage":"es","potentialAction":[{"@type":"ReadAction","target":["https:\/\/www.alexandrafrancescadalessandro.com\/es\/prodotto\/la-forza-femminile-secondo-la-ruota-degli-archetipi-femminili-masterclass\/"]}]},{"@type":"ImageObject","inLanguage":"es","@id":"https:\/\/www.alexandrafrancescadalessandro.com\/es\/prodotto\/la-forza-femminile-secondo-la-ruota-degli-archetipi-femminili-masterclass\/#primaryimage","url":"https:\/\/i0.wp.com\/www.alexandrafrancescadalessandro.com\/wp-content\/uploads\/2024\/09\/Masterclass-archtipi.jpg?fit=1080%2C1080&ssl=1","contentUrl":"https:\/\/i0.wp.com\/www.alexandrafrancescadalessandro.com\/wp-content\/uploads\/2024\/09\/Masterclass-archtipi.jpg?fit=1080%2C1080&ssl=1","width":1080,"height":1080,"caption":"Masterclass gli archetipi del femminile"},{"@type":"BreadcrumbList","@id":"https:\/\/www.alexandrafrancescadalessandro.com\/es\/prodotto\/la-forza-femminile-secondo-la-ruota-degli-archetipi-femminili-masterclass\/#breadcrumb","itemListElement":[{"@type":"ListItem","position":1,"name":"Home","item":"https:\/\/www.alexandrafrancescadalessandro.com\/es\/"},{"@type":"ListItem","position":2,"name":"Tienda","item":"https:\/\/www.alexandrafrancescadalessandro.com\/negozio\/"},{"@type":"ListItem","position":3,"name":"La forza femminile secondo la ruota degli archetipi femminili &#8211; Masterclass"}]},{"@type":"WebSite","@id":"https:\/\/www.alexandrafrancescadalessandro.com\/es\/#website","url":"https:\/\/www.alexandrafrancescadalessandro.com\/es\/","name":"Alexandra Francesca D'Alessandro | Metamedicina","description":"Metamedicina","publisher":{"@id":"https:\/\/www.alexandrafrancescadalessandro.com\/es\/#\/schema\/person\/f48a80179b0d01c8760b023fd9325ab5"},"potentialAction":[{"@type":"SearchAction","target":{"@type":"EntryPoint","urlTemplate":"https:\/\/www.alexandrafrancescadalessandro.com\/es\/?s={search_term_string}"},"query-input":{"@type":"PropertyValueSpecification","valueRequired":true,"valueName":"search_term_string"}}],"inLanguage":"es"},{"@type":["Person","Organization"],"@id":"https:\/\/www.alexandrafrancescadalessandro.com\/es\/#\/schema\/person\/f48a80179b0d01c8760b023fd9325ab5","name":"Alexandra Francesca D'Alessandro","image":{"@type":"ImageObject","inLanguage":"es","@id":"https:\/\/www.alexandrafrancescadalessandro.com\/wp-content\/uploads\/2024\/06\/Writter-by-Alexandra-Francesca-DAlessandro-Author.jpg","url":"https:\/\/www.alexandrafrancescadalessandro.com\/wp-content\/uploads\/2024\/06\/Writter-by-Alexandra-Francesca-DAlessandro-Author.jpg","contentUrl":"https:\/\/www.alexandrafrancescadalessandro.com\/wp-content\/uploads\/2024\/06\/Writter-by-Alexandra-Francesca-DAlessandro-Author.jpg","width":400,"height":400,"caption":"Alexandra Francesca D'Alessandro"},"logo":{"@id":"https:\/\/www.alexandrafrancescadalessandro.com\/wp-content\/uploads\/2024\/06\/Writter-by-Alexandra-Francesca-DAlessandro-Author.jpg"},"sameAs":["https:\/\/www.alexandrafrancescadalessandro.com\/"]}]}},"jetpack-related-posts":[],"jetpack_sharing_enabled":true,"_links":{"self":[{"href":"https:\/\/www.alexandrafrancescadalessandro.com\/es\/wp-json\/wp\/v2\/product\/6486","targetHints":{"allow":["GET"]}}],"collection":[{"href":"https:\/\/www.alexandrafrancescadalessandro.com\/es\/wp-json\/wp\/v2\/product"}],"about":[{"href":"https:\/\/www.alexandrafrancescadalessandro.com\/es\/wp-json\/wp\/v2\/types\/product"}],"wp:featuredmedia":[{"embeddable":true,"href":"https:\/\/www.alexandrafrancescadalessandro.com\/es\/wp-json\/wp\/v2\/media\/6500"}],"wp:attachment":[{"href":"https:\/\/www.alexandrafrancescadalessandro.com\/es\/wp-json\/wp\/v2\/media?parent=6486"}],"wp:term":[{"taxonomy":"product_brand","embeddable":true,"href":"https:\/\/www.alexandrafrancescadalessandro.com\/es\/wp-json\/wp\/v2\/product_brand?post=6486"},{"taxonomy":"product_cat","embeddable":true,"href":"https:\/\/www.alexandrafrancescadalessandro.com\/es\/wp-json\/wp\/v2\/product_cat?post=6486"},{"taxonomy":"product_tag","embeddable":true,"href":"https:\/\/www.alexandrafrancescadalessandro.com\/es\/wp-json\/wp\/v2\/product_tag?post=6486"}],"curies":[{"name":"wp","href":"https:\/\/api.w.org\/{rel}","templated":true}]}}