{"id":6148,"date":"2024-06-20T06:29:53","date_gmt":"2024-06-20T04:29:53","guid":{"rendered":"https:\/\/www.alexandrafrancescadalessandro.com\/?post_type=product&#038;p=6148"},"modified":"2026-01-25T20:39:00","modified_gmt":"2026-01-25T19:39:00","slug":"vip-mentorship-retreat-ritiro-esclusivo-personalizzato","status":"publish","type":"product","link":"https:\/\/www.alexandrafrancescadalessandro.com\/es\/prodotto\/vip-mentorship-retreat-ritiro-esclusivo-personalizzato\/","title":{"rendered":"RETREAT 1:1 : intensivo DAL VIVO personalizzato per fare un passo avanti ADESSO"},"content":{"rendered":"<h2 data-start=\"621\" data-end=\"655\">RETREAT 1:1<\/h2>\n<h2 data-start=\"621\" data-end=\"655\">Intensivo personalizzato per fare un passo avanti ADESSO<\/h2>\n<p data-start=\"731\" data-end=\"870\">Il <strong data-start=\"734\" data-end=\"764\">VIP Mentorship Retreat 1:1<\/strong> \u00e8 un\u2019esperienza <strong data-start=\"781\" data-end=\"824\">intensiva, focalizzata e personalizzata<\/strong>, pensata per chi <strong data-start=\"842\" data-end=\"869\">non vuole pi\u00f9 rimandare<\/strong>.<\/p>\n<p data-start=\"872\" data-end=\"908\">\u00c8 per chi sente che \u00e8 il momento di:<\/p>\n<ul data-start=\"909\" data-end=\"1067\">\n<li data-start=\"909\" data-end=\"926\">\n<p data-start=\"911\" data-end=\"926\"><strong data-start=\"911\" data-end=\"926\">concentrare<\/strong><\/p>\n<\/li>\n<li data-start=\"927\" data-end=\"944\">\n<p data-start=\"929\" data-end=\"944\"><strong data-start=\"929\" data-end=\"944\">ottimizzare<\/strong><\/p>\n<\/li>\n<li data-start=\"945\" data-end=\"962\">\n<p data-start=\"947\" data-end=\"962\"><strong data-start=\"947\" data-end=\"962\">fare ordine<\/strong><\/p>\n<\/li>\n<li data-start=\"963\" data-end=\"994\">\n<p data-start=\"965\" data-end=\"994\"><strong data-start=\"965\" data-end=\"994\">prendere decisioni chiare<\/strong><\/p>\n<\/li>\n<li data-start=\"995\" data-end=\"1031\">\n<p data-start=\"997\" data-end=\"1031\"><strong data-start=\"997\" data-end=\"1031\">sistemare ci\u00f2 che non funziona<\/strong><\/p>\n<\/li>\n<li data-start=\"1032\" data-end=\"1067\">\n<p data-start=\"1034\" data-end=\"1067\"><strong data-start=\"1034\" data-end=\"1067\">fare un vero passo avanti ora<\/strong><\/p>\n<\/li>\n<\/ul>\n<p data-start=\"1069\" data-end=\"1132\">Non \u00e8 un ritiro per \u201cfermarsi\u201d.<br data-start=\"1100\" data-end=\"1103\" \/>\u00c8 un ritiro per <strong data-start=\"1119\" data-end=\"1131\">avanzare<\/strong>.<\/p>\n<h2 data-start=\"1139\" data-end=\"1180\"><\/h2>\n<h2 data-start=\"1139\" data-end=\"1180\">A cosa serve davvero questo retreat<\/h2>\n<p data-start=\"1182\" data-end=\"1205\">Questo retreat serve a:<\/p>\n<ul data-start=\"1206\" data-end=\"1453\">\n<li data-start=\"1206\" data-end=\"1229\">\n<p data-start=\"1208\" data-end=\"1229\">chiarire <strong data-start=\"1217\" data-end=\"1229\">dove sei<\/strong><\/p>\n<\/li>\n<li data-start=\"1230\" data-end=\"1261\">\n<p data-start=\"1232\" data-end=\"1261\">definire <strong data-start=\"1241\" data-end=\"1261\">dove vuoi andare<\/strong><\/p>\n<\/li>\n<li data-start=\"1262\" data-end=\"1317\">\n<p data-start=\"1264\" data-end=\"1317\">eliminare dispersioni, confusione e tentativi inutili<\/p>\n<\/li>\n<li data-start=\"1318\" data-end=\"1363\">\n<p data-start=\"1320\" data-end=\"1363\"><strong data-start=\"1320\" data-end=\"1363\">riallineare energia, direzione e azione<\/strong><\/p>\n<\/li>\n<li data-start=\"1364\" data-end=\"1453\">\n<p data-start=\"1366\" data-end=\"1453\">stabilizzare la frequenza che vuoi <strong data-start=\"1401\" data-end=\"1428\">incarnare e trasmettere<\/strong>, nella vita e nel lavoro<\/p>\n<\/li>\n<\/ul>\n<p data-start=\"1455\" data-end=\"1603\">Qui non lavoriamo a compartimenti stagni:<br data-start=\"1496\" data-end=\"1499\" \/><strong data-start=\"1499\" data-end=\"1561\">vita personale e professionale vengono considerate insieme<\/strong>, perch\u00e9 \u00e8 cos\u00ec che funziona nella realt\u00e0.<\/p>\n<h2 data-start=\"1610\" data-end=\"1630\">Come lavoriamo<\/h2>\n<p data-start=\"1632\" data-end=\"1665\">Il lavoro \u00e8 <strong data-start=\"1644\" data-end=\"1664\">100% tailor-made<\/strong>.<\/p>\n<p data-start=\"1667\" data-end=\"1687\">Pu\u00f2 essere centrato:<\/p>\n<ul data-start=\"1688\" data-end=\"1889\">\n<li data-start=\"1688\" data-end=\"1735\">\n<p data-start=\"1690\" data-end=\"1735\">su un <strong data-start=\"1696\" data-end=\"1714\">goal specifico<\/strong> che vuoi raggiungere<\/p>\n<\/li>\n<li data-start=\"1736\" data-end=\"1799\">\n<p data-start=\"1738\" data-end=\"1799\">su un tema chiave da <strong data-start=\"1759\" data-end=\"1799\">sistemare, riorganizzare o sbloccare<\/strong><\/p>\n<\/li>\n<li data-start=\"1800\" data-end=\"1889\">\n<p data-start=\"1802\" data-end=\"1889\">oppure su una fase di ridefinizione pi\u00f9 ampia, se senti che serve una visione d\u2019insieme<\/p>\n<\/li>\n<\/ul>\n<p data-start=\"1891\" data-end=\"2030\">Puoi arrivare con un obiettivo chiaro,<br data-start=\"1929\" data-end=\"1932\" \/>oppure possiamo <strong data-start=\"1948\" data-end=\"1970\">delinearlo insieme<\/strong> (ho gi\u00e0 alcune direzioni in mente, se scegli di affidarti).<\/p>\n<h2 data-start=\"2037\" data-end=\"2074\"><\/h2>\n<h2 data-start=\"2037\" data-end=\"2074\">COME FUNZIONA<\/h2>\n<h2 data-start=\"2095\" data-end=\"2141\">3 GIORNI INSIEME DAL VIVO<\/h2>\n<p data-start=\"2143\" data-end=\"2251\">Per tre giorni lavoriamo insieme, DAL VIVO, \u00a0in modo continuativo, all\u2019interno di uno spazio scelto e organizzato da me.<\/p>\n<p data-start=\"2253\" data-end=\"2269\">Mi occupo io di:<\/p>\n<ul data-start=\"2270\" data-end=\"2341\">\n<li data-start=\"2270\" data-end=\"2284\">\n<p data-start=\"2272\" data-end=\"2284\"><strong data-start=\"2272\" data-end=\"2284\">location<\/strong><\/p>\n<\/li>\n<li data-start=\"2285\" data-end=\"2302\">\n<p data-start=\"2287\" data-end=\"2302\"><strong data-start=\"2287\" data-end=\"2302\">spostamenti<\/strong><\/p>\n<\/li>\n<li data-start=\"2303\" data-end=\"2341\">\n<p data-start=\"2305\" data-end=\"2341\"><strong data-start=\"2305\" data-end=\"2341\">struttura e ritmi delle giornate<\/strong><\/p>\n<\/li>\n<\/ul>\n<p data-start=\"2343\" data-end=\"2446\">Dal momento in cui atterri, <strong data-start=\"2371\" data-end=\"2395\">il processo \u00e8 attivo<\/strong>.<br data-start=\"2396\" data-end=\"2399\" \/>Non ci sono pause inutili, non c\u2019\u00e8 dispersione.<\/p>\n<p data-start=\"2448\" data-end=\"2460\">\u00c8 un lavoro:<\/p>\n<ul data-start=\"2461\" data-end=\"2537\">\n<li data-start=\"2461\" data-end=\"2476\">\n<p data-start=\"2463\" data-end=\"2476\">concentrato<\/p>\n<\/li>\n<li data-start=\"2477\" data-end=\"2491\">\n<p data-start=\"2479\" data-end=\"2491\">strategico<\/p>\n<\/li>\n<li data-start=\"2492\" data-end=\"2504\">\n<p data-start=\"2494\" data-end=\"2504\">profondo<\/p>\n<\/li>\n<li data-start=\"2505\" data-end=\"2537\">\n<p data-start=\"2507\" data-end=\"2537\">orientato a risultati chiari<\/p>\n<\/li>\n<\/ul>\n<p data-start=\"2539\" data-end=\"2564\">Alla fine dei tre giorni:<\/p>\n<ul data-start=\"2565\" data-end=\"2701\">\n<li data-start=\"2565\" data-end=\"2584\">\n<p data-start=\"2567\" data-end=\"2584\">hai <strong data-start=\"2571\" data-end=\"2584\">direzione<\/strong><\/p>\n<\/li>\n<li data-start=\"2585\" data-end=\"2601\">\n<p data-start=\"2587\" data-end=\"2601\">hai <strong data-start=\"2591\" data-end=\"2601\">ordine<\/strong><\/p>\n<\/li>\n<li data-start=\"2602\" data-end=\"2627\">\n<p data-start=\"2604\" data-end=\"2627\">hai <strong data-start=\"2608\" data-end=\"2627\">decisioni prese<\/strong><\/p>\n<\/li>\n<li data-start=\"2628\" data-end=\"2701\">\n<p data-start=\"2630\" data-end=\"2701\">hai una <strong data-start=\"2638\" data-end=\"2658\">struttura chiara<\/strong> da portare nella tua vita e nel tuo lavoro<\/p>\n<\/li>\n<\/ul>\n<h3 data-start=\"2708\" data-end=\"2726\"><\/h3>\n<h2 data-start=\"2593\" data-end=\"2644\">Proseguimento con supporto online<\/h2>\n<p data-start=\"2646\" data-end=\"2743\">Al termine dei 3 giorni dal vivo, \u00e8 possibile proseguire con un <strong data-start=\"2710\" data-end=\"2729\">supporto online<\/strong>, pensato per:<\/p>\n<ul data-start=\"2744\" data-end=\"2846\">\n<li data-start=\"2744\" data-end=\"2772\">\n<p data-start=\"2746\" data-end=\"2772\">integrare ci\u00f2 che \u00e8 emerso<\/p>\n<\/li>\n<li data-start=\"2773\" data-end=\"2801\">\n<p data-start=\"2775\" data-end=\"2801\">stabilizzare i cambiamenti<\/p>\n<\/li>\n<li data-start=\"2802\" data-end=\"2846\">\n<p data-start=\"2804\" data-end=\"2846\">accompagnare l\u2019applicazione nel quotidiano<\/p>\n<\/li>\n<\/ul>\n<p data-start=\"2848\" data-end=\"2879\">Il proseguimento pu\u00f2 includere:<\/p>\n<ul data-start=\"2880\" data-end=\"2959\">\n<li data-start=\"2880\" data-end=\"2903\">\n<p data-start=\"2882\" data-end=\"2903\">sessioni di follow-up<\/p>\n<\/li>\n<li data-start=\"2904\" data-end=\"2922\">\n<p data-start=\"2906\" data-end=\"2922\">risorse dedicate<\/p>\n<\/li>\n<li data-start=\"2923\" data-end=\"2959\">\n<p data-start=\"2925\" data-end=\"2959\">momenti di confronto e chiarimento<\/p>\n<\/li>\n<\/ul>\n<p data-start=\"2961\" data-end=\"3061\">Questo permette di <strong data-start=\"2980\" data-end=\"3000\">rendere duraturo<\/strong> il lavoro fatto durante il retreat, senza perdere direzione.<\/p>\n<h2 data-start=\"3499\" data-end=\"3521\">A chi \u00e8 dedicato<\/h2>\n<p data-start=\"3523\" data-end=\"3548\">Questo retreat \u00e8 per chi:<\/p>\n<ul data-start=\"3549\" data-end=\"3762\">\n<li data-start=\"3549\" data-end=\"3574\">\n<p data-start=\"3551\" data-end=\"3574\">\u00e8 pronta a <strong data-start=\"3562\" data-end=\"3574\">decidere<\/strong><\/p>\n<\/li>\n<li data-start=\"3575\" data-end=\"3623\">\n<p data-start=\"3577\" data-end=\"3623\">vuole <strong data-start=\"3583\" data-end=\"3598\">ottimizzare<\/strong> tempo, energia e risorse<\/p>\n<\/li>\n<li data-start=\"3624\" data-end=\"3653\">\n<p data-start=\"3626\" data-end=\"3653\">sente che \u201ccos\u00ec non va pi\u00f9\u201d<\/p>\n<\/li>\n<li data-start=\"3654\" data-end=\"3710\">\n<p data-start=\"3656\" data-end=\"3710\">ha bisogno di uno spazio <strong data-start=\"3681\" data-end=\"3710\">privato, efficace, mirato<\/strong><\/p>\n<\/li>\n<li data-start=\"3711\" data-end=\"3762\">\n<p data-start=\"3713\" data-end=\"3762\">vuole un accompagnamento serio, non motivazionale<\/p>\n<\/li>\n<\/ul>\n<p data-start=\"3764\" data-end=\"3858\">Se invece desideri un\u2019esperienza <strong data-start=\"3797\" data-end=\"3810\">di gruppo<\/strong>, puoi guardare le date del <strong data-start=\"3838\" data-end=\"3857\">Retreat Vastit\u00e0<\/strong>.<\/p>\n<h2 data-start=\"3865\" data-end=\"3884\">Come si accede<\/h2>\n<p data-start=\"3886\" data-end=\"3949\">Il primo passo \u00e8 una <strong data-start=\"3907\" data-end=\"3936\">chiacchierata conoscitiva<\/strong>, per capire:<\/p>\n<ul data-start=\"3950\" data-end=\"4070\">\n<li data-start=\"3950\" data-end=\"3981\">\n<p data-start=\"3952\" data-end=\"3981\">se questo \u00e8 il momento giusto<\/p>\n<\/li>\n<li data-start=\"3982\" data-end=\"4031\">\n<p data-start=\"3984\" data-end=\"4031\">quale modalit\u00e0 \u00e8 pi\u00f9 adatta (3 giorni o 6 mesi)<\/p>\n<\/li>\n<li data-start=\"4032\" data-end=\"4070\">\n<p data-start=\"4034\" data-end=\"4070\">su cosa lavorare in modo prioritario<\/p>\n<\/li>\n<\/ul>\n<p data-start=\"4072\" data-end=\"4143\">Per informazioni e per fissare l\u2019incontro, puoi scrivermi direttamente.<\/p>\n<p>&nbsp;<\/p>\n","protected":false},"excerpt":{"rendered":"<p>Il <strong>\u00a0Retreat<\/strong> 1:1 offre un&#8217;opportunit\u00e0 unica di crescita e trasformazione personale. Questo ritiro \u00e8 progettato per essere esclusivo e completamente personalizzato, permettendoti di lavorare intensivamente su corpo, mente e spirito.<\/p>\n<p><strong>Esclusivit\u00e0 e Personalizzazione:<\/strong> Ogni aspetto del programma \u00e8 adattato alle tue esigenze, dalla selezione della location ai moduli di sviluppo personale e ai trattamenti benessere.<\/p>\n<p><strong>Privacy e Tranquillit\u00e0:<\/strong> Il ritiro individuale o di coppia garantisce un ambiente di privacy, ideale per lavorare sui tuoi temi pi\u00f9 personali e per far emergere il tuo potenziale.<\/p>\n<p><strong>Alexandra Full Method:<\/strong> Un accompagnamento a 360 gradi con professionisti dedicati per un&#8217;esperienza full immersion.<\/p>\n","protected":false},"featured_media":7517,"template":"","meta":{"_et_pb_use_builder":"","_et_pb_old_content":"","_et_gb_content_width":""},"product_brand":[],"product_cat":[22],"product_tag":[30,1109,47,46,33,57,396,1112,1107,402,40,1111,1104,1110,1105,1108,1106,1113,403,1103,395],"class_list":{"0":"post-6148","1":"product","2":"type-product","3":"status-publish","4":"has-post-thumbnail","6":"product_cat-retreat-cat","7":"product_tag-abbondanza","8":"product_tag-alexandra-full-method","9":"product_tag-benessere","10":"product_tag-crescita-personale","11":"product_tag-felicita","12":"product_tag-femminile","13":"product_tag-liberta","14":"product_tag-percorso-intensivo","15":"product_tag-privacy","16":"product_tag-retreat","17":"product_tag-risvegliodicoscienza","18":"product_tag-ritiro-di-coppia","19":"product_tag-ritiro-esclusivo","20":"product_tag-ritiro-individuale","21":"product_tag-ritiro-personalizzato","22":"product_tag-tranquillita","23":"product_tag-trasformazione","24":"product_tag-vacanza-benessere","25":"product_tag-viaggio-di-consapevolezza","26":"product_tag-vip-mentorship-retreat","27":"product_tag-volare-nella-vita","29":"first","30":"instock","31":"shipping-taxable","32":"product-type-simple"},"yoast_head":"<!-- This site is optimized with the Yoast SEO plugin v27.4 - https:\/\/yoast.com\/product\/yoast-seo-wordpress\/ -->\n<title>RETREAT 1:1 : intensivo DAL VIVO personalizzato per fare un passo avanti ADESSO<\/title>\n<meta name=\"description\" content=\"Scopri il VIP Mentorship Retreat di Sparkling Soul, un ritiro esclusivo e su misura per individui e coppie. Concentra il tuo percorso di crescita personale\" \/>\n<meta name=\"robots\" content=\"index, follow, max-snippet:-1, max-image-preview:large, max-video-preview:-1\" \/>\n<link rel=\"canonical\" href=\"https:\/\/www.alexandrafrancescadalessandro.com\/es\/prodotto\/vip-mentorship-retreat-ritiro-esclusivo-personalizzato\/\" \/>\n<meta property=\"og:locale\" content=\"es_ES\" \/>\n<meta property=\"og:type\" content=\"article\" \/>\n<meta property=\"og:title\" content=\"RETREAT 1:1 : intensivo DAL VIVO personalizzato per fare un passo avanti ADESSO\" \/>\n<meta property=\"og:description\" content=\"Scopri il VIP Mentorship Retreat di Sparkling Soul, un ritiro esclusivo e su misura per individui e coppie. Concentra il tuo percorso di crescita personale\" \/>\n<meta property=\"og:url\" content=\"https:\/\/www.alexandrafrancescadalessandro.com\/es\/prodotto\/vip-mentorship-retreat-ritiro-esclusivo-personalizzato\/\" \/>\n<meta property=\"og:site_name\" content=\"Alexandra Francesca D&#039;Alessandro\" \/>\n<meta property=\"article:modified_time\" content=\"2026-01-25T19:39:00+00:00\" \/>\n<meta property=\"og:image\" content=\"https:\/\/www.alexandrafrancescadalessandro.com\/wp-content\/uploads\/2024\/06\/ChatGPT-Image-25-gen-2026-19_37_45.jpg\" \/>\n\t<meta property=\"og:image:width\" content=\"1024\" \/>\n\t<meta property=\"og:image:height\" content=\"1536\" \/>\n\t<meta property=\"og:image:type\" content=\"image\/jpeg\" \/>\n<script type=\"application\/ld+json\" class=\"yoast-schema-graph\">{\"@context\":\"https:\\\/\\\/schema.org\",\"@graph\":[{\"@type\":\"WebPage\",\"@id\":\"https:\\\/\\\/www.alexandrafrancescadalessandro.com\\\/es\\\/prodotto\\\/vip-mentorship-retreat-ritiro-esclusivo-personalizzato\\\/\",\"url\":\"https:\\\/\\\/www.alexandrafrancescadalessandro.com\\\/es\\\/prodotto\\\/vip-mentorship-retreat-ritiro-esclusivo-personalizzato\\\/\",\"name\":\"RETREAT 1:1 : intensivo DAL VIVO personalizzato per fare un passo avanti ADESSO\",\"isPartOf\":{\"@id\":\"https:\\\/\\\/www.alexandrafrancescadalessandro.com\\\/es\\\/#website\"},\"primaryImageOfPage\":{\"@id\":\"https:\\\/\\\/www.alexandrafrancescadalessandro.com\\\/es\\\/prodotto\\\/vip-mentorship-retreat-ritiro-esclusivo-personalizzato\\\/#primaryimage\"},\"image\":{\"@id\":\"https:\\\/\\\/www.alexandrafrancescadalessandro.com\\\/es\\\/prodotto\\\/vip-mentorship-retreat-ritiro-esclusivo-personalizzato\\\/#primaryimage\"},\"thumbnailUrl\":\"https:\\\/\\\/i0.wp.com\\\/www.alexandrafrancescadalessandro.com\\\/wp-content\\\/uploads\\\/2024\\\/06\\\/ChatGPT-Image-25-gen-2026-19_37_45.jpg?fit=1024%2C1536&ssl=1\",\"datePublished\":\"2024-06-20T04:29:53+00:00\",\"dateModified\":\"2026-01-25T19:39:00+00:00\",\"description\":\"Scopri il VIP Mentorship Retreat di Sparkling Soul, un ritiro esclusivo e su misura per individui e coppie. Concentra il tuo percorso di crescita personale\",\"breadcrumb\":{\"@id\":\"https:\\\/\\\/www.alexandrafrancescadalessandro.com\\\/es\\\/prodotto\\\/vip-mentorship-retreat-ritiro-esclusivo-personalizzato\\\/#breadcrumb\"},\"inLanguage\":\"es\",\"potentialAction\":[{\"@type\":\"ReadAction\",\"target\":[\"https:\\\/\\\/www.alexandrafrancescadalessandro.com\\\/es\\\/prodotto\\\/vip-mentorship-retreat-ritiro-esclusivo-personalizzato\\\/\"]}]},{\"@type\":\"ImageObject\",\"inLanguage\":\"es\",\"@id\":\"https:\\\/\\\/www.alexandrafrancescadalessandro.com\\\/es\\\/prodotto\\\/vip-mentorship-retreat-ritiro-esclusivo-personalizzato\\\/#primaryimage\",\"url\":\"https:\\\/\\\/i0.wp.com\\\/www.alexandrafrancescadalessandro.com\\\/wp-content\\\/uploads\\\/2024\\\/06\\\/ChatGPT-Image-25-gen-2026-19_37_45.jpg?fit=1024%2C1536&ssl=1\",\"contentUrl\":\"https:\\\/\\\/i0.wp.com\\\/www.alexandrafrancescadalessandro.com\\\/wp-content\\\/uploads\\\/2024\\\/06\\\/ChatGPT-Image-25-gen-2026-19_37_45.jpg?fit=1024%2C1536&ssl=1\",\"width\":1024,\"height\":1536,\"caption\":\"RETREAT 1:1 VIP MENTORSHIP\"},{\"@type\":\"BreadcrumbList\",\"@id\":\"https:\\\/\\\/www.alexandrafrancescadalessandro.com\\\/es\\\/prodotto\\\/vip-mentorship-retreat-ritiro-esclusivo-personalizzato\\\/#breadcrumb\",\"itemListElement\":[{\"@type\":\"ListItem\",\"position\":1,\"name\":\"Home\",\"item\":\"https:\\\/\\\/www.alexandrafrancescadalessandro.com\\\/es\\\/\"},{\"@type\":\"ListItem\",\"position\":2,\"name\":\"Tienda\",\"item\":\"https:\\\/\\\/www.alexandrafrancescadalessandro.com\\\/negozio\\\/\"},{\"@type\":\"ListItem\",\"position\":3,\"name\":\"RETREAT 1:1 : intensivo DAL VIVO personalizzato per fare un passo avanti ADESSO\"}]},{\"@type\":\"WebSite\",\"@id\":\"https:\\\/\\\/www.alexandrafrancescadalessandro.com\\\/es\\\/#website\",\"url\":\"https:\\\/\\\/www.alexandrafrancescadalessandro.com\\\/es\\\/\",\"name\":\"Alexandra Francesca D'Alessandro | Metamedicina\",\"description\":\"Metamedicina\",\"publisher\":{\"@id\":\"https:\\\/\\\/www.alexandrafrancescadalessandro.com\\\/es\\\/#\\\/schema\\\/person\\\/f48a80179b0d01c8760b023fd9325ab5\"},\"potentialAction\":[{\"@type\":\"SearchAction\",\"target\":{\"@type\":\"EntryPoint\",\"urlTemplate\":\"https:\\\/\\\/www.alexandrafrancescadalessandro.com\\\/es\\\/?s={search_term_string}\"},\"query-input\":{\"@type\":\"PropertyValueSpecification\",\"valueRequired\":true,\"valueName\":\"search_term_string\"}}],\"inLanguage\":\"es\"},{\"@type\":[\"Person\",\"Organization\"],\"@id\":\"https:\\\/\\\/www.alexandrafrancescadalessandro.com\\\/es\\\/#\\\/schema\\\/person\\\/f48a80179b0d01c8760b023fd9325ab5\",\"name\":\"Alexandra Francesca D'Alessandro\",\"image\":{\"@type\":\"ImageObject\",\"inLanguage\":\"es\",\"@id\":\"https:\\\/\\\/www.alexandrafrancescadalessandro.com\\\/wp-content\\\/uploads\\\/2024\\\/06\\\/Writter-by-Alexandra-Francesca-DAlessandro-Author.jpg\",\"url\":\"https:\\\/\\\/www.alexandrafrancescadalessandro.com\\\/wp-content\\\/uploads\\\/2024\\\/06\\\/Writter-by-Alexandra-Francesca-DAlessandro-Author.jpg\",\"contentUrl\":\"https:\\\/\\\/www.alexandrafrancescadalessandro.com\\\/wp-content\\\/uploads\\\/2024\\\/06\\\/Writter-by-Alexandra-Francesca-DAlessandro-Author.jpg\",\"width\":400,\"height\":400,\"caption\":\"Alexandra Francesca D'Alessandro\"},\"logo\":{\"@id\":\"https:\\\/\\\/www.alexandrafrancescadalessandro.com\\\/wp-content\\\/uploads\\\/2024\\\/06\\\/Writter-by-Alexandra-Francesca-DAlessandro-Author.jpg\"},\"sameAs\":[\"https:\\\/\\\/www.alexandrafrancescadalessandro.com\\\/\"]}]}<\/script>\n<!-- \/ Yoast SEO plugin. -->","yoast_head_json":{"title":"RETREAT 1:1 : intensivo DAL VIVO personalizzato per fare un passo avanti ADESSO","description":"Scopri il VIP Mentorship Retreat di Sparkling Soul, un ritiro esclusivo e su misura per individui e coppie. Concentra il tuo percorso di crescita personale","robots":{"index":"index","follow":"follow","max-snippet":"max-snippet:-1","max-image-preview":"max-image-preview:large","max-video-preview":"max-video-preview:-1"},"canonical":"https:\/\/www.alexandrafrancescadalessandro.com\/es\/prodotto\/vip-mentorship-retreat-ritiro-esclusivo-personalizzato\/","og_locale":"es_ES","og_type":"article","og_title":"RETREAT 1:1 : intensivo DAL VIVO personalizzato per fare un passo avanti ADESSO","og_description":"Scopri il VIP Mentorship Retreat di Sparkling Soul, un ritiro esclusivo e su misura per individui e coppie. Concentra il tuo percorso di crescita personale","og_url":"https:\/\/www.alexandrafrancescadalessandro.com\/es\/prodotto\/vip-mentorship-retreat-ritiro-esclusivo-personalizzato\/","og_site_name":"Alexandra Francesca D'Alessandro","article_modified_time":"2026-01-25T19:39:00+00:00","og_image":[{"width":1024,"height":1536,"url":"https:\/\/www.alexandrafrancescadalessandro.com\/wp-content\/uploads\/2024\/06\/ChatGPT-Image-25-gen-2026-19_37_45.jpg","type":"image\/jpeg"}],"schema":{"@context":"https:\/\/schema.org","@graph":[{"@type":"WebPage","@id":"https:\/\/www.alexandrafrancescadalessandro.com\/es\/prodotto\/vip-mentorship-retreat-ritiro-esclusivo-personalizzato\/","url":"https:\/\/www.alexandrafrancescadalessandro.com\/es\/prodotto\/vip-mentorship-retreat-ritiro-esclusivo-personalizzato\/","name":"RETREAT 1:1 : intensivo DAL VIVO personalizzato per fare un passo avanti ADESSO","isPartOf":{"@id":"https:\/\/www.alexandrafrancescadalessandro.com\/es\/#website"},"primaryImageOfPage":{"@id":"https:\/\/www.alexandrafrancescadalessandro.com\/es\/prodotto\/vip-mentorship-retreat-ritiro-esclusivo-personalizzato\/#primaryimage"},"image":{"@id":"https:\/\/www.alexandrafrancescadalessandro.com\/es\/prodotto\/vip-mentorship-retreat-ritiro-esclusivo-personalizzato\/#primaryimage"},"thumbnailUrl":"https:\/\/i0.wp.com\/www.alexandrafrancescadalessandro.com\/wp-content\/uploads\/2024\/06\/ChatGPT-Image-25-gen-2026-19_37_45.jpg?fit=1024%2C1536&ssl=1","datePublished":"2024-06-20T04:29:53+00:00","dateModified":"2026-01-25T19:39:00+00:00","description":"Scopri il VIP Mentorship Retreat di Sparkling Soul, un ritiro esclusivo e su misura per individui e coppie. Concentra il tuo percorso di crescita personale","breadcrumb":{"@id":"https:\/\/www.alexandrafrancescadalessandro.com\/es\/prodotto\/vip-mentorship-retreat-ritiro-esclusivo-personalizzato\/#breadcrumb"},"inLanguage":"es","potentialAction":[{"@type":"ReadAction","target":["https:\/\/www.alexandrafrancescadalessandro.com\/es\/prodotto\/vip-mentorship-retreat-ritiro-esclusivo-personalizzato\/"]}]},{"@type":"ImageObject","inLanguage":"es","@id":"https:\/\/www.alexandrafrancescadalessandro.com\/es\/prodotto\/vip-mentorship-retreat-ritiro-esclusivo-personalizzato\/#primaryimage","url":"https:\/\/i0.wp.com\/www.alexandrafrancescadalessandro.com\/wp-content\/uploads\/2024\/06\/ChatGPT-Image-25-gen-2026-19_37_45.jpg?fit=1024%2C1536&ssl=1","contentUrl":"https:\/\/i0.wp.com\/www.alexandrafrancescadalessandro.com\/wp-content\/uploads\/2024\/06\/ChatGPT-Image-25-gen-2026-19_37_45.jpg?fit=1024%2C1536&ssl=1","width":1024,"height":1536,"caption":"RETREAT 1:1 VIP MENTORSHIP"},{"@type":"BreadcrumbList","@id":"https:\/\/www.alexandrafrancescadalessandro.com\/es\/prodotto\/vip-mentorship-retreat-ritiro-esclusivo-personalizzato\/#breadcrumb","itemListElement":[{"@type":"ListItem","position":1,"name":"Home","item":"https:\/\/www.alexandrafrancescadalessandro.com\/es\/"},{"@type":"ListItem","position":2,"name":"Tienda","item":"https:\/\/www.alexandrafrancescadalessandro.com\/negozio\/"},{"@type":"ListItem","position":3,"name":"RETREAT 1:1 : intensivo DAL VIVO personalizzato per fare un passo avanti ADESSO"}]},{"@type":"WebSite","@id":"https:\/\/www.alexandrafrancescadalessandro.com\/es\/#website","url":"https:\/\/www.alexandrafrancescadalessandro.com\/es\/","name":"Alexandra Francesca D'Alessandro | Metamedicina","description":"Metamedicina","publisher":{"@id":"https:\/\/www.alexandrafrancescadalessandro.com\/es\/#\/schema\/person\/f48a80179b0d01c8760b023fd9325ab5"},"potentialAction":[{"@type":"SearchAction","target":{"@type":"EntryPoint","urlTemplate":"https:\/\/www.alexandrafrancescadalessandro.com\/es\/?s={search_term_string}"},"query-input":{"@type":"PropertyValueSpecification","valueRequired":true,"valueName":"search_term_string"}}],"inLanguage":"es"},{"@type":["Person","Organization"],"@id":"https:\/\/www.alexandrafrancescadalessandro.com\/es\/#\/schema\/person\/f48a80179b0d01c8760b023fd9325ab5","name":"Alexandra Francesca D'Alessandro","image":{"@type":"ImageObject","inLanguage":"es","@id":"https:\/\/www.alexandrafrancescadalessandro.com\/wp-content\/uploads\/2024\/06\/Writter-by-Alexandra-Francesca-DAlessandro-Author.jpg","url":"https:\/\/www.alexandrafrancescadalessandro.com\/wp-content\/uploads\/2024\/06\/Writter-by-Alexandra-Francesca-DAlessandro-Author.jpg","contentUrl":"https:\/\/www.alexandrafrancescadalessandro.com\/wp-content\/uploads\/2024\/06\/Writter-by-Alexandra-Francesca-DAlessandro-Author.jpg","width":400,"height":400,"caption":"Alexandra Francesca D'Alessandro"},"logo":{"@id":"https:\/\/www.alexandrafrancescadalessandro.com\/wp-content\/uploads\/2024\/06\/Writter-by-Alexandra-Francesca-DAlessandro-Author.jpg"},"sameAs":["https:\/\/www.alexandrafrancescadalessandro.com\/"]}]}},"jetpack-related-posts":[],"jetpack_sharing_enabled":true,"_links":{"self":[{"href":"https:\/\/www.alexandrafrancescadalessandro.com\/es\/wp-json\/wp\/v2\/product\/6148","targetHints":{"allow":["GET"]}}],"collection":[{"href":"https:\/\/www.alexandrafrancescadalessandro.com\/es\/wp-json\/wp\/v2\/product"}],"about":[{"href":"https:\/\/www.alexandrafrancescadalessandro.com\/es\/wp-json\/wp\/v2\/types\/product"}],"wp:featuredmedia":[{"embeddable":true,"href":"https:\/\/www.alexandrafrancescadalessandro.com\/es\/wp-json\/wp\/v2\/media\/7517"}],"wp:attachment":[{"href":"https:\/\/www.alexandrafrancescadalessandro.com\/es\/wp-json\/wp\/v2\/media?parent=6148"}],"wp:term":[{"taxonomy":"product_brand","embeddable":true,"href":"https:\/\/www.alexandrafrancescadalessandro.com\/es\/wp-json\/wp\/v2\/product_brand?post=6148"},{"taxonomy":"product_cat","embeddable":true,"href":"https:\/\/www.alexandrafrancescadalessandro.com\/es\/wp-json\/wp\/v2\/product_cat?post=6148"},{"taxonomy":"product_tag","embeddable":true,"href":"https:\/\/www.alexandrafrancescadalessandro.com\/es\/wp-json\/wp\/v2\/product_tag?post=6148"}],"curies":[{"name":"wp","href":"https:\/\/api.w.org\/{rel}","templated":true}]}}