{"id":5637,"date":"2024-04-29T13:53:26","date_gmt":"2024-04-29T11:53:26","guid":{"rendered":"https:\/\/www.alexandrafrancescadalessandro.com\/prodotto\/retreat-vastita-fuerteventura-viaje-para-redescubrir-la-inmensidad-interior\/"},"modified":"2024-10-31T23:09:05","modified_gmt":"2024-10-31T22:09:05","slug":"retreat-vastita-fuerteventura-viaje-para-redescubrir-la-inmensidad-interior","status":"publish","type":"product","link":"https:\/\/www.alexandrafrancescadalessandro.com\/es\/prodotto\/retreat-vastita-fuerteventura-viaje-para-redescubrir-la-inmensidad-interior\/","title":{"rendered":"RETREAT VASTIT\u00c0 Fuerteventura: Viaje para redescubrir la inmensidad interior"},"content":{"rendered":"<p>[et_pb_section fb_built=\u00bb1&#8243; _builder_version=\u00bb4.16&#8243; custom_padding=\u00bb0px||||false|false\u00bb global_colors_info=\u00bb{}\u00bb][et_pb_row _builder_version=\u00bb4.16&#8243; background_size=\u00bbinitial\u00bb background_position=\u00bbtop_left\u00bb background_repeat=\u00bbrepeat\u00bb width=\u00bb100%\u00bb global_colors_info=\u00bb{}\u00bb][et_pb_column type=\u00bb4_4&#8243; _builder_version=\u00bb4.16&#8243; custom_padding=\u00bb|||\u00bb global_colors_info=\u00bb{}\u00bb custom_padding__hover=\u00bb|||\u00bb][et_pb_wc_breadcrumb _builder_version=\u00bb4.16&#8243; global_colors_info=\u00bb{}\u00bb][\/et_pb_wc_breadcrumb][et_pb_wc_cart_notice _builder_version=\u00bb4.16&#8243; global_colors_info=\u00bb{}\u00bb][\/et_pb_wc_cart_notice][\/et_pb_column][\/et_pb_row][et_pb_row column_structure=\u00bb1_2,1_2&#8243; _builder_version=\u00bb4.16&#8243; background_size=\u00bbinitial\u00bb background_position=\u00bbtop_left\u00bb background_repeat=\u00bbrepeat\u00bb width=\u00bb100%\u00bb custom_padding=\u00bb0px||||false|false\u00bb global_colors_info=\u00bb{}\u00bb][et_pb_column type=\u00bb1_2&#8243; _builder_version=\u00bb4.16&#8243; custom_padding=\u00bb|||\u00bb global_colors_info=\u00bb{}\u00bb custom_padding__hover=\u00bb|||\u00bb][et_pb_wc_images _builder_version=\u00bb4.16&#8243; global_colors_info=\u00bb{}\u00bb][\/et_pb_wc_images][\/et_pb_column][et_pb_column type=\u00bb1_2&#8243; _builder_version=\u00bb4.16&#8243; custom_padding=\u00bb|||\u00bb global_colors_info=\u00bb{}\u00bb custom_padding__hover=\u00bb|||\u00bb][et_pb_wc_title _builder_version=\u00bb4.16&#8243; global_colors_info=\u00bb{}\u00bb][\/et_pb_wc_title][et_pb_wc_rating _builder_version=\u00bb4.16&#8243; global_colors_info=\u00bb{}\u00bb][\/et_pb_wc_rating][et_pb_wc_price _builder_version=\u00bb4.16&#8243; global_colors_info=\u00bb{}\u00bb][\/et_pb_wc_price][et_pb_wc_description _builder_version=\u00bb4.16&#8243; global_colors_info=\u00bb{}\u00bb][\/et_pb_wc_description][et_pb_wc_add_to_cart _builder_version=\u00bb4.16&#8243; global_colors_info=\u00bb{}\u00bb][\/et_pb_wc_add_to_cart][et_pb_wc_meta _builder_version=\u00bb4.16&#8243; global_colors_info=\u00bb{}\u00bb][\/et_pb_wc_meta][\/et_pb_column][\/et_pb_row][et_pb_row _builder_version=\u00bb4.16&#8243; background_size=\u00bbinitial\u00bb background_position=\u00bbtop_left\u00bb background_repeat=\u00bbrepeat\u00bb width=\u00bb100%\u00bb global_colors_info=\u00bb{}\u00bb][et_pb_column type=\u00bb4_4&#8243; _builder_version=\u00bb4.16&#8243; custom_padding=\u00bb|||\u00bb global_colors_info=\u00bb{}\u00bb custom_padding__hover=\u00bb|||\u00bb][et_pb_wc_tabs _builder_version=\u00bb4.16&#8243; global_colors_info=\u00bb{}\u00bb]\t\t\t\t\t[\/et_pb_wc_tabs][et_pb_wc_upsells _builder_version=\u00bb4.16&#8243; global_colors_info=\u00bb{}\u00bb][\/et_pb_wc_upsells][et_pb_wc_related_products _builder_version=\u00bb4.16&#8243; global_colors_info=\u00bb{}\u00bb][\/et_pb_wc_related_products][\/et_pb_column][\/et_pb_row][\/et_pb_section]<\/p>\n","protected":false},"excerpt":{"rendered":"<p>RETIRO VASTITA&#8217; Fuerteventura: Viaje para redescubrir la inmensidad interior<\/p>\n<p>Explora el c\u00e1lido abrazo de Fuerteventura en invierno no s\u00f3lo como unas vacaciones, sino como una oportunidad para sumergirte en un profundo viaje de autorrealizaci\u00f3n y renacimiento.<\/p>\n<p>Te acompa\u00f1ar\u00e9 en un viaje dise\u00f1ado para expandir tu conciencia, explorar tus aspectos personales y espirituales m\u00e1s profundos y reconectarte con la grandeza de la vida.<\/p>\n<p>Y, sobre todo, \u00a1estaremos juntos en un intensivo sin precedentes!<\/p>\n","protected":false},"featured_media":6154,"template":"","meta":{"_et_pb_use_builder":"on","_et_pb_old_content":"RETIRO VASTITA' Fuerteventura: Explora la vastedad interior\n\nBienvenido al retiro \"Vastness\" en Fuerteventura, una experiencia \u00fanica para sumergirte en tu b\u00fasqueda interior m\u00e1s profunda.\n\nExplora el c\u00e1lido abrazo de Fuerteventura en invierno no s\u00f3lo como unas vacaciones, sino como una oportunidad para sumergirte en un profundo viaje de autorrealizaci\u00f3n y renacimiento. Te acompa\u00f1ar\u00e9 en un viaje dise\u00f1ado para expandir tu conciencia, explorar tus aspectos personales y espirituales m\u00e1s profundos y reconectarte con la grandeza de la vida. Y, sobre todo, \u00a1estaremos juntos durante 8 d\u00edas, en un intensivo sin precedentes!\n\nDescripci\u00f3n:\n\nTe llevar\u00e9 en un viaje dise\u00f1ado para expandir tu conciencia, explorar tus aspectos personales y espirituales m\u00e1s profundos y reconectarte con la grandeza de la vida. Juntos compartiremos una experiencia intensiva de crecimiento personal.\n\nVuelve a respirar la inmensidad de tu existencia, recuerda que nacemos inmensos, seres de luz encarnados en cuerpos terrenales. Este viaje es para quienes desean despertar su inmensidad interior y aprender a acogerla en todos los aspectos de su vida.\n\n<strong>Qu\u00e9 incluye:<\/strong>\n\n- Transporte de ida y vuelta al aeropuerto.\n- Alojamiento en habitaci\u00f3n doble.\n- Comidas incluidas: 5 cenas, 4 desayunos, 1 brunch.\n- 4 d\u00edas de senderismo.\n- Sesiones de despertar f\u00edsico, emocional y espiritual\n- Masajes y tratamientos integradores a cargo de profesionales seleccionados.\n- Trabajo individual y en grupo h24.\n\n<strong>Requisitos:<\/strong>\n\nEste retiro est\u00e1 reservado a quienes ya hayan trabajado conmigo, ya sea a trav\u00e9s de cursos en grupo o individuales. Si quieres participar, <a href=\"https:\/\/www.alexandrafrancescadalessandro.com\/lavora-con-me\/sessioni-11\/\" target=\"_blank\" rel=\"noopener\">reserva ya tu sesi\u00f3n individual<\/a>. Es esencial para m\u00ed haber establecido ya una relaci\u00f3n contigo, para que podamos movernos en un nivel de confianza y amplificar el trabajo realizado.\n\n<strong>Este retiro es adecuado para ti si<\/strong>\n\n- Buscas sentido y prop\u00f3sito.\n- Deseas recuperar la vitalidad y la alegr\u00eda de vivir.\n- Quieres transformar los pensamientos en acciones significativas.\n- Est\u00e1s preparado para un gran cambio y necesitas apoyo.\n\n<strong>Precios y reservas:<\/strong>\n\nSelecciona las fechas y el alojamiento que prefieras.\n\nInf\u00f3rmate sobre los precios con descuento si reservas anticipadamente.\n\nReserva tu plaza pagando un anticipo del 30% y paga poco a poco (30% de anticipo al reservar + 40% a 90 d\u00edas de la salida + saldo a la llegada a Fuerteventura).\n\nNB. Las fechas se seleccionan para garantizar tarifas favorables en los vuelos. No lo dudes, \u00a1reserva ahora!\n\nPara preguntas, dudas, peticiones espec\u00edficas escr\u00edbeme a : <a href=\"mailto:info@alexandrafrancescadalessandro.com\">info@alexandrafrancescadalessandro.com<\/a>\n\n\u00a0","_et_gb_content_width":""},"product_brand":[],"product_cat":[416],"product_tag":[1078,1080,1077,1056,1079,1081,1082,1065,1083],"class_list":{"0":"post-5637","1":"product","2":"type-product","3":"status-publish","4":"has-post-thumbnail","6":"product_cat-retiro-cat-es","7":"product_tag-autoconciencia","8":"product_tag-autoestima-femenina","9":"product_tag-crecimiento-personal","10":"product_tag-metamedicina-es","11":"product_tag-mujer","12":"product_tag-retirada","13":"product_tag-retiro","14":"product_tag-risvegliodicoscienza-es","15":"product_tag-viaje-de-la-conciencia","17":"first","18":"instock","19":"shipping-taxable","20":"purchasable","21":"product-type-simple"},"yoast_head":"<!-- This site is optimized with the Yoast SEO plugin v27.4 - https:\/\/yoast.com\/product\/yoast-seo-wordpress\/ -->\n<title>RETREAT VASTIT\u00c0 Fuerteventura: Viaje para redescubrir la inmensidad interior | Alexandra Francesca D&#039;Alessandro<\/title>\n<meta name=\"description\" content=\"RETIRO VASTITA&#039; Fuerteventura: viaje para redescubrir la inmensidad interior. Sum\u00e9rgete en un profundo viaje de autorrealizaci\u00f3n y renacimiento.\" \/>\n<meta name=\"robots\" content=\"index, follow, max-snippet:-1, max-image-preview:large, max-video-preview:-1\" \/>\n<link rel=\"canonical\" href=\"https:\/\/www.alexandrafrancescadalessandro.com\/es\/prodotto\/retreat-vastita-fuerteventura-viaje-para-redescubrir-la-inmensidad-interior\/\" \/>\n<meta property=\"og:locale\" content=\"es_ES\" \/>\n<meta property=\"og:type\" content=\"article\" \/>\n<meta property=\"og:title\" content=\"RETREAT VASTIT\u00c0 Fuerteventura: Viaje para redescubrir la inmensidad interior | Alexandra Francesca D&#039;Alessandro\" \/>\n<meta property=\"og:description\" content=\"RETIRO VASTITA&#039; Fuerteventura: viaje para redescubrir la inmensidad interior. Sum\u00e9rgete en un profundo viaje de autorrealizaci\u00f3n y renacimiento.\" \/>\n<meta property=\"og:url\" content=\"https:\/\/www.alexandrafrancescadalessandro.com\/es\/prodotto\/retreat-vastita-fuerteventura-viaje-para-redescubrir-la-inmensidad-interior\/\" \/>\n<meta property=\"og:site_name\" content=\"Alexandra Francesca D&#039;Alessandro\" \/>\n<meta property=\"article:modified_time\" content=\"2024-10-31T22:09:05+00:00\" \/>\n<meta property=\"og:image\" content=\"https:\/\/www.alexandrafrancescadalessandro.com\/wp-content\/uploads\/2024\/04\/Prodotti-woocommerce-4.png\" \/>\n\t<meta property=\"og:image:width\" content=\"1080\" \/>\n\t<meta property=\"og:image:height\" content=\"1080\" \/>\n\t<meta property=\"og:image:type\" content=\"image\/png\" \/>\n<script type=\"application\/ld+json\" class=\"yoast-schema-graph\">{\"@context\":\"https:\\\/\\\/schema.org\",\"@graph\":[{\"@type\":\"WebPage\",\"@id\":\"https:\\\/\\\/www.alexandrafrancescadalessandro.com\\\/es\\\/prodotto\\\/retreat-vastita-fuerteventura-viaje-para-redescubrir-la-inmensidad-interior\\\/\",\"url\":\"https:\\\/\\\/www.alexandrafrancescadalessandro.com\\\/es\\\/prodotto\\\/retreat-vastita-fuerteventura-viaje-para-redescubrir-la-inmensidad-interior\\\/\",\"name\":\"RETREAT VASTIT\u00c0 Fuerteventura: Viaje para redescubrir la inmensidad interior | Alexandra Francesca D'Alessandro\",\"isPartOf\":{\"@id\":\"https:\\\/\\\/www.alexandrafrancescadalessandro.com\\\/es\\\/#website\"},\"primaryImageOfPage\":{\"@id\":\"https:\\\/\\\/www.alexandrafrancescadalessandro.com\\\/es\\\/prodotto\\\/retreat-vastita-fuerteventura-viaje-para-redescubrir-la-inmensidad-interior\\\/#primaryimage\"},\"image\":{\"@id\":\"https:\\\/\\\/www.alexandrafrancescadalessandro.com\\\/es\\\/prodotto\\\/retreat-vastita-fuerteventura-viaje-para-redescubrir-la-inmensidad-interior\\\/#primaryimage\"},\"thumbnailUrl\":\"https:\\\/\\\/i0.wp.com\\\/www.alexandrafrancescadalessandro.com\\\/wp-content\\\/uploads\\\/2024\\\/04\\\/Prodotti-woocommerce-7.jpg?fit=1080%2C1080&ssl=1\",\"datePublished\":\"2024-04-29T11:53:26+00:00\",\"dateModified\":\"2024-10-31T22:09:05+00:00\",\"description\":\"RETIRO VASTITA' Fuerteventura: viaje para redescubrir la inmensidad interior. Sum\u00e9rgete en un profundo viaje de autorrealizaci\u00f3n y renacimiento.\",\"breadcrumb\":{\"@id\":\"https:\\\/\\\/www.alexandrafrancescadalessandro.com\\\/es\\\/prodotto\\\/retreat-vastita-fuerteventura-viaje-para-redescubrir-la-inmensidad-interior\\\/#breadcrumb\"},\"inLanguage\":\"es\",\"potentialAction\":[{\"@type\":\"ReadAction\",\"target\":[\"https:\\\/\\\/www.alexandrafrancescadalessandro.com\\\/es\\\/prodotto\\\/retreat-vastita-fuerteventura-viaje-para-redescubrir-la-inmensidad-interior\\\/\"]}]},{\"@type\":\"ImageObject\",\"inLanguage\":\"es\",\"@id\":\"https:\\\/\\\/www.alexandrafrancescadalessandro.com\\\/es\\\/prodotto\\\/retreat-vastita-fuerteventura-viaje-para-redescubrir-la-inmensidad-interior\\\/#primaryimage\",\"url\":\"https:\\\/\\\/i0.wp.com\\\/www.alexandrafrancescadalessandro.com\\\/wp-content\\\/uploads\\\/2024\\\/04\\\/Prodotti-woocommerce-7.jpg?fit=1080%2C1080&ssl=1\",\"contentUrl\":\"https:\\\/\\\/i0.wp.com\\\/www.alexandrafrancescadalessandro.com\\\/wp-content\\\/uploads\\\/2024\\\/04\\\/Prodotti-woocommerce-7.jpg?fit=1080%2C1080&ssl=1\",\"width\":1080,\"height\":1080,\"caption\":\"RETREAT FUERTEVENTURA\"},{\"@type\":\"BreadcrumbList\",\"@id\":\"https:\\\/\\\/www.alexandrafrancescadalessandro.com\\\/es\\\/prodotto\\\/retreat-vastita-fuerteventura-viaje-para-redescubrir-la-inmensidad-interior\\\/#breadcrumb\",\"itemListElement\":[{\"@type\":\"ListItem\",\"position\":1,\"name\":\"Home\",\"item\":\"https:\\\/\\\/www.alexandrafrancescadalessandro.com\\\/es\\\/\"},{\"@type\":\"ListItem\",\"position\":2,\"name\":\"Tienda\",\"item\":\"https:\\\/\\\/www.alexandrafrancescadalessandro.com\\\/negozio\\\/\"},{\"@type\":\"ListItem\",\"position\":3,\"name\":\"RETREAT VASTIT\u00c0 Fuerteventura: Viaje para redescubrir la inmensidad interior\"}]},{\"@type\":\"WebSite\",\"@id\":\"https:\\\/\\\/www.alexandrafrancescadalessandro.com\\\/es\\\/#website\",\"url\":\"https:\\\/\\\/www.alexandrafrancescadalessandro.com\\\/es\\\/\",\"name\":\"Alexandra Francesca D'Alessandro | Metamedicina\",\"description\":\"Metamedicina\",\"publisher\":{\"@id\":\"https:\\\/\\\/www.alexandrafrancescadalessandro.com\\\/es\\\/#\\\/schema\\\/person\\\/f48a80179b0d01c8760b023fd9325ab5\"},\"potentialAction\":[{\"@type\":\"SearchAction\",\"target\":{\"@type\":\"EntryPoint\",\"urlTemplate\":\"https:\\\/\\\/www.alexandrafrancescadalessandro.com\\\/es\\\/?s={search_term_string}\"},\"query-input\":{\"@type\":\"PropertyValueSpecification\",\"valueRequired\":true,\"valueName\":\"search_term_string\"}}],\"inLanguage\":\"es\"},{\"@type\":[\"Person\",\"Organization\"],\"@id\":\"https:\\\/\\\/www.alexandrafrancescadalessandro.com\\\/es\\\/#\\\/schema\\\/person\\\/f48a80179b0d01c8760b023fd9325ab5\",\"name\":\"Alexandra Francesca D'Alessandro\",\"image\":{\"@type\":\"ImageObject\",\"inLanguage\":\"es\",\"@id\":\"https:\\\/\\\/www.alexandrafrancescadalessandro.com\\\/wp-content\\\/uploads\\\/2024\\\/06\\\/Writter-by-Alexandra-Francesca-DAlessandro-Author.jpg\",\"url\":\"https:\\\/\\\/www.alexandrafrancescadalessandro.com\\\/wp-content\\\/uploads\\\/2024\\\/06\\\/Writter-by-Alexandra-Francesca-DAlessandro-Author.jpg\",\"contentUrl\":\"https:\\\/\\\/www.alexandrafrancescadalessandro.com\\\/wp-content\\\/uploads\\\/2024\\\/06\\\/Writter-by-Alexandra-Francesca-DAlessandro-Author.jpg\",\"width\":400,\"height\":400,\"caption\":\"Alexandra Francesca D'Alessandro\"},\"logo\":{\"@id\":\"https:\\\/\\\/www.alexandrafrancescadalessandro.com\\\/wp-content\\\/uploads\\\/2024\\\/06\\\/Writter-by-Alexandra-Francesca-DAlessandro-Author.jpg\"},\"sameAs\":[\"https:\\\/\\\/www.alexandrafrancescadalessandro.com\\\/\"]}]}<\/script>\n<!-- \/ Yoast SEO plugin. -->","yoast_head_json":{"title":"RETREAT VASTIT\u00c0 Fuerteventura: Viaje para redescubrir la inmensidad interior | Alexandra Francesca D'Alessandro","description":"RETIRO VASTITA' Fuerteventura: viaje para redescubrir la inmensidad interior. Sum\u00e9rgete en un profundo viaje de autorrealizaci\u00f3n y renacimiento.","robots":{"index":"index","follow":"follow","max-snippet":"max-snippet:-1","max-image-preview":"max-image-preview:large","max-video-preview":"max-video-preview:-1"},"canonical":"https:\/\/www.alexandrafrancescadalessandro.com\/es\/prodotto\/retreat-vastita-fuerteventura-viaje-para-redescubrir-la-inmensidad-interior\/","og_locale":"es_ES","og_type":"article","og_title":"RETREAT VASTIT\u00c0 Fuerteventura: Viaje para redescubrir la inmensidad interior | Alexandra Francesca D'Alessandro","og_description":"RETIRO VASTITA' Fuerteventura: viaje para redescubrir la inmensidad interior. Sum\u00e9rgete en un profundo viaje de autorrealizaci\u00f3n y renacimiento.","og_url":"https:\/\/www.alexandrafrancescadalessandro.com\/es\/prodotto\/retreat-vastita-fuerteventura-viaje-para-redescubrir-la-inmensidad-interior\/","og_site_name":"Alexandra Francesca D'Alessandro","article_modified_time":"2024-10-31T22:09:05+00:00","og_image":[{"width":1080,"height":1080,"url":"https:\/\/www.alexandrafrancescadalessandro.com\/wp-content\/uploads\/2024\/04\/Prodotti-woocommerce-4.png","type":"image\/png"}],"schema":{"@context":"https:\/\/schema.org","@graph":[{"@type":"WebPage","@id":"https:\/\/www.alexandrafrancescadalessandro.com\/es\/prodotto\/retreat-vastita-fuerteventura-viaje-para-redescubrir-la-inmensidad-interior\/","url":"https:\/\/www.alexandrafrancescadalessandro.com\/es\/prodotto\/retreat-vastita-fuerteventura-viaje-para-redescubrir-la-inmensidad-interior\/","name":"RETREAT VASTIT\u00c0 Fuerteventura: Viaje para redescubrir la inmensidad interior | Alexandra Francesca D'Alessandro","isPartOf":{"@id":"https:\/\/www.alexandrafrancescadalessandro.com\/es\/#website"},"primaryImageOfPage":{"@id":"https:\/\/www.alexandrafrancescadalessandro.com\/es\/prodotto\/retreat-vastita-fuerteventura-viaje-para-redescubrir-la-inmensidad-interior\/#primaryimage"},"image":{"@id":"https:\/\/www.alexandrafrancescadalessandro.com\/es\/prodotto\/retreat-vastita-fuerteventura-viaje-para-redescubrir-la-inmensidad-interior\/#primaryimage"},"thumbnailUrl":"https:\/\/i0.wp.com\/www.alexandrafrancescadalessandro.com\/wp-content\/uploads\/2024\/04\/Prodotti-woocommerce-7.jpg?fit=1080%2C1080&ssl=1","datePublished":"2024-04-29T11:53:26+00:00","dateModified":"2024-10-31T22:09:05+00:00","description":"RETIRO VASTITA' Fuerteventura: viaje para redescubrir la inmensidad interior. Sum\u00e9rgete en un profundo viaje de autorrealizaci\u00f3n y renacimiento.","breadcrumb":{"@id":"https:\/\/www.alexandrafrancescadalessandro.com\/es\/prodotto\/retreat-vastita-fuerteventura-viaje-para-redescubrir-la-inmensidad-interior\/#breadcrumb"},"inLanguage":"es","potentialAction":[{"@type":"ReadAction","target":["https:\/\/www.alexandrafrancescadalessandro.com\/es\/prodotto\/retreat-vastita-fuerteventura-viaje-para-redescubrir-la-inmensidad-interior\/"]}]},{"@type":"ImageObject","inLanguage":"es","@id":"https:\/\/www.alexandrafrancescadalessandro.com\/es\/prodotto\/retreat-vastita-fuerteventura-viaje-para-redescubrir-la-inmensidad-interior\/#primaryimage","url":"https:\/\/i0.wp.com\/www.alexandrafrancescadalessandro.com\/wp-content\/uploads\/2024\/04\/Prodotti-woocommerce-7.jpg?fit=1080%2C1080&ssl=1","contentUrl":"https:\/\/i0.wp.com\/www.alexandrafrancescadalessandro.com\/wp-content\/uploads\/2024\/04\/Prodotti-woocommerce-7.jpg?fit=1080%2C1080&ssl=1","width":1080,"height":1080,"caption":"RETREAT FUERTEVENTURA"},{"@type":"BreadcrumbList","@id":"https:\/\/www.alexandrafrancescadalessandro.com\/es\/prodotto\/retreat-vastita-fuerteventura-viaje-para-redescubrir-la-inmensidad-interior\/#breadcrumb","itemListElement":[{"@type":"ListItem","position":1,"name":"Home","item":"https:\/\/www.alexandrafrancescadalessandro.com\/es\/"},{"@type":"ListItem","position":2,"name":"Tienda","item":"https:\/\/www.alexandrafrancescadalessandro.com\/negozio\/"},{"@type":"ListItem","position":3,"name":"RETREAT VASTIT\u00c0 Fuerteventura: Viaje para redescubrir la inmensidad interior"}]},{"@type":"WebSite","@id":"https:\/\/www.alexandrafrancescadalessandro.com\/es\/#website","url":"https:\/\/www.alexandrafrancescadalessandro.com\/es\/","name":"Alexandra Francesca D'Alessandro | Metamedicina","description":"Metamedicina","publisher":{"@id":"https:\/\/www.alexandrafrancescadalessandro.com\/es\/#\/schema\/person\/f48a80179b0d01c8760b023fd9325ab5"},"potentialAction":[{"@type":"SearchAction","target":{"@type":"EntryPoint","urlTemplate":"https:\/\/www.alexandrafrancescadalessandro.com\/es\/?s={search_term_string}"},"query-input":{"@type":"PropertyValueSpecification","valueRequired":true,"valueName":"search_term_string"}}],"inLanguage":"es"},{"@type":["Person","Organization"],"@id":"https:\/\/www.alexandrafrancescadalessandro.com\/es\/#\/schema\/person\/f48a80179b0d01c8760b023fd9325ab5","name":"Alexandra Francesca D'Alessandro","image":{"@type":"ImageObject","inLanguage":"es","@id":"https:\/\/www.alexandrafrancescadalessandro.com\/wp-content\/uploads\/2024\/06\/Writter-by-Alexandra-Francesca-DAlessandro-Author.jpg","url":"https:\/\/www.alexandrafrancescadalessandro.com\/wp-content\/uploads\/2024\/06\/Writter-by-Alexandra-Francesca-DAlessandro-Author.jpg","contentUrl":"https:\/\/www.alexandrafrancescadalessandro.com\/wp-content\/uploads\/2024\/06\/Writter-by-Alexandra-Francesca-DAlessandro-Author.jpg","width":400,"height":400,"caption":"Alexandra Francesca D'Alessandro"},"logo":{"@id":"https:\/\/www.alexandrafrancescadalessandro.com\/wp-content\/uploads\/2024\/06\/Writter-by-Alexandra-Francesca-DAlessandro-Author.jpg"},"sameAs":["https:\/\/www.alexandrafrancescadalessandro.com\/"]}]}},"jetpack-related-posts":[],"jetpack_sharing_enabled":true,"_links":{"self":[{"href":"https:\/\/www.alexandrafrancescadalessandro.com\/es\/wp-json\/wp\/v2\/product\/5637","targetHints":{"allow":["GET"]}}],"collection":[{"href":"https:\/\/www.alexandrafrancescadalessandro.com\/es\/wp-json\/wp\/v2\/product"}],"about":[{"href":"https:\/\/www.alexandrafrancescadalessandro.com\/es\/wp-json\/wp\/v2\/types\/product"}],"wp:featuredmedia":[{"embeddable":true,"href":"https:\/\/www.alexandrafrancescadalessandro.com\/es\/wp-json\/wp\/v2\/media\/6154"}],"wp:attachment":[{"href":"https:\/\/www.alexandrafrancescadalessandro.com\/es\/wp-json\/wp\/v2\/media?parent=5637"}],"wp:term":[{"taxonomy":"product_brand","embeddable":true,"href":"https:\/\/www.alexandrafrancescadalessandro.com\/es\/wp-json\/wp\/v2\/product_brand?post=5637"},{"taxonomy":"product_cat","embeddable":true,"href":"https:\/\/www.alexandrafrancescadalessandro.com\/es\/wp-json\/wp\/v2\/product_cat?post=5637"},{"taxonomy":"product_tag","embeddable":true,"href":"https:\/\/www.alexandrafrancescadalessandro.com\/es\/wp-json\/wp\/v2\/product_tag?post=5637"}],"curies":[{"name":"wp","href":"https:\/\/api.w.org\/{rel}","templated":true}]}}