{"id":3024,"date":"2024-04-28T18:42:02","date_gmt":"2024-04-28T16:42:02","guid":{"rendered":"https:\/\/www.alexandrafrancescadalessandro.com\/?post_type=product&#038;p=3024"},"modified":"2024-06-22T14:57:50","modified_gmt":"2024-06-22T12:57:50","slug":"ego-spirituale-guida-essenziale-per-il-percorso-di-crescita-personale-ebook","status":"publish","type":"product","link":"https:\/\/www.alexandrafrancescadalessandro.com\/es\/prodotto\/ego-spirituale-guida-essenziale-per-il-percorso-di-crescita-personale-ebook\/","title":{"rendered":"Ego Spirituale: guida essenziale per il percorso di crescita personale &#8211; Ebook"},"content":{"rendered":"<p><strong>Ego Spirituale: guida essenziale per il percorso di crescita personale &#8211; Ebook<\/strong><\/p>\n<p>L&#8217;ego \u00e8 maestro di travestimento: la sua ultima frontiera \u00e8 la versione 2.0 nella quale si \u00e8 vestito di spiritualit\u00e0.<\/p>\n<p>Cos\u00ec travestito continua a esercitare il controllo sottile sul nostro percorso di crescita personale.<\/p>\n<p>Se sei immerso in un viaggio di trasformazione interiore, questa guida \u00e8 per te.<\/p>\n<p><strong>Cosa scoprirai:<\/strong><br \/>\n&#8211; I travestimenti dell&#8217;ego spirituale e le trappole che tende<br \/>\n&#8211; Come riconoscere e superare le paure, le ferite e i pensieri negativi<br \/>\n&#8211; Strategie per liberarti dalla necessit\u00e0 di guadagnare o meritarne l&#8217;amore<\/p>\n<p><strong>Highlights del contenuto:<\/strong><br \/>\n&#8211; Esplora le insidie dell&#8217;ego spirituale nel mondo della crescita personale<br \/>\n&#8211; Approfondisci argomenti come il pensiero compulsivo, l&#8217;ansia e la confusione interiore<br \/>\n&#8211; Scopri come distinguere il vero risveglio spirituale dall&#8217;illusione dell&#8217;ego<\/p>\n<p><strong>Cosa sono sono le Miniguide di Alexandra<\/strong>:<br \/>\nQuesta pubblicazione \u00e8 parte della serie \u00abLe Miniguide di Alexandra\u00bb, progettate per offrire una panoramica chiara e pratica dei concetti trattati nelle conferenze e nei webinar di Alexandra. Ogni guida ti fornisce strumenti utili per integrare la tua crescita personale.<\/p>\n<p>Svela i trucchi dell&#8217;ego spirituale e fai un passo avanti verso una consapevolezza autentica con \u00abEgo Spirituale\u00bb.<\/p>\n<p>&nbsp;<\/p>\n<p>&nbsp;<\/p>\n","protected":false},"excerpt":{"rendered":"<p><strong>Ego Spirituale: guida essenziale per il percorso di crescita personale &#8211; Ebook<\/strong><\/p>\n<p>L&#8217;ego \u00e8 maestro di travestimento: la sua ultima frontiera \u00e8 la versione 2.0 nella quale si \u00e8 vestito di spiritualit\u00e0.<\/p>\n<p>Cos\u00ec travestito continua a esercitare il controllo sottile sul nostro percorso di crescita personale.<\/p>\n<p>Se sei immerso in un viaggio di trasformazione interiore, questa guida \u00e8 per te.<\/p>\n","protected":false},"featured_media":5302,"template":"","meta":{"_et_pb_use_builder":"","_et_pb_old_content":"","_et_gb_content_width":""},"product_brand":[],"product_cat":[394],"product_tag":[52,59,46,398,400,31,40,399],"class_list":{"0":"post-3024","1":"product","2":"type-product","3":"status-publish","4":"has-post-thumbnail","6":"product_cat-ebook","7":"product_tag-autoconsapevolezza","8":"product_tag-autostima-femminile","9":"product_tag-crescita-personale","10":"product_tag-ebook","11":"product_tag-ego","12":"product_tag-metamedicina","13":"product_tag-risvegliodicoscienza","14":"product_tag-spiritualita","16":"first","17":"instock","18":"downloadable","19":"virtual","20":"purchasable","21":"product-type-simple"},"yoast_head":"<!-- This site is optimized with the Yoast SEO plugin v27.4 - https:\/\/yoast.com\/product\/yoast-seo-wordpress\/ -->\n<title>Ego Spirituale: guida essenziale per il percorso di crescita personale - Ebook | Alexandra Francesca D&#039;Alessandro<\/title>\n<meta name=\"description\" content=\"Ego Spirituale: guida essenziale per il percorso di crescita personale - Ebook L&#039;ego \u00e8 maestro di travestimento: la sua ultima frontiera \u00e8 la spiritualit\u00e0\" \/>\n<meta name=\"robots\" content=\"index, follow, max-snippet:-1, max-image-preview:large, max-video-preview:-1\" \/>\n<link rel=\"canonical\" href=\"https:\/\/www.alexandrafrancescadalessandro.com\/es\/prodotto\/ego-spirituale-guida-essenziale-per-il-percorso-di-crescita-personale-ebook\/\" \/>\n<meta property=\"og:locale\" content=\"es_ES\" \/>\n<meta property=\"og:type\" content=\"article\" \/>\n<meta property=\"og:title\" content=\"Ego Spirituale: guida essenziale per il percorso di crescita personale - Ebook | Alexandra Francesca D&#039;Alessandro\" \/>\n<meta property=\"og:description\" content=\"Ego Spirituale: guida essenziale per il percorso di crescita personale - Ebook L&#039;ego \u00e8 maestro di travestimento: la sua ultima frontiera \u00e8 la spiritualit\u00e0\" \/>\n<meta property=\"og:url\" content=\"https:\/\/www.alexandrafrancescadalessandro.com\/es\/prodotto\/ego-spirituale-guida-essenziale-per-il-percorso-di-crescita-personale-ebook\/\" \/>\n<meta property=\"og:site_name\" content=\"Alexandra Francesca D&#039;Alessandro\" \/>\n<meta property=\"article:modified_time\" content=\"2024-06-22T12:57:50+00:00\" \/>\n<meta property=\"og:image\" content=\"https:\/\/www.alexandrafrancescadalessandro.com\/wp-content\/uploads\/2024\/04\/copertine-ebook-6.png\" \/>\n\t<meta property=\"og:image:width\" content=\"1545\" \/>\n\t<meta property=\"og:image:height\" content=\"2000\" \/>\n\t<meta property=\"og:image:type\" content=\"image\/png\" \/>\n<script type=\"application\/ld+json\" class=\"yoast-schema-graph\">{\"@context\":\"https:\\\/\\\/schema.org\",\"@graph\":[{\"@type\":\"WebPage\",\"@id\":\"https:\\\/\\\/www.alexandrafrancescadalessandro.com\\\/es\\\/prodotto\\\/ego-spirituale-guida-essenziale-per-il-percorso-di-crescita-personale-ebook\\\/\",\"url\":\"https:\\\/\\\/www.alexandrafrancescadalessandro.com\\\/es\\\/prodotto\\\/ego-spirituale-guida-essenziale-per-il-percorso-di-crescita-personale-ebook\\\/\",\"name\":\"Ego Spirituale: guida essenziale per il percorso di crescita personale - Ebook | Alexandra Francesca D'Alessandro\",\"isPartOf\":{\"@id\":\"https:\\\/\\\/www.alexandrafrancescadalessandro.com\\\/es\\\/#website\"},\"primaryImageOfPage\":{\"@id\":\"https:\\\/\\\/www.alexandrafrancescadalessandro.com\\\/es\\\/prodotto\\\/ego-spirituale-guida-essenziale-per-il-percorso-di-crescita-personale-ebook\\\/#primaryimage\"},\"image\":{\"@id\":\"https:\\\/\\\/www.alexandrafrancescadalessandro.com\\\/es\\\/prodotto\\\/ego-spirituale-guida-essenziale-per-il-percorso-di-crescita-personale-ebook\\\/#primaryimage\"},\"thumbnailUrl\":\"https:\\\/\\\/i0.wp.com\\\/www.alexandrafrancescadalessandro.com\\\/wp-content\\\/uploads\\\/2024\\\/04\\\/copertine-ebook-6.png?fit=1545%2C2000&ssl=1\",\"datePublished\":\"2024-04-28T16:42:02+00:00\",\"dateModified\":\"2024-06-22T12:57:50+00:00\",\"description\":\"Ego Spirituale: guida essenziale per il percorso di crescita personale - Ebook L'ego \u00e8 maestro di travestimento: la sua ultima frontiera \u00e8 la spiritualit\u00e0\",\"breadcrumb\":{\"@id\":\"https:\\\/\\\/www.alexandrafrancescadalessandro.com\\\/es\\\/prodotto\\\/ego-spirituale-guida-essenziale-per-il-percorso-di-crescita-personale-ebook\\\/#breadcrumb\"},\"inLanguage\":\"es\",\"potentialAction\":[{\"@type\":\"ReadAction\",\"target\":[\"https:\\\/\\\/www.alexandrafrancescadalessandro.com\\\/es\\\/prodotto\\\/ego-spirituale-guida-essenziale-per-il-percorso-di-crescita-personale-ebook\\\/\"]}]},{\"@type\":\"ImageObject\",\"inLanguage\":\"es\",\"@id\":\"https:\\\/\\\/www.alexandrafrancescadalessandro.com\\\/es\\\/prodotto\\\/ego-spirituale-guida-essenziale-per-il-percorso-di-crescita-personale-ebook\\\/#primaryimage\",\"url\":\"https:\\\/\\\/i0.wp.com\\\/www.alexandrafrancescadalessandro.com\\\/wp-content\\\/uploads\\\/2024\\\/04\\\/copertine-ebook-6.png?fit=1545%2C2000&ssl=1\",\"contentUrl\":\"https:\\\/\\\/i0.wp.com\\\/www.alexandrafrancescadalessandro.com\\\/wp-content\\\/uploads\\\/2024\\\/04\\\/copertine-ebook-6.png?fit=1545%2C2000&ssl=1\",\"width\":1545,\"height\":2000,\"caption\":\"EBOOK EGO SPIRITUALE ALEXANDRA IT\"},{\"@type\":\"BreadcrumbList\",\"@id\":\"https:\\\/\\\/www.alexandrafrancescadalessandro.com\\\/es\\\/prodotto\\\/ego-spirituale-guida-essenziale-per-il-percorso-di-crescita-personale-ebook\\\/#breadcrumb\",\"itemListElement\":[{\"@type\":\"ListItem\",\"position\":1,\"name\":\"Home\",\"item\":\"https:\\\/\\\/www.alexandrafrancescadalessandro.com\\\/es\\\/\"},{\"@type\":\"ListItem\",\"position\":2,\"name\":\"Tienda\",\"item\":\"https:\\\/\\\/www.alexandrafrancescadalessandro.com\\\/negozio\\\/\"},{\"@type\":\"ListItem\",\"position\":3,\"name\":\"Ego Spirituale: guida essenziale per il percorso di crescita personale &#8211; Ebook\"}]},{\"@type\":\"WebSite\",\"@id\":\"https:\\\/\\\/www.alexandrafrancescadalessandro.com\\\/es\\\/#website\",\"url\":\"https:\\\/\\\/www.alexandrafrancescadalessandro.com\\\/es\\\/\",\"name\":\"Alexandra Francesca D'Alessandro | Metamedicina\",\"description\":\"Metamedicina\",\"publisher\":{\"@id\":\"https:\\\/\\\/www.alexandrafrancescadalessandro.com\\\/es\\\/#\\\/schema\\\/person\\\/f48a80179b0d01c8760b023fd9325ab5\"},\"potentialAction\":[{\"@type\":\"SearchAction\",\"target\":{\"@type\":\"EntryPoint\",\"urlTemplate\":\"https:\\\/\\\/www.alexandrafrancescadalessandro.com\\\/es\\\/?s={search_term_string}\"},\"query-input\":{\"@type\":\"PropertyValueSpecification\",\"valueRequired\":true,\"valueName\":\"search_term_string\"}}],\"inLanguage\":\"es\"},{\"@type\":[\"Person\",\"Organization\"],\"@id\":\"https:\\\/\\\/www.alexandrafrancescadalessandro.com\\\/es\\\/#\\\/schema\\\/person\\\/f48a80179b0d01c8760b023fd9325ab5\",\"name\":\"Alexandra Francesca D'Alessandro\",\"image\":{\"@type\":\"ImageObject\",\"inLanguage\":\"es\",\"@id\":\"https:\\\/\\\/www.alexandrafrancescadalessandro.com\\\/wp-content\\\/uploads\\\/2024\\\/06\\\/Writter-by-Alexandra-Francesca-DAlessandro-Author.jpg\",\"url\":\"https:\\\/\\\/www.alexandrafrancescadalessandro.com\\\/wp-content\\\/uploads\\\/2024\\\/06\\\/Writter-by-Alexandra-Francesca-DAlessandro-Author.jpg\",\"contentUrl\":\"https:\\\/\\\/www.alexandrafrancescadalessandro.com\\\/wp-content\\\/uploads\\\/2024\\\/06\\\/Writter-by-Alexandra-Francesca-DAlessandro-Author.jpg\",\"width\":400,\"height\":400,\"caption\":\"Alexandra Francesca D'Alessandro\"},\"logo\":{\"@id\":\"https:\\\/\\\/www.alexandrafrancescadalessandro.com\\\/wp-content\\\/uploads\\\/2024\\\/06\\\/Writter-by-Alexandra-Francesca-DAlessandro-Author.jpg\"},\"sameAs\":[\"https:\\\/\\\/www.alexandrafrancescadalessandro.com\\\/\"]}]}<\/script>\n<!-- \/ Yoast SEO plugin. -->","yoast_head_json":{"title":"Ego Spirituale: guida essenziale per il percorso di crescita personale - Ebook | Alexandra Francesca D'Alessandro","description":"Ego Spirituale: guida essenziale per il percorso di crescita personale - Ebook L'ego \u00e8 maestro di travestimento: la sua ultima frontiera \u00e8 la spiritualit\u00e0","robots":{"index":"index","follow":"follow","max-snippet":"max-snippet:-1","max-image-preview":"max-image-preview:large","max-video-preview":"max-video-preview:-1"},"canonical":"https:\/\/www.alexandrafrancescadalessandro.com\/es\/prodotto\/ego-spirituale-guida-essenziale-per-il-percorso-di-crescita-personale-ebook\/","og_locale":"es_ES","og_type":"article","og_title":"Ego Spirituale: guida essenziale per il percorso di crescita personale - Ebook | Alexandra Francesca D'Alessandro","og_description":"Ego Spirituale: guida essenziale per il percorso di crescita personale - Ebook L'ego \u00e8 maestro di travestimento: la sua ultima frontiera \u00e8 la spiritualit\u00e0","og_url":"https:\/\/www.alexandrafrancescadalessandro.com\/es\/prodotto\/ego-spirituale-guida-essenziale-per-il-percorso-di-crescita-personale-ebook\/","og_site_name":"Alexandra Francesca D'Alessandro","article_modified_time":"2024-06-22T12:57:50+00:00","og_image":[{"width":1545,"height":2000,"url":"https:\/\/www.alexandrafrancescadalessandro.com\/wp-content\/uploads\/2024\/04\/copertine-ebook-6.png","type":"image\/png"}],"schema":{"@context":"https:\/\/schema.org","@graph":[{"@type":"WebPage","@id":"https:\/\/www.alexandrafrancescadalessandro.com\/es\/prodotto\/ego-spirituale-guida-essenziale-per-il-percorso-di-crescita-personale-ebook\/","url":"https:\/\/www.alexandrafrancescadalessandro.com\/es\/prodotto\/ego-spirituale-guida-essenziale-per-il-percorso-di-crescita-personale-ebook\/","name":"Ego Spirituale: guida essenziale per il percorso di crescita personale - Ebook | Alexandra Francesca D'Alessandro","isPartOf":{"@id":"https:\/\/www.alexandrafrancescadalessandro.com\/es\/#website"},"primaryImageOfPage":{"@id":"https:\/\/www.alexandrafrancescadalessandro.com\/es\/prodotto\/ego-spirituale-guida-essenziale-per-il-percorso-di-crescita-personale-ebook\/#primaryimage"},"image":{"@id":"https:\/\/www.alexandrafrancescadalessandro.com\/es\/prodotto\/ego-spirituale-guida-essenziale-per-il-percorso-di-crescita-personale-ebook\/#primaryimage"},"thumbnailUrl":"https:\/\/i0.wp.com\/www.alexandrafrancescadalessandro.com\/wp-content\/uploads\/2024\/04\/copertine-ebook-6.png?fit=1545%2C2000&ssl=1","datePublished":"2024-04-28T16:42:02+00:00","dateModified":"2024-06-22T12:57:50+00:00","description":"Ego Spirituale: guida essenziale per il percorso di crescita personale - Ebook L'ego \u00e8 maestro di travestimento: la sua ultima frontiera \u00e8 la spiritualit\u00e0","breadcrumb":{"@id":"https:\/\/www.alexandrafrancescadalessandro.com\/es\/prodotto\/ego-spirituale-guida-essenziale-per-il-percorso-di-crescita-personale-ebook\/#breadcrumb"},"inLanguage":"es","potentialAction":[{"@type":"ReadAction","target":["https:\/\/www.alexandrafrancescadalessandro.com\/es\/prodotto\/ego-spirituale-guida-essenziale-per-il-percorso-di-crescita-personale-ebook\/"]}]},{"@type":"ImageObject","inLanguage":"es","@id":"https:\/\/www.alexandrafrancescadalessandro.com\/es\/prodotto\/ego-spirituale-guida-essenziale-per-il-percorso-di-crescita-personale-ebook\/#primaryimage","url":"https:\/\/i0.wp.com\/www.alexandrafrancescadalessandro.com\/wp-content\/uploads\/2024\/04\/copertine-ebook-6.png?fit=1545%2C2000&ssl=1","contentUrl":"https:\/\/i0.wp.com\/www.alexandrafrancescadalessandro.com\/wp-content\/uploads\/2024\/04\/copertine-ebook-6.png?fit=1545%2C2000&ssl=1","width":1545,"height":2000,"caption":"EBOOK EGO SPIRITUALE ALEXANDRA IT"},{"@type":"BreadcrumbList","@id":"https:\/\/www.alexandrafrancescadalessandro.com\/es\/prodotto\/ego-spirituale-guida-essenziale-per-il-percorso-di-crescita-personale-ebook\/#breadcrumb","itemListElement":[{"@type":"ListItem","position":1,"name":"Home","item":"https:\/\/www.alexandrafrancescadalessandro.com\/es\/"},{"@type":"ListItem","position":2,"name":"Tienda","item":"https:\/\/www.alexandrafrancescadalessandro.com\/negozio\/"},{"@type":"ListItem","position":3,"name":"Ego Spirituale: guida essenziale per il percorso di crescita personale &#8211; Ebook"}]},{"@type":"WebSite","@id":"https:\/\/www.alexandrafrancescadalessandro.com\/es\/#website","url":"https:\/\/www.alexandrafrancescadalessandro.com\/es\/","name":"Alexandra Francesca D'Alessandro | Metamedicina","description":"Metamedicina","publisher":{"@id":"https:\/\/www.alexandrafrancescadalessandro.com\/es\/#\/schema\/person\/f48a80179b0d01c8760b023fd9325ab5"},"potentialAction":[{"@type":"SearchAction","target":{"@type":"EntryPoint","urlTemplate":"https:\/\/www.alexandrafrancescadalessandro.com\/es\/?s={search_term_string}"},"query-input":{"@type":"PropertyValueSpecification","valueRequired":true,"valueName":"search_term_string"}}],"inLanguage":"es"},{"@type":["Person","Organization"],"@id":"https:\/\/www.alexandrafrancescadalessandro.com\/es\/#\/schema\/person\/f48a80179b0d01c8760b023fd9325ab5","name":"Alexandra Francesca D'Alessandro","image":{"@type":"ImageObject","inLanguage":"es","@id":"https:\/\/www.alexandrafrancescadalessandro.com\/wp-content\/uploads\/2024\/06\/Writter-by-Alexandra-Francesca-DAlessandro-Author.jpg","url":"https:\/\/www.alexandrafrancescadalessandro.com\/wp-content\/uploads\/2024\/06\/Writter-by-Alexandra-Francesca-DAlessandro-Author.jpg","contentUrl":"https:\/\/www.alexandrafrancescadalessandro.com\/wp-content\/uploads\/2024\/06\/Writter-by-Alexandra-Francesca-DAlessandro-Author.jpg","width":400,"height":400,"caption":"Alexandra Francesca D'Alessandro"},"logo":{"@id":"https:\/\/www.alexandrafrancescadalessandro.com\/wp-content\/uploads\/2024\/06\/Writter-by-Alexandra-Francesca-DAlessandro-Author.jpg"},"sameAs":["https:\/\/www.alexandrafrancescadalessandro.com\/"]}]}},"jetpack-related-posts":[],"jetpack_sharing_enabled":true,"_links":{"self":[{"href":"https:\/\/www.alexandrafrancescadalessandro.com\/es\/wp-json\/wp\/v2\/product\/3024","targetHints":{"allow":["GET"]}}],"collection":[{"href":"https:\/\/www.alexandrafrancescadalessandro.com\/es\/wp-json\/wp\/v2\/product"}],"about":[{"href":"https:\/\/www.alexandrafrancescadalessandro.com\/es\/wp-json\/wp\/v2\/types\/product"}],"wp:featuredmedia":[{"embeddable":true,"href":"https:\/\/www.alexandrafrancescadalessandro.com\/es\/wp-json\/wp\/v2\/media\/5302"}],"wp:attachment":[{"href":"https:\/\/www.alexandrafrancescadalessandro.com\/es\/wp-json\/wp\/v2\/media?parent=3024"}],"wp:term":[{"taxonomy":"product_brand","embeddable":true,"href":"https:\/\/www.alexandrafrancescadalessandro.com\/es\/wp-json\/wp\/v2\/product_brand?post=3024"},{"taxonomy":"product_cat","embeddable":true,"href":"https:\/\/www.alexandrafrancescadalessandro.com\/es\/wp-json\/wp\/v2\/product_cat?post=3024"},{"taxonomy":"product_tag","embeddable":true,"href":"https:\/\/www.alexandrafrancescadalessandro.com\/es\/wp-json\/wp\/v2\/product_tag?post=3024"}],"curies":[{"name":"wp","href":"https:\/\/api.w.org\/{rel}","templated":true}]}}