{"id":142,"date":"2024-04-25T15:26:42","date_gmt":"2024-04-25T13:26:42","guid":{"rendered":"https:\/\/www.alexandrafrancescadalessandro.com\/?post_type=product&#038;p=142"},"modified":"2024-06-23T00:03:09","modified_gmt":"2024-06-22T22:03:09","slug":"ciclo-mestruale-irregolare-significati-profondi","status":"publish","type":"product","link":"https:\/\/www.alexandrafrancescadalessandro.com\/es\/prodotto\/ciclo-mestruale-irregolare-significati-profondi\/","title":{"rendered":"Ciclo mestruale irregolare: significati profondi e come ri-armonizzarlo con il metodo Ciclika"},"content":{"rendered":"<p>Ciclo mestruale irregolare: significati profondi e come ri-armonizzarlo con il metodo Ciclika<\/p>\n<p>Esplora il Tuo Ciclo Irregolare con Profondit\u00e0<\/p>\n<p>Scopri il significato intimo delle variazioni nel tuo ciclo mestruale: i messaggi, gli ostacoli, le risorse che portano con s\u00e9.<\/p>\n<p>Cos&#8217;\u00e8 il Ciclo Irregolare?<\/p>\n<p>Ogni donna ha il suo ritmo, influenzato da una moltitudine di fattori. Cosa possono comunicarci simbolicamente le variazioni nella durata del ciclo o i momenti di sospensione? La regolarit\u00e0 o l&#8217;irregolarit\u00e0 del ciclo porta con s\u00e9 domande e dubbi sulla nostra salute e accettabilit\u00e0.<\/p>\n<p>Ciclo mestruale irregolare: significati profondi e come ri-armonizzarlo con il metodo Ciclika<\/p>\n<p>Per chi \u00e8 questo corso?<br \/>\n&#8211; Per coloro che hanno un ciclo irregolare e desiderano comprenderne le cause.<br \/>\n&#8211; Per chi si sente inadeguata a causa dell&#8217;irregolarit\u00e0 del proprio ciclo mestruale.<br \/>\n&#8211; Per coloro che desiderano approfondire la conoscenza della ciclicit\u00e0 femminile e della saggezza delle mestruazioni.<br \/>\n&#8211; Per chi vuole abbracciare i cambiamenti e le trasformazioni anzich\u00e9 opporvisi.<br \/>\n&#8211; Per le menti curiose, desiderose di risposte su un tema ancora poco chiaro.<\/p>\n<p><strong>VIDEO CORSO della durata di un&#8217;ora e trenta minuti.<\/strong><\/p>\n<p>\u00abLa donna \u00e8 una creatura sconosciuta&#8230; soprattutto a se stessa.\u00bb &#8211; A.Comneno\u00bb<\/p>\n<p>Per esplorare in autonomia alcuni temi legati alla ciclicit\u00e0, scopri i <a href=\"https:\/\/youtu.be\/Bx1s0G_cS-s\">contenuti gratuiti qui nella playlist Mistery Feminine<\/a><\/p>\n<p>Il Metodo Ciclika \u00e8 un metodo di esplorazione e armonizzazione del femminile, in tutte le stagioni della vita, creato da Alexandra Francesca d&#8217;Alessandro e Carine Maset.<\/p>\n<p>Libri :<\/p>\n<p><a href=\"https:\/\/www.amazon.it\/Manuale-della-Ciclicit\u00e0-Femminile-piacere\/dp\/B0C51XG6ZZ\/ref=sr_1_1?crid=EKSWWZ0GJLMG&amp;dib=eyJ2IjoiMSJ9.NUeFQcCMjtFGHZDi56y2QNLgmo8BZDN8h8LJ5XipipmHYq4r-rWryTCtZVRmS-p2ZLsLZuVCY50gZOwnzC66eK4l4-RQ6aa3CT1h8uJT8q2w2TGxrfRYQSOQ4kSv4HPjI4akrDN3fAp8JC01Qbk7q4e2pvf4tcdURe4aj3YzNOHnb1E0ab_NVMRkwZH9jZOCDgzEVwsxd3vtUZ6MqeNAS7WM0VQJotonVrmsnWyN1JgEgKaFo32Wc2NmXjAKBsGeo3KvyA1lAfIx65_Ius1xKQ-IlaCajTzn7dGDBqqTwN4.ySWBKaa_8lDgsmtcsJP6-Sxj5FfPsrqlR_lRdz4fkco&amp;dib_tag=se&amp;keywords=manuale+della+ciclicita&amp;qid=1714047001&amp;sprefix=manuale+della+cic%2Caps%2C243&amp;sr=8-1\">IL MANUALE DELLA CICLICITA&#8217;<\/a><\/p>\n<p><a href=\"https:\/\/www.amazon.it\/Celebrare-Menarca-bellissimo-regalo-Figlia\/dp\/B0C9SBNX3B\/ref=pd_bxgy_thbs_d_sccl_1\/257-4197869-1071326?pd_rd_w=gux8P&amp;content-id=amzn1.sym.25699d69-10bd-42dd-b332-df26ad3f11a8&amp;pf_rd_p=25699d69-10bd-42dd-b332-df26ad3f11a8&amp;pf_rd_r=Z15HZGY8GXP9ZM9PV240&amp;pd_rd_wg=13EcF&amp;pd_rd_r=c5ecb33b-b666-4c66-b4bd-f13f68398690&amp;pd_rd_i=B0C9SBNX3B&amp;psc=1\">CELEBRARE IL MENARCA un regalo da uno madre a una figlia<\/a><\/p>\n","protected":false},"excerpt":{"rendered":"<p>Ciclo mestruale irregolare: significati profondi e come ri-armonizzarlo con il metodo Ciclika<\/p>\n<p>\u00abEsplora il Tuo Ciclo Irregolare con Profondit\u00e0<\/p>\n<p>Scopri il significato intimo delle variazioni nel tuo ciclo mestruale: i messaggi, gli ostacoli, le risorse che portano con s\u00e9.<\/p>\n<p>Ogni donna ha il suo ritmo, influenzato da una moltitudine di fattori. Cosa possono comunicarci simbolicamente le variazioni nella durata del ciclo o i momenti di sospensione? La regolarit\u00e0 o l&#8217;irregolarit\u00e0 del ciclo porta con s\u00e9 domande e dubbi sulla nostra salute e accettabilit\u00e0.<\/p>\n","protected":false},"featured_media":4199,"template":"","meta":{"_et_pb_use_builder":"","_et_pb_old_content":"","_et_gb_content_width":""},"product_brand":[],"product_cat":[29],"product_tag":[59,61,60,55,56,62,46,57,34,58,31,40],"class_list":{"0":"post-142","1":"product","2":"type-product","3":"status-publish","4":"has-post-thumbnail","6":"product_cat-videocorsi","7":"product_tag-autostima-femminile","8":"product_tag-cambiamenti-del-ciclo","9":"product_tag-ciclika","10":"product_tag-ciclo-irregolare","11":"product_tag-ciclo-mestruale","12":"product_tag-comprensione-del-ciclo","13":"product_tag-crescita-personale","14":"product_tag-femminile","15":"product_tag-madre","16":"product_tag-mestruazioni-irregolari","17":"product_tag-metamedicina","18":"product_tag-risvegliodicoscienza","20":"first","21":"instock","22":"downloadable","23":"virtual","24":"sold-individually","25":"purchasable","26":"product-type-simple"},"yoast_head":"<!-- This site is optimized with the Yoast SEO plugin v27.4 - https:\/\/yoast.com\/product\/yoast-seo-wordpress\/ -->\n<title>Ciclo mestruale irregolare: significati profondi e come ri-armonizzarlo con il metodo Ciclika | Alexandra Francesca D&#039;Alessandro<\/title>\n<meta name=\"description\" content=\"Ciclo mestruale irregolare: significati profondi e come ri-armonizzarlo con il metodo Ciclika. Scopri cosa dicono di te le variazioni del ciclo!\" \/>\n<meta name=\"robots\" content=\"index, follow, max-snippet:-1, max-image-preview:large, max-video-preview:-1\" \/>\n<link rel=\"canonical\" href=\"https:\/\/www.alexandrafrancescadalessandro.com\/es\/prodotto\/ciclo-mestruale-irregolare-significati-profondi\/\" \/>\n<meta property=\"og:locale\" content=\"es_ES\" \/>\n<meta property=\"og:type\" content=\"article\" \/>\n<meta property=\"og:title\" content=\"Ciclo mestruale irregolare: significati profondi e come ri-armonizzarlo con il metodo Ciclika | Alexandra Francesca D&#039;Alessandro\" \/>\n<meta property=\"og:description\" content=\"Ciclo mestruale irregolare: significati profondi e come ri-armonizzarlo con il metodo Ciclika. Scopri cosa dicono di te le variazioni del ciclo!\" \/>\n<meta property=\"og:url\" content=\"https:\/\/www.alexandrafrancescadalessandro.com\/es\/prodotto\/ciclo-mestruale-irregolare-significati-profondi\/\" \/>\n<meta property=\"og:site_name\" content=\"Alexandra Francesca D&#039;Alessandro\" \/>\n<meta property=\"article:modified_time\" content=\"2024-06-22T22:03:09+00:00\" \/>\n<meta property=\"og:image\" content=\"https:\/\/www.alexandrafrancescadalessandro.com\/wp-content\/uploads\/2024\/04\/Prodotti-woocommerce-2.png\" \/>\n\t<meta property=\"og:image:width\" content=\"1080\" \/>\n\t<meta property=\"og:image:height\" content=\"1080\" \/>\n\t<meta property=\"og:image:type\" content=\"image\/png\" \/>\n<script type=\"application\/ld+json\" class=\"yoast-schema-graph\">{\"@context\":\"https:\\\/\\\/schema.org\",\"@graph\":[{\"@type\":\"WebPage\",\"@id\":\"https:\\\/\\\/www.alexandrafrancescadalessandro.com\\\/es\\\/prodotto\\\/ciclo-mestruale-irregolare-significati-profondi\\\/\",\"url\":\"https:\\\/\\\/www.alexandrafrancescadalessandro.com\\\/es\\\/prodotto\\\/ciclo-mestruale-irregolare-significati-profondi\\\/\",\"name\":\"Ciclo mestruale irregolare: significati profondi e come ri-armonizzarlo con il metodo Ciclika | Alexandra Francesca D'Alessandro\",\"isPartOf\":{\"@id\":\"https:\\\/\\\/www.alexandrafrancescadalessandro.com\\\/es\\\/#website\"},\"primaryImageOfPage\":{\"@id\":\"https:\\\/\\\/www.alexandrafrancescadalessandro.com\\\/es\\\/prodotto\\\/ciclo-mestruale-irregolare-significati-profondi\\\/#primaryimage\"},\"image\":{\"@id\":\"https:\\\/\\\/www.alexandrafrancescadalessandro.com\\\/es\\\/prodotto\\\/ciclo-mestruale-irregolare-significati-profondi\\\/#primaryimage\"},\"thumbnailUrl\":\"https:\\\/\\\/i0.wp.com\\\/www.alexandrafrancescadalessandro.com\\\/wp-content\\\/uploads\\\/2024\\\/04\\\/Prodotti-woocommerce-2.png?fit=1080%2C1080&ssl=1\",\"datePublished\":\"2024-04-25T13:26:42+00:00\",\"dateModified\":\"2024-06-22T22:03:09+00:00\",\"description\":\"Ciclo mestruale irregolare: significati profondi e come ri-armonizzarlo con il metodo Ciclika. Scopri cosa dicono di te le variazioni del ciclo!\",\"breadcrumb\":{\"@id\":\"https:\\\/\\\/www.alexandrafrancescadalessandro.com\\\/es\\\/prodotto\\\/ciclo-mestruale-irregolare-significati-profondi\\\/#breadcrumb\"},\"inLanguage\":\"es\",\"potentialAction\":[{\"@type\":\"ReadAction\",\"target\":[\"https:\\\/\\\/www.alexandrafrancescadalessandro.com\\\/es\\\/prodotto\\\/ciclo-mestruale-irregolare-significati-profondi\\\/\"]}]},{\"@type\":\"ImageObject\",\"inLanguage\":\"es\",\"@id\":\"https:\\\/\\\/www.alexandrafrancescadalessandro.com\\\/es\\\/prodotto\\\/ciclo-mestruale-irregolare-significati-profondi\\\/#primaryimage\",\"url\":\"https:\\\/\\\/i0.wp.com\\\/www.alexandrafrancescadalessandro.com\\\/wp-content\\\/uploads\\\/2024\\\/04\\\/Prodotti-woocommerce-2.png?fit=1080%2C1080&ssl=1\",\"contentUrl\":\"https:\\\/\\\/i0.wp.com\\\/www.alexandrafrancescadalessandro.com\\\/wp-content\\\/uploads\\\/2024\\\/04\\\/Prodotti-woocommerce-2.png?fit=1080%2C1080&ssl=1\",\"width\":1080,\"height\":1080,\"caption\":\"CICLO IRREGOLARE PRODOTTO\"},{\"@type\":\"BreadcrumbList\",\"@id\":\"https:\\\/\\\/www.alexandrafrancescadalessandro.com\\\/es\\\/prodotto\\\/ciclo-mestruale-irregolare-significati-profondi\\\/#breadcrumb\",\"itemListElement\":[{\"@type\":\"ListItem\",\"position\":1,\"name\":\"Home\",\"item\":\"https:\\\/\\\/www.alexandrafrancescadalessandro.com\\\/es\\\/\"},{\"@type\":\"ListItem\",\"position\":2,\"name\":\"Tienda\",\"item\":\"https:\\\/\\\/www.alexandrafrancescadalessandro.com\\\/negozio\\\/\"},{\"@type\":\"ListItem\",\"position\":3,\"name\":\"Ciclo mestruale irregolare: significati profondi e come ri-armonizzarlo con il metodo Ciclika\"}]},{\"@type\":\"WebSite\",\"@id\":\"https:\\\/\\\/www.alexandrafrancescadalessandro.com\\\/es\\\/#website\",\"url\":\"https:\\\/\\\/www.alexandrafrancescadalessandro.com\\\/es\\\/\",\"name\":\"Alexandra Francesca D'Alessandro | Metamedicina\",\"description\":\"Metamedicina\",\"publisher\":{\"@id\":\"https:\\\/\\\/www.alexandrafrancescadalessandro.com\\\/es\\\/#\\\/schema\\\/person\\\/f48a80179b0d01c8760b023fd9325ab5\"},\"potentialAction\":[{\"@type\":\"SearchAction\",\"target\":{\"@type\":\"EntryPoint\",\"urlTemplate\":\"https:\\\/\\\/www.alexandrafrancescadalessandro.com\\\/es\\\/?s={search_term_string}\"},\"query-input\":{\"@type\":\"PropertyValueSpecification\",\"valueRequired\":true,\"valueName\":\"search_term_string\"}}],\"inLanguage\":\"es\"},{\"@type\":[\"Person\",\"Organization\"],\"@id\":\"https:\\\/\\\/www.alexandrafrancescadalessandro.com\\\/es\\\/#\\\/schema\\\/person\\\/f48a80179b0d01c8760b023fd9325ab5\",\"name\":\"Alexandra Francesca D'Alessandro\",\"image\":{\"@type\":\"ImageObject\",\"inLanguage\":\"es\",\"@id\":\"https:\\\/\\\/www.alexandrafrancescadalessandro.com\\\/wp-content\\\/uploads\\\/2024\\\/06\\\/Writter-by-Alexandra-Francesca-DAlessandro-Author.jpg\",\"url\":\"https:\\\/\\\/www.alexandrafrancescadalessandro.com\\\/wp-content\\\/uploads\\\/2024\\\/06\\\/Writter-by-Alexandra-Francesca-DAlessandro-Author.jpg\",\"contentUrl\":\"https:\\\/\\\/www.alexandrafrancescadalessandro.com\\\/wp-content\\\/uploads\\\/2024\\\/06\\\/Writter-by-Alexandra-Francesca-DAlessandro-Author.jpg\",\"width\":400,\"height\":400,\"caption\":\"Alexandra Francesca D'Alessandro\"},\"logo\":{\"@id\":\"https:\\\/\\\/www.alexandrafrancescadalessandro.com\\\/wp-content\\\/uploads\\\/2024\\\/06\\\/Writter-by-Alexandra-Francesca-DAlessandro-Author.jpg\"},\"sameAs\":[\"https:\\\/\\\/www.alexandrafrancescadalessandro.com\\\/\"]}]}<\/script>\n<!-- \/ Yoast SEO plugin. -->","yoast_head_json":{"title":"Ciclo mestruale irregolare: significati profondi e come ri-armonizzarlo con il metodo Ciclika | Alexandra Francesca D'Alessandro","description":"Ciclo mestruale irregolare: significati profondi e come ri-armonizzarlo con il metodo Ciclika. Scopri cosa dicono di te le variazioni del ciclo!","robots":{"index":"index","follow":"follow","max-snippet":"max-snippet:-1","max-image-preview":"max-image-preview:large","max-video-preview":"max-video-preview:-1"},"canonical":"https:\/\/www.alexandrafrancescadalessandro.com\/es\/prodotto\/ciclo-mestruale-irregolare-significati-profondi\/","og_locale":"es_ES","og_type":"article","og_title":"Ciclo mestruale irregolare: significati profondi e come ri-armonizzarlo con il metodo Ciclika | Alexandra Francesca D'Alessandro","og_description":"Ciclo mestruale irregolare: significati profondi e come ri-armonizzarlo con il metodo Ciclika. Scopri cosa dicono di te le variazioni del ciclo!","og_url":"https:\/\/www.alexandrafrancescadalessandro.com\/es\/prodotto\/ciclo-mestruale-irregolare-significati-profondi\/","og_site_name":"Alexandra Francesca D'Alessandro","article_modified_time":"2024-06-22T22:03:09+00:00","og_image":[{"width":1080,"height":1080,"url":"https:\/\/www.alexandrafrancescadalessandro.com\/wp-content\/uploads\/2024\/04\/Prodotti-woocommerce-2.png","type":"image\/png"}],"schema":{"@context":"https:\/\/schema.org","@graph":[{"@type":"WebPage","@id":"https:\/\/www.alexandrafrancescadalessandro.com\/es\/prodotto\/ciclo-mestruale-irregolare-significati-profondi\/","url":"https:\/\/www.alexandrafrancescadalessandro.com\/es\/prodotto\/ciclo-mestruale-irregolare-significati-profondi\/","name":"Ciclo mestruale irregolare: significati profondi e come ri-armonizzarlo con il metodo Ciclika | Alexandra Francesca D'Alessandro","isPartOf":{"@id":"https:\/\/www.alexandrafrancescadalessandro.com\/es\/#website"},"primaryImageOfPage":{"@id":"https:\/\/www.alexandrafrancescadalessandro.com\/es\/prodotto\/ciclo-mestruale-irregolare-significati-profondi\/#primaryimage"},"image":{"@id":"https:\/\/www.alexandrafrancescadalessandro.com\/es\/prodotto\/ciclo-mestruale-irregolare-significati-profondi\/#primaryimage"},"thumbnailUrl":"https:\/\/i0.wp.com\/www.alexandrafrancescadalessandro.com\/wp-content\/uploads\/2024\/04\/Prodotti-woocommerce-2.png?fit=1080%2C1080&ssl=1","datePublished":"2024-04-25T13:26:42+00:00","dateModified":"2024-06-22T22:03:09+00:00","description":"Ciclo mestruale irregolare: significati profondi e come ri-armonizzarlo con il metodo Ciclika. Scopri cosa dicono di te le variazioni del ciclo!","breadcrumb":{"@id":"https:\/\/www.alexandrafrancescadalessandro.com\/es\/prodotto\/ciclo-mestruale-irregolare-significati-profondi\/#breadcrumb"},"inLanguage":"es","potentialAction":[{"@type":"ReadAction","target":["https:\/\/www.alexandrafrancescadalessandro.com\/es\/prodotto\/ciclo-mestruale-irregolare-significati-profondi\/"]}]},{"@type":"ImageObject","inLanguage":"es","@id":"https:\/\/www.alexandrafrancescadalessandro.com\/es\/prodotto\/ciclo-mestruale-irregolare-significati-profondi\/#primaryimage","url":"https:\/\/i0.wp.com\/www.alexandrafrancescadalessandro.com\/wp-content\/uploads\/2024\/04\/Prodotti-woocommerce-2.png?fit=1080%2C1080&ssl=1","contentUrl":"https:\/\/i0.wp.com\/www.alexandrafrancescadalessandro.com\/wp-content\/uploads\/2024\/04\/Prodotti-woocommerce-2.png?fit=1080%2C1080&ssl=1","width":1080,"height":1080,"caption":"CICLO IRREGOLARE PRODOTTO"},{"@type":"BreadcrumbList","@id":"https:\/\/www.alexandrafrancescadalessandro.com\/es\/prodotto\/ciclo-mestruale-irregolare-significati-profondi\/#breadcrumb","itemListElement":[{"@type":"ListItem","position":1,"name":"Home","item":"https:\/\/www.alexandrafrancescadalessandro.com\/es\/"},{"@type":"ListItem","position":2,"name":"Tienda","item":"https:\/\/www.alexandrafrancescadalessandro.com\/negozio\/"},{"@type":"ListItem","position":3,"name":"Ciclo mestruale irregolare: significati profondi e come ri-armonizzarlo con il metodo Ciclika"}]},{"@type":"WebSite","@id":"https:\/\/www.alexandrafrancescadalessandro.com\/es\/#website","url":"https:\/\/www.alexandrafrancescadalessandro.com\/es\/","name":"Alexandra Francesca D'Alessandro | Metamedicina","description":"Metamedicina","publisher":{"@id":"https:\/\/www.alexandrafrancescadalessandro.com\/es\/#\/schema\/person\/f48a80179b0d01c8760b023fd9325ab5"},"potentialAction":[{"@type":"SearchAction","target":{"@type":"EntryPoint","urlTemplate":"https:\/\/www.alexandrafrancescadalessandro.com\/es\/?s={search_term_string}"},"query-input":{"@type":"PropertyValueSpecification","valueRequired":true,"valueName":"search_term_string"}}],"inLanguage":"es"},{"@type":["Person","Organization"],"@id":"https:\/\/www.alexandrafrancescadalessandro.com\/es\/#\/schema\/person\/f48a80179b0d01c8760b023fd9325ab5","name":"Alexandra Francesca D'Alessandro","image":{"@type":"ImageObject","inLanguage":"es","@id":"https:\/\/www.alexandrafrancescadalessandro.com\/wp-content\/uploads\/2024\/06\/Writter-by-Alexandra-Francesca-DAlessandro-Author.jpg","url":"https:\/\/www.alexandrafrancescadalessandro.com\/wp-content\/uploads\/2024\/06\/Writter-by-Alexandra-Francesca-DAlessandro-Author.jpg","contentUrl":"https:\/\/www.alexandrafrancescadalessandro.com\/wp-content\/uploads\/2024\/06\/Writter-by-Alexandra-Francesca-DAlessandro-Author.jpg","width":400,"height":400,"caption":"Alexandra Francesca D'Alessandro"},"logo":{"@id":"https:\/\/www.alexandrafrancescadalessandro.com\/wp-content\/uploads\/2024\/06\/Writter-by-Alexandra-Francesca-DAlessandro-Author.jpg"},"sameAs":["https:\/\/www.alexandrafrancescadalessandro.com\/"]}]}},"jetpack-related-posts":[],"jetpack_sharing_enabled":true,"_links":{"self":[{"href":"https:\/\/www.alexandrafrancescadalessandro.com\/es\/wp-json\/wp\/v2\/product\/142","targetHints":{"allow":["GET"]}}],"collection":[{"href":"https:\/\/www.alexandrafrancescadalessandro.com\/es\/wp-json\/wp\/v2\/product"}],"about":[{"href":"https:\/\/www.alexandrafrancescadalessandro.com\/es\/wp-json\/wp\/v2\/types\/product"}],"wp:featuredmedia":[{"embeddable":true,"href":"https:\/\/www.alexandrafrancescadalessandro.com\/es\/wp-json\/wp\/v2\/media\/4199"}],"wp:attachment":[{"href":"https:\/\/www.alexandrafrancescadalessandro.com\/es\/wp-json\/wp\/v2\/media?parent=142"}],"wp:term":[{"taxonomy":"product_brand","embeddable":true,"href":"https:\/\/www.alexandrafrancescadalessandro.com\/es\/wp-json\/wp\/v2\/product_brand?post=142"},{"taxonomy":"product_cat","embeddable":true,"href":"https:\/\/www.alexandrafrancescadalessandro.com\/es\/wp-json\/wp\/v2\/product_cat?post=142"},{"taxonomy":"product_tag","embeddable":true,"href":"https:\/\/www.alexandrafrancescadalessandro.com\/es\/wp-json\/wp\/v2\/product_tag?post=142"}],"curies":[{"name":"wp","href":"https:\/\/api.w.org\/{rel}","templated":true}]}}