{"id":4592,"date":"2024-04-03T16:19:29","date_gmt":"2024-04-03T14:19:29","guid":{"rendered":"https:\/\/www.alexandrafrancescadalessandro.com\/quienes-son\/"},"modified":"2024-06-24T07:02:43","modified_gmt":"2024-06-24T05:02:43","slug":"quien-soy","status":"publish","type":"page","link":"https:\/\/www.alexandrafrancescadalessandro.com\/es\/quien-soy\/","title":{"rendered":"Qui\u00e9nes son"},"content":{"rendered":"<p>[et_pb_section fb_built=\u00bb1&#8243; admin_label=\u00bbHeader\u00bb _builder_version=\u00bb4.17.4&#8243; _module_preset=\u00bbdefault\u00bb custom_padding=\u00bb0px||0px||false|false\u00bb collapsed=\u00bbon\u00bb global_colors_info=\u00bb{}\u00bb][et_pb_row column_structure=\u00bb1_2,1_2&#8243; use_custom_gutter=\u00bbon\u00bb gutter_width=\u00bb1&#8243; make_equal=\u00bbon\u00bb _builder_version=\u00bb4.25.0&#8243; _module_preset=\u00bbdefault\u00bb background_color=\u00bb#2F251F\u00bb background_image=\u00bbhttps:\/\/www.alexandrafrancescadalessandro.com\/wp-content\/uploads\/2024\/04\/jewelry-designer-54.png\u00bb background_size=\u00bbcontain\u00bb background_position=\u00bbtop_center\u00bb width=\u00bb100%\u00bb max_width=\u00bb100%\u00bb global_colors_info=\u00bb{}\u00bb][et_pb_column type=\u00bb1_2&#8243; _builder_version=\u00bb4.25.0&#8243; _module_preset=\u00bbdefault\u00bb background_color=\u00bb#3b7f8e\u00bb custom_padding=\u00bb8%|4%|8%|4%|true|true\u00bb custom_padding_tablet=\u00bb|8%||8%|true|true\u00bb custom_padding_phone=\u00bb8%||8%||true|true\u00bb custom_padding_last_edited=\u00bbon|desktop\u00bb global_colors_info=\u00bb{}\u00bb][et_pb_text _builder_version=\u00bb4.25.0&#8243; _module_preset=\u00bbee9e833f-0201-4ad1-bec2-95460081d439&#8243; header_font=\u00bbBodoni Moda||||||||\u00bb header_text_color=\u00bb#FFFFFF\u00bb header_font_size=\u00bb100px\u00bb text_orientation=\u00bbcenter\u00bb custom_margin=\u00bb||30px||false|false\u00bb header_font_size_tablet=\u00bb60px\u00bb header_font_size_phone=\u00bb60px\u00bb header_font_size_last_edited=\u00bbon|tablet\u00bb global_colors_info=\u00bb{}\u00bb]<\/p>\n<h1>Qui\u00e9nes son<\/h1>\n<p>[\/et_pb_text][et_pb_image src=\u00bbhttps:\/\/www.alexandrafrancescadalessandro.com\/wp-content\/uploads\/2024\/04\/C3843-scaled-1.jpg\u00bb title_text=\u00bbC3843-escala-1&#8243; align=\u00bbcenter\u00bb _builder_version=\u00bb4.25.1&#8243; _module_preset=\u00bbdefault\u00bb width=\u00bb73%\u00bb global_colors_info=\u00bb{}\u00bb][\/et_pb_image][et_pb_image src=\u00bbhttps:\/\/www.alexandrafrancescadalessandro.com\/wp-content\/uploads\/2024\/04\/jewelry-designer-9.png\u00bb title_text=\u00bbjoyero-dise\u00f1ador-9&#8243; _builder_version=\u00bb4.17.4&#8243; _module_preset=\u00bbdefault\u00bb width=\u00bb25%\u00bb custom_margin=\u00bb-15%|||20%|false|false\u00bb global_colors_info=\u00bb{}\u00bb][\/et_pb_image][\/et_pb_column][et_pb_column type=\u00bb1_2&#8243; _builder_version=\u00bb4.25.0&#8243; _module_preset=\u00bbdefault\u00bb background_color=\u00bbgcid-1c7f682d-c09a-42e9-8b1c-535ba676533f\u00bb custom_padding=\u00bb8%|4%|8%|4%|true|true\u00bb custom_padding_tablet=\u00bb|8%||8%|true|true\u00bb custom_padding_phone=\u00bb8%||8%||true|true\u00bb custom_padding_last_edited=\u00bbon|desktop\u00bb global_colors_info=\u00bb{%22gcid-1c7f682d-c09a-42e9-8b1c-535ba676533f%22:%91%22background_color%22%93}\u00bb][et_pb_text _builder_version=\u00bb4.25.1&#8243; _module_preset=\u00bb24163cba-e8e2-4621-bcaa-4d720e9316ab\u00bb header_font=\u00bb||||||||\u00bb header_3_font=\u00bbBodoni Moda||||||||\u00bb header_3_text_color=\u00bb#FFFFFF\u00bb header_3_font_size=\u00bb40px\u00bb header_3_line_height=\u00bb1.5em\u00bb width_last_edited=\u00bboff|desktop\u00bb max_width=\u00bb700px\u00bb custom_margin=\u00bb170px||||false|false\u00bb custom_margin_tablet=\u00bb170px||||false|false\u00bb custom_margin_phone=\u00bb50px||50px||true|false\u00bb custom_margin_last_edited=\u00bbon|phone\u00bb header_3_font_size_tablet=\u00bb20px\u00bb header_3_font_size_phone=\u00bb16px\u00bb header_3_font_size_last_edited=\u00bbon|phone\u00bb global_colors_info=\u00bb{}\u00bb width__hover_enabled=\u00bboff|desktop\u00bb]<\/p>\n<p>Nacida junto al mar, enamorada del sol, del viento y de todo lo que emana belleza.<\/p>\n<p>Apasionada por el arte, la danza, el teatro, el cuerpo y el movimiento, en la encrucijada universitaria dej\u00e9 paso al lado pragm\u00e1tico obteniendo una licenciatura en econom\u00eda y un m\u00e1ster en internacionalizaci\u00f3n empresarial.<\/p>\n<p>En m\u00ed, la visi\u00f3n creativa de los sue\u00f1os siempre ha coexistido con la concreci\u00f3n, el pragmatismo y el enfoque.<\/p>\n<p>Por fin todos estos aspectos funcionan juntos, ninguno excluido: por fin paso a un espacio de integridad.<\/p>\n<blockquote>\n<p><em><strong> HOY ESTOY TENDIENDO UN PUENTE ENTRE LA ESPIRITUALIDAD Y LA MATERIA.<\/strong><\/em><\/p>\n<\/blockquote>\n<p>[\/et_pb_text][\/et_pb_column][\/et_pb_row][\/et_pb_section][et_pb_section fb_built=\u00bb1&#8243; admin_label=\u00bbAbout\u00bb _builder_version=\u00bb4.25.0&#8243; _module_preset=\u00bbdefault\u00bb background_enable_color=\u00bboff\u00bb collapsed=\u00bbon\u00bb global_colors_info=\u00bb{}\u00bb][et_pb_row _builder_version=\u00bb4.17.4&#8243; _module_preset=\u00bbdefault\u00bb max_width=\u00bb700px\u00bb global_colors_info=\u00bb{}\u00bb][et_pb_column type=\u00bb4_4&#8243; _builder_version=\u00bb4.17.4&#8243; _module_preset=\u00bbdefault\u00bb global_colors_info=\u00bb{}\u00bb][et_pb_image src=\u00bbhttps:\/\/www.alexandrafrancescadalessandro.com\/wp-content\/uploads\/2024\/04\/jewelry-designer-3.png\u00bb title_text=\u00bbdise\u00f1ador de joyas-3&#8243; _builder_version=\u00bb4.17.4&#8243; _module_preset=\u00bbdefault\u00bb positioning=\u00bbabsolute\u00bb position_origin_a=\u00bbbottom_left\u00bb width=\u00bb10%\u00bb custom_margin=\u00bb||-5%|-15%|false|false\u00bb global_colors_info=\u00bb{}\u00bb][\/et_pb_image][et_pb_text _builder_version=\u00bb4.25.0&#8243; _module_preset=\u00bbacce31fd-7ec7-4146-9402-ba2dba4411b2&#8243; width=\u00bb99.8%\u00bb custom_margin_last_edited=\u00bboff|desktop\u00bb global_colors_info=\u00bb{}\u00bb]<\/p>\n<h2>Me digo esto&#8230;<\/h2>\n<p>[\/et_pb_text][et_pb_divider color=\u00bb#c42131&#8243; divider_weight=\u00bb3px\u00bb _builder_version=\u00bb4.25.0&#8243; _module_preset=\u00bbdefault\u00bb width=\u00bb60px\u00bb locked=\u00bboff\u00bb global_colors_info=\u00bb{}\u00bb][\/et_pb_divider][et_pb_text _builder_version=\u00bb4.25.0&#8243; _module_preset=\u00bb24163cba-e8e2-4621-bcaa-4d720e9316ab\u00bb text_font=\u00bb||||||||\u00bb text_line_height=\u00bb1.85em\u00bb header_font_size_tablet=\u00bb55px\u00bb header_font_size_last_edited=\u00bboff|desktop\u00bb global_colors_info=\u00bb{}\u00bb]<\/p>\n<p>Madre, hija, hermana, compa\u00f1era, mujer en camino.<\/p>\n<p>He perdido la cuenta de todos los cambios que he tra\u00eddo y traigo c\u00edclicamente a mi vida. Desde las m\u00e1s radicales, hasta las m\u00e1s delicadas, pero no por ello menos importantes.<\/p>\n<p>Viv\u00ed lo que yo llamo la \u00abprimera vida\u00bb cumpliendo las expectativas de mis allegados. Cre\u00eda que ser reconocido como \u00abbueno\u00bb me garantizaba el derecho a existir. Pero s\u00f3lo era una ilusi\u00f3n: esa necesidad desesperada de reconocimiento me quitaba el ox\u00edgeno (asma cr\u00f3nica) d\u00eda tras d\u00eda y me separaba de mi verdadera esencia.<\/p>\n<p>Mi cuerpo trat\u00f3 de hablarme sobre esta desarmon\u00eda desde que era muy joven y no ha dejado de \u00abaccidentarse\u00bb varias veces o de manifestarse con dolencias incapacitantes como migra\u00f1as graves, asma y mucho m\u00e1s.<\/p>\n<p>Pero la curiosidad, el impulso por la vida, por la exploraci\u00f3n del ser humano siempre me han acompa\u00f1ado y me han animado a mirar m\u00e1s all\u00e1 &#8230;<\/p>\n<div>\n<div>\n<p><strong>Este impulso irrefrenable de ir siempre m\u00e1s all\u00e1 de lo que parece est\u00e1 ahora al servicio de todos los que quieren encontrar su propia verdad.<\/strong><\/p>\n<\/div>\n<\/div>\n<p>[\/et_pb_text][\/et_pb_column][\/et_pb_row][\/et_pb_section][et_pb_section fb_built=\u00bb1&#8243; admin_label=\u00bbAbout\u00bb _builder_version=\u00bb4.25.0&#8243; _module_preset=\u00bbdefault\u00bb background_color=\u00bb#f2ede3&#8243; locked=\u00bboff\u00bb collapsed=\u00bbon\u00bb global_colors_info=\u00bb{}\u00bb][et_pb_row column_structure=\u00bb2_3,1_3&#8243; _builder_version=\u00bb4.17.4&#8243; _module_preset=\u00bbdefault\u00bb locked=\u00bboff\u00bb global_colors_info=\u00bb{}\u00bb][et_pb_column type=\u00bb2_3&#8243; _builder_version=\u00bb4.17.4&#8243; _module_preset=\u00bbdefault\u00bb global_colors_info=\u00bb{}\u00bb][et_pb_image src=\u00bbhttps:\/\/www.alexandrafrancescadalessandro.com\/wp-content\/uploads\/2024\/06\/AFD-FOTO-RIDOTTE-2.jpg\u00bb alt=\u00bbFOTO DE PERFIL ALEXANDRA FRANCESCA D&#039;ALESSANDRO\u00bb title_text=\u00bbAFD-FOTOS-REDUCIDAS 2&#8243; _builder_version=\u00bb4.25.1&#8243; _module_preset=\u00bbdefault\u00bb custom_margin_tablet=\u00bb\u00bb custom_margin_phone=\u00bb||-70px||false|false\u00bb custom_margin_last_edited=\u00bbon|phone\u00bb custom_padding=\u00bb||0px||false|false\u00bb hover_enabled=\u00bb0&#8243; global_colors_info=\u00bb{}\u00bb sticky_enabled=\u00bb0&#8243;][\/et_pb_image][\/et_pb_column][et_pb_column type=\u00bb1_3&#8243; _builder_version=\u00bb4.17.4&#8243; _module_preset=\u00bbdefault\u00bb custom_padding=\u00bb10%||||false|false\u00bb global_colors_info=\u00bb{}\u00bb][et_pb_text _builder_version=\u00bb4.25.1&#8243; _module_preset=\u00bbacce31fd-7ec7-4146-9402-ba2dba4411b2&#8243; header_2_font=\u00bbBodoni Moda||||||||\u00bb background_color=\u00bbgcid-primary-color\u00bb background_layout=\u00bbdark\u00bb width=\u00bb200%\u00bb width_tablet=\u00bb100%\u00bb width_phone=\u00bb100%\u00bb width_last_edited=\u00bbon|tablet\u00bb custom_margin=\u00bb|||-100%|false|false\u00bb custom_margin_tablet=\u00bb|||0%|false|false\u00bb custom_margin_phone=\u00bb|||0%|false|false\u00bb custom_margin_last_edited=\u00bbon|tablet\u00bb custom_padding=\u00bb40px|40px|40px|40px|true|true\u00bb custom_padding_tablet=\u00bb\u00bb custom_padding_phone=\u00bb20px|20px|20px|20px|true|true\u00bb custom_padding_last_edited=\u00bbon|phone\u00bb global_colors_info=\u00bb{%22gcid-body-color%22:%91%22text_text_color%22%93,%22gcid-primary-color%22:%91%22background_color%22%93}\u00bb]<\/p>\n<h2>Eleg\u00ed vivir en una isla en medio del oc\u00e9ano<\/h2>\n<p>Cuidar de m\u00ed, para cuidar de los dem\u00e1s Este es mi mantra (uno de los&#8230;)<\/p>\n<p>Y eso es lo que me hizo decidir mudarme en alg\u00fan momento de mi vida.<\/p>\n<p>He elegido (de momento) vivir en una isla en medio del oc\u00e9ano, con pocos est\u00edmulos externos y mucho espacio para estar \u00abdentro de m\u00ed\u00bb.<\/p>\n<p>Aqu\u00ed me recargo y desde aqu\u00ed aporto mi contribuci\u00f3n al mundo.<\/p>\n<p>En la secci\u00f3n de curiosidades comparto un poco sobre m\u00ed, mi vida diaria, ayer y hoy, y tambi\u00e9n sue\u00f1os para el futuro.<\/p>\n<p>&nbsp;<\/p>\n<p>[\/et_pb_text][\/et_pb_column][\/et_pb_row][\/et_pb_section][et_pb_section fb_built=\u00bb1&#8243; custom_padding_last_edited=\u00bbon|phone\u00bb _builder_version=\u00bb4.25.0&#8243; _module_preset=\u00bbdefault\u00bb background_image=\u00bbhttps:\/\/www.alexandrafrancescadalessandro.com\/wp-content\/uploads\/2024\/05\/IMG_5528-scaled.jpg\u00bb background_size=\u00bbcontain\u00bb background_position=\u00bbcenter_right\u00bb custom_padding_tablet=\u00bb\u00bb custom_padding_phone=\u00bb0px||||false|false\u00bb background_last_edited=\u00bbon|phone\u00bb background_enable_image_phone=\u00bboff\u00bb global_colors_info=\u00bb{}\u00bb][et_pb_row disabled_on=\u00bboff|on|on\u00bb _builder_version=\u00bb4.25.0&#8243; _module_preset=\u00bbdefault\u00bb background_image=\u00bbhttps:\/\/www.alexandrafrancescadalessandro.com\/wp-content\/uploads\/2024\/05\/IMG_5528-scaled-2.jpg\u00bb width=\u00bb100%\u00bb max_width=\u00bb2560px\u00bb custom_padding=\u00bb250px||250px||true|false\u00bb global_colors_info=\u00bb{}\u00bb][et_pb_column type=\u00bb4_4&#8243; _builder_version=\u00bb4.25.0&#8243; _module_preset=\u00bbdefault\u00bb global_colors_info=\u00bb{}\u00bb][\/et_pb_column][\/et_pb_row][et_pb_row column_structure=\u00bb1_2,1_2&#8243; custom_padding_last_edited=\u00bbon|phone\u00bb _builder_version=\u00bb4.25.0&#8243; _module_preset=\u00bbdefault\u00bb custom_padding_tablet=\u00bb\u00bb custom_padding_phone=\u00bb75px||0px||false|false\u00bb global_colors_info=\u00bb{}\u00bb][et_pb_column type=\u00bb1_2&#8243; _builder_version=\u00bb4.25.0&#8243; _module_preset=\u00bbdefault\u00bb global_colors_info=\u00bb{}\u00bb][et_pb_text _builder_version=\u00bb4.25.0&#8243; _module_preset=\u00bbacce31fd-7ec7-4146-9402-ba2dba4411b2&#8243; global_colors_info=\u00bb{}\u00bb]<\/p>\n<h2>3 idiomas,<\/h2>\n<h2>1 sola lengua<\/h2>\n<p>&nbsp;<\/p>\n<p>[\/et_pb_text][et_pb_divider color=\u00bb#c42131&#8243; divider_weight=\u00bb3px\u00bb _builder_version=\u00bb4.25.0&#8243; _module_preset=\u00bbdefault\u00bb width=\u00bb60px\u00bb global_colors_info=\u00bb{}\u00bb][\/et_pb_divider][et_pb_text _builder_version=\u00bb4.25.0&#8243; _module_preset=\u00bb24163cba-e8e2-4621-bcaa-4d720e9316ab\u00bb custom_padding=\u00bb||130px||false|false\u00bb custom_padding_tablet=\u00bb||130px||false|false\u00bb custom_padding_phone=\u00bb||70px||false|false\u00bb custom_padding_last_edited=\u00bbon|phone\u00bb global_colors_info=\u00bb{}\u00bb]<\/p>\n<p>Tengo la suerte de trabajar con cientos de personas de todo el mundo; me apoyan 3 idiomas (italiano, espa\u00f1ol e ingl\u00e9s).<\/p>\n<p>Pero, por encima de todo, es la creencia sincera y la confianza en que estoy al servicio de algo m\u00e1s grande lo que me permite utilizar el lenguaje universal en su m\u00e1xima expresi\u00f3n: el lenguaje del coraz\u00f3n.<\/p>\n<p>[\/et_pb_text][et_pb_image src=\u00bbhttps:\/\/www.alexandrafrancescadalessandro.com\/wp-content\/uploads\/2024\/05\/IMG_5371-scaled.jpg\u00bb alt=\u00bbAFD en 3 idiomas\u00bb title_text=\u00bbIMG_5371&#8243; _builder_version=\u00bb4.25.0&#8243; _module_preset=\u00bbdefault\u00bb width=\u00bb70%\u00bb custom_margin=\u00bb-25%|||-20vw|false|false\u00bb custom_margin_tablet=\u00bb0%||||false|false\u00bb custom_margin_phone=\u00bb0%||||false|false\u00bb custom_margin_last_edited=\u00bbon|tablet\u00bb locked=\u00bboff\u00bb global_colors_info=\u00bb{}\u00bb][\/et_pb_image][\/et_pb_column][et_pb_column type=\u00bb1_2&#8243; _builder_version=\u00bb4.25.0&#8243; _module_preset=\u00bbdefault\u00bb global_colors_info=\u00bb{}\u00bb][\/et_pb_column][\/et_pb_row][\/et_pb_section]<\/p>\n","protected":false},"excerpt":{"rendered":"<p>Qui\u00e9nes sonNacida junto al mar, enamorada del sol, del viento y de todo lo que emana belleza. Apasionada por el arte, la danza, el teatro, el cuerpo y el movimiento, en la encrucijada universitaria dej\u00e9 paso al lado pragm\u00e1tico obteniendo una licenciatura en econom\u00eda y un m\u00e1ster en internacionalizaci\u00f3n empresarial. En m\u00ed, la visi\u00f3n creativa [&hellip;]<\/p>\n","protected":false},"author":2,"featured_media":0,"parent":0,"menu_order":0,"comment_status":"closed","ping_status":"closed","template":"","meta":{"_et_pb_use_builder":"on","_et_pb_old_content":"","_et_gb_content_width":"","footnotes":""},"class_list":["post-4592","page","type-page","status-publish","hentry"],"yoast_head":"<!-- This site is optimized with the Yoast SEO plugin v27.4 - https:\/\/yoast.com\/product\/yoast-seo-wordpress\/ -->\n<title>Qui\u00e9nes son | Alexandra Francesca D&#039;Alessandro<\/title>\n<meta name=\"description\" content=\"Qui\u00e9n soy Alexandra Francesca d&#039;Alessandro, nacida en 1973, combino espiritualidad y materia. La metamedicina y las mujeres son el centro de mi trabajo\" \/>\n<meta name=\"robots\" content=\"index, follow, max-snippet:-1, max-image-preview:large, max-video-preview:-1\" \/>\n<link rel=\"canonical\" href=\"https:\/\/www.alexandrafrancescadalessandro.com\/es\/quien-soy\/\" \/>\n<meta property=\"og:locale\" content=\"es_ES\" \/>\n<meta property=\"og:type\" content=\"article\" \/>\n<meta property=\"og:title\" content=\"Qui\u00e9nes son | Alexandra Francesca D&#039;Alessandro\" \/>\n<meta property=\"og:description\" content=\"Qui\u00e9n soy Alexandra Francesca d&#039;Alessandro, nacida en 1973, combino espiritualidad y materia. La metamedicina y las mujeres son el centro de mi trabajo\" \/>\n<meta property=\"og:url\" content=\"https:\/\/www.alexandrafrancescadalessandro.com\/es\/quien-soy\/\" \/>\n<meta property=\"og:site_name\" content=\"Alexandra Francesca D&#039;Alessandro\" \/>\n<meta property=\"article:modified_time\" content=\"2024-06-24T05:02:43+00:00\" \/>\n<script type=\"application\/ld+json\" class=\"yoast-schema-graph\">{\"@context\":\"https:\\\/\\\/schema.org\",\"@graph\":[{\"@type\":\"WebPage\",\"@id\":\"https:\\\/\\\/www.alexandrafrancescadalessandro.com\\\/es\\\/quien-soy\\\/\",\"url\":\"https:\\\/\\\/www.alexandrafrancescadalessandro.com\\\/es\\\/quien-soy\\\/\",\"name\":\"Qui\u00e9nes son | Alexandra Francesca D'Alessandro\",\"isPartOf\":{\"@id\":\"https:\\\/\\\/www.alexandrafrancescadalessandro.com\\\/es\\\/#website\"},\"datePublished\":\"2024-04-03T14:19:29+00:00\",\"dateModified\":\"2024-06-24T05:02:43+00:00\",\"description\":\"Qui\u00e9n soy Alexandra Francesca d'Alessandro, nacida en 1973, combino espiritualidad y materia. La metamedicina y las mujeres son el centro de mi trabajo\",\"breadcrumb\":{\"@id\":\"https:\\\/\\\/www.alexandrafrancescadalessandro.com\\\/es\\\/quien-soy\\\/#breadcrumb\"},\"inLanguage\":\"es\",\"potentialAction\":[{\"@type\":\"ReadAction\",\"target\":[\"https:\\\/\\\/www.alexandrafrancescadalessandro.com\\\/es\\\/quien-soy\\\/\"]}]},{\"@type\":\"BreadcrumbList\",\"@id\":\"https:\\\/\\\/www.alexandrafrancescadalessandro.com\\\/es\\\/quien-soy\\\/#breadcrumb\",\"itemListElement\":[{\"@type\":\"ListItem\",\"position\":1,\"name\":\"Home\",\"item\":\"https:\\\/\\\/www.alexandrafrancescadalessandro.com\\\/es\\\/\"},{\"@type\":\"ListItem\",\"position\":2,\"name\":\"Qui\u00e9nes son\"}]},{\"@type\":\"WebSite\",\"@id\":\"https:\\\/\\\/www.alexandrafrancescadalessandro.com\\\/es\\\/#website\",\"url\":\"https:\\\/\\\/www.alexandrafrancescadalessandro.com\\\/es\\\/\",\"name\":\"Alexandra Francesca D'Alessandro | Metamedicina\",\"description\":\"Metamedicina\",\"publisher\":{\"@id\":\"https:\\\/\\\/www.alexandrafrancescadalessandro.com\\\/es\\\/#\\\/schema\\\/person\\\/f48a80179b0d01c8760b023fd9325ab5\"},\"potentialAction\":[{\"@type\":\"SearchAction\",\"target\":{\"@type\":\"EntryPoint\",\"urlTemplate\":\"https:\\\/\\\/www.alexandrafrancescadalessandro.com\\\/es\\\/?s={search_term_string}\"},\"query-input\":{\"@type\":\"PropertyValueSpecification\",\"valueRequired\":true,\"valueName\":\"search_term_string\"}}],\"inLanguage\":\"es\"},{\"@type\":[\"Person\",\"Organization\"],\"@id\":\"https:\\\/\\\/www.alexandrafrancescadalessandro.com\\\/es\\\/#\\\/schema\\\/person\\\/f48a80179b0d01c8760b023fd9325ab5\",\"name\":\"Alexandra Francesca D'Alessandro\",\"image\":{\"@type\":\"ImageObject\",\"inLanguage\":\"es\",\"@id\":\"https:\\\/\\\/www.alexandrafrancescadalessandro.com\\\/wp-content\\\/uploads\\\/2024\\\/06\\\/Writter-by-Alexandra-Francesca-DAlessandro-Author.jpg\",\"url\":\"https:\\\/\\\/www.alexandrafrancescadalessandro.com\\\/wp-content\\\/uploads\\\/2024\\\/06\\\/Writter-by-Alexandra-Francesca-DAlessandro-Author.jpg\",\"contentUrl\":\"https:\\\/\\\/www.alexandrafrancescadalessandro.com\\\/wp-content\\\/uploads\\\/2024\\\/06\\\/Writter-by-Alexandra-Francesca-DAlessandro-Author.jpg\",\"width\":400,\"height\":400,\"caption\":\"Alexandra Francesca D'Alessandro\"},\"logo\":{\"@id\":\"https:\\\/\\\/www.alexandrafrancescadalessandro.com\\\/wp-content\\\/uploads\\\/2024\\\/06\\\/Writter-by-Alexandra-Francesca-DAlessandro-Author.jpg\"},\"sameAs\":[\"https:\\\/\\\/www.alexandrafrancescadalessandro.com\\\/\"]}]}<\/script>\n<!-- \/ Yoast SEO plugin. -->","yoast_head_json":{"title":"Qui\u00e9nes son | Alexandra Francesca D'Alessandro","description":"Qui\u00e9n soy Alexandra Francesca d'Alessandro, nacida en 1973, combino espiritualidad y materia. La metamedicina y las mujeres son el centro de mi trabajo","robots":{"index":"index","follow":"follow","max-snippet":"max-snippet:-1","max-image-preview":"max-image-preview:large","max-video-preview":"max-video-preview:-1"},"canonical":"https:\/\/www.alexandrafrancescadalessandro.com\/es\/quien-soy\/","og_locale":"es_ES","og_type":"article","og_title":"Qui\u00e9nes son | Alexandra Francesca D'Alessandro","og_description":"Qui\u00e9n soy Alexandra Francesca d'Alessandro, nacida en 1973, combino espiritualidad y materia. La metamedicina y las mujeres son el centro de mi trabajo","og_url":"https:\/\/www.alexandrafrancescadalessandro.com\/es\/quien-soy\/","og_site_name":"Alexandra Francesca D'Alessandro","article_modified_time":"2024-06-24T05:02:43+00:00","schema":{"@context":"https:\/\/schema.org","@graph":[{"@type":"WebPage","@id":"https:\/\/www.alexandrafrancescadalessandro.com\/es\/quien-soy\/","url":"https:\/\/www.alexandrafrancescadalessandro.com\/es\/quien-soy\/","name":"Qui\u00e9nes son | Alexandra Francesca D'Alessandro","isPartOf":{"@id":"https:\/\/www.alexandrafrancescadalessandro.com\/es\/#website"},"datePublished":"2024-04-03T14:19:29+00:00","dateModified":"2024-06-24T05:02:43+00:00","description":"Qui\u00e9n soy Alexandra Francesca d'Alessandro, nacida en 1973, combino espiritualidad y materia. La metamedicina y las mujeres son el centro de mi trabajo","breadcrumb":{"@id":"https:\/\/www.alexandrafrancescadalessandro.com\/es\/quien-soy\/#breadcrumb"},"inLanguage":"es","potentialAction":[{"@type":"ReadAction","target":["https:\/\/www.alexandrafrancescadalessandro.com\/es\/quien-soy\/"]}]},{"@type":"BreadcrumbList","@id":"https:\/\/www.alexandrafrancescadalessandro.com\/es\/quien-soy\/#breadcrumb","itemListElement":[{"@type":"ListItem","position":1,"name":"Home","item":"https:\/\/www.alexandrafrancescadalessandro.com\/es\/"},{"@type":"ListItem","position":2,"name":"Qui\u00e9nes son"}]},{"@type":"WebSite","@id":"https:\/\/www.alexandrafrancescadalessandro.com\/es\/#website","url":"https:\/\/www.alexandrafrancescadalessandro.com\/es\/","name":"Alexandra Francesca D'Alessandro | Metamedicina","description":"Metamedicina","publisher":{"@id":"https:\/\/www.alexandrafrancescadalessandro.com\/es\/#\/schema\/person\/f48a80179b0d01c8760b023fd9325ab5"},"potentialAction":[{"@type":"SearchAction","target":{"@type":"EntryPoint","urlTemplate":"https:\/\/www.alexandrafrancescadalessandro.com\/es\/?s={search_term_string}"},"query-input":{"@type":"PropertyValueSpecification","valueRequired":true,"valueName":"search_term_string"}}],"inLanguage":"es"},{"@type":["Person","Organization"],"@id":"https:\/\/www.alexandrafrancescadalessandro.com\/es\/#\/schema\/person\/f48a80179b0d01c8760b023fd9325ab5","name":"Alexandra Francesca D'Alessandro","image":{"@type":"ImageObject","inLanguage":"es","@id":"https:\/\/www.alexandrafrancescadalessandro.com\/wp-content\/uploads\/2024\/06\/Writter-by-Alexandra-Francesca-DAlessandro-Author.jpg","url":"https:\/\/www.alexandrafrancescadalessandro.com\/wp-content\/uploads\/2024\/06\/Writter-by-Alexandra-Francesca-DAlessandro-Author.jpg","contentUrl":"https:\/\/www.alexandrafrancescadalessandro.com\/wp-content\/uploads\/2024\/06\/Writter-by-Alexandra-Francesca-DAlessandro-Author.jpg","width":400,"height":400,"caption":"Alexandra Francesca D'Alessandro"},"logo":{"@id":"https:\/\/www.alexandrafrancescadalessandro.com\/wp-content\/uploads\/2024\/06\/Writter-by-Alexandra-Francesca-DAlessandro-Author.jpg"},"sameAs":["https:\/\/www.alexandrafrancescadalessandro.com\/"]}]}},"jetpack-related-posts":[],"jetpack_sharing_enabled":true,"_links":{"self":[{"href":"https:\/\/www.alexandrafrancescadalessandro.com\/es\/wp-json\/wp\/v2\/pages\/4592","targetHints":{"allow":["GET"]}}],"collection":[{"href":"https:\/\/www.alexandrafrancescadalessandro.com\/es\/wp-json\/wp\/v2\/pages"}],"about":[{"href":"https:\/\/www.alexandrafrancescadalessandro.com\/es\/wp-json\/wp\/v2\/types\/page"}],"author":[{"embeddable":true,"href":"https:\/\/www.alexandrafrancescadalessandro.com\/es\/wp-json\/wp\/v2\/users\/2"}],"replies":[{"embeddable":true,"href":"https:\/\/www.alexandrafrancescadalessandro.com\/es\/wp-json\/wp\/v2\/comments?post=4592"}],"version-history":[{"count":28,"href":"https:\/\/www.alexandrafrancescadalessandro.com\/es\/wp-json\/wp\/v2\/pages\/4592\/revisions"}],"predecessor-version":[{"id":6350,"href":"https:\/\/www.alexandrafrancescadalessandro.com\/es\/wp-json\/wp\/v2\/pages\/4592\/revisions\/6350"}],"wp:attachment":[{"href":"https:\/\/www.alexandrafrancescadalessandro.com\/es\/wp-json\/wp\/v2\/media?parent=4592"}],"curies":[{"name":"wp","href":"https:\/\/api.w.org\/{rel}","templated":true}]}}