{"id":3935,"date":"2024-04-03T16:25:28","date_gmt":"2024-04-03T14:25:28","guid":{"rendered":"https:\/\/www.alexandrafrancescadalessandro.com\/carrito\/"},"modified":"2024-06-19T18:15:58","modified_gmt":"2024-06-19T16:15:58","slug":"carrito","status":"publish","type":"page","link":"https:\/\/www.alexandrafrancescadalessandro.com\/es\/carrito\/","title":{"rendered":"Carrito"},"content":{"rendered":"<p>[et_pb_section][et_pb_row][et_pb_column type=\u00bb4_4&#8243;][et_pb_text]<!-- divi:woocommerce\/cart --><\/p>\n<div class=\"wp-block-woocommerce-cart alignwide is-loading\"><!-- divi:woocommerce\/filled-cart-block --><\/p>\n<div class=\"wp-block-woocommerce-filled-cart-block\"><!-- divi:woocommerce\/cart-items-block --><\/p>\n<div class=\"wp-block-woocommerce-cart-items-block\"><!-- divi:woocommerce\/cart-line-items-block --><\/p>\n<div class=\"wp-block-woocommerce-cart-line-items-block\"><\/div>\n<p><!-- \/divi:woocommerce\/cart-line-items-block --><\/p>\n<p><!-- divi:woocommerce\/cart-cross-sells-block --><\/p>\n<div class=\"wp-block-woocommerce-cart-cross-sells-block\"><!-- divi:heading {\"fontSize\":\"large\"} --><\/p>\n<h2 class=\"wp-block-heading has-large-font-size\">Tambi\u00e9n te puede interesar&#8230;<\/h2>\n<p><!-- \/divi:heading --><\/p>\n<p><!-- divi:woocommerce\/cart-cross-sells-products-block --><\/p>\n<div class=\"wp-block-woocommerce-cart-cross-sells-products-block\"><\/div>\n<p><!-- \/divi:woocommerce\/cart-cross-sells-products-block --><\/div>\n<p><!-- \/divi:woocommerce\/cart-cross-sells-block --><\/div>\n<p><!-- \/divi:woocommerce\/cart-items-block --><\/p>\n<p><!-- divi:woocommerce\/cart-totals-block --><\/p>\n<div class=\"wp-block-woocommerce-cart-totals-block\"><!-- divi:woocommerce\/cart-order-summary-block --><\/p>\n<div class=\"wp-block-woocommerce-cart-order-summary-block\"><!-- divi:woocommerce\/cart-order-summary-heading-block --><\/p>\n<div class=\"wp-block-woocommerce-cart-order-summary-heading-block\"><\/div>\n<p><!-- \/divi:woocommerce\/cart-order-summary-heading-block --><\/p>\n<p><!-- divi:woocommerce\/cart-order-summary-coupon-form-block --><\/p>\n<div class=\"wp-block-woocommerce-cart-order-summary-coupon-form-block\"><\/div>\n<p><!-- \/divi:woocommerce\/cart-order-summary-coupon-form-block --><\/p>\n<p><!-- divi:woocommerce\/cart-order-summary-subtotal-block --><\/p>\n<div class=\"wp-block-woocommerce-cart-order-summary-subtotal-block\"><\/div>\n<p><!-- \/divi:woocommerce\/cart-order-summary-subtotal-block --><\/p>\n<p><!-- divi:woocommerce\/cart-order-summary-fee-block --><\/p>\n<div class=\"wp-block-woocommerce-cart-order-summary-fee-block\"><\/div>\n<p><!-- \/divi:woocommerce\/cart-order-summary-fee-block --><\/p>\n<p><!-- divi:woocommerce\/cart-order-summary-discount-block --><\/p>\n<div class=\"wp-block-woocommerce-cart-order-summary-discount-block\"><\/div>\n<p><!-- \/divi:woocommerce\/cart-order-summary-discount-block --><\/p>\n<p><!-- divi:woocommerce\/cart-order-summary-shipping-block --><\/p>\n<div class=\"wp-block-woocommerce-cart-order-summary-shipping-block\"><\/div>\n<p><!-- \/divi:woocommerce\/cart-order-summary-shipping-block --><\/p>\n<p><!-- divi:woocommerce\/cart-order-summary-taxes-block --><\/p>\n<div class=\"wp-block-woocommerce-cart-order-summary-taxes-block\"><\/div>\n<p><!-- \/divi:woocommerce\/cart-order-summary-taxes-block --><\/div>\n<p><!-- \/divi:woocommerce\/cart-order-summary-block --><\/p>\n<p><!-- divi:woocommerce-paypal-payments\/cart-paylater-messages {\"ppcpId\":\"ppcp-adfbc394-a69e-4cc6-b62e-a62331857875\",\"lock\":{\"remove\":true}} \/--><\/p>\n<p><!-- divi:woocommerce\/cart-express-payment-block --><\/p>\n<div class=\"wp-block-woocommerce-cart-express-payment-block\"><\/div>\n<p><!-- \/divi:woocommerce\/cart-express-payment-block --><\/p>\n<p><!-- divi:woocommerce\/proceed-to-checkout-block --><\/p>\n<div class=\"wp-block-woocommerce-proceed-to-checkout-block\"><\/div>\n<p><!-- \/divi:woocommerce\/proceed-to-checkout-block --><\/p>\n<p><!-- divi:woocommerce\/cart-accepted-payment-methods-block --><\/p>\n<div class=\"wp-block-woocommerce-cart-accepted-payment-methods-block\"><\/div>\n<p><!-- \/divi:woocommerce\/cart-accepted-payment-methods-block --><\/div>\n<p><!-- \/divi:woocommerce\/cart-totals-block --><\/div>\n<p><!-- \/divi:woocommerce\/filled-cart-block --><\/p>\n<p><!-- divi:woocommerce\/empty-cart-block --><\/p>\n<div class=\"wp-block-woocommerce-empty-cart-block\"><!-- divi:heading {\"textAlign\":\"center\",\"className\":\"with-empty-cart-icon wc-block-cart__empty-cart__title\"} --><\/p>\n<h2 class=\"wp-block-heading has-text-align-center with-empty-cart-icon wc-block-cart__empty-cart__title\">Tu cesta de la compra est\u00e1 vac\u00eda.<\/h2>\n<p><!-- \/divi:heading --><\/p>\n<p><!-- divi:separator {\"className\":\"is-style-dots\"} --><\/p>\n<hr class=\"wp-block-separator has-alpha-channel-opacity is-style-dots\">\n<!-- \/divi:separator --><\/p>\n<p><!-- divi:heading {\"textAlign\":\"center\"} --><\/p>\n<h2 class=\"wp-block-heading has-text-align-center\">Nuevo en tienda<\/h2>\n<p><!-- \/divi:heading --><\/p>\n<p><!-- divi:woocommerce\/product-new {\"columns\":4,\"rows\":1} \/--><\/div>\n<p><!-- \/divi:woocommerce\/empty-cart-block --><\/div>\n<p><!-- \/divi:woocommerce\/cart -->[\/et_pb_text][\/et_pb_column][\/et_pb_row][\/et_pb_section]<\/p>\n","protected":false},"excerpt":{"rendered":"<p><div class=\"et_pb_section et_pb_section_0 et_section_regular\" >\n\t\t\t\t\n\t\t\t\t\n\t\t\t\t\n\t\t\t\t\n\t\t\t\t\n\t\t\t\t\n\t\t\t\t\n\t\t\t\t\n\t\t\t\t\n\t\t\t<\/div><div class=\"et_pb_row et_pb_row_0 et_pb_row_empty\">\n\t\t\t\t\n\t\t\t\t\n\t\t\t\t\n\t\t\t\t\n\t\t\t\t\n\t\t\t<\/div><div class=\"et_pb_module et_pb_text et_pb_text_0  et_pb_text_align_left et_pb_bg_layout_light\">\n\t\t\t\t\n\t\t\t\t\n\t\t\t\t\n\t\t\t\t\n\t\t\t\t\n\t\t\t<\/div> Tambi\u00e9n te puede interesar&#8230; Tu cesta de la compra est\u00e1 vac\u00eda. Nuevo en tienda<\/p>\n","protected":false},"author":2,"featured_media":0,"parent":0,"menu_order":0,"comment_status":"closed","ping_status":"closed","template":"","meta":{"_et_pb_use_builder":"on","_et_pb_old_content":"","_et_gb_content_width":"","footnotes":""},"class_list":["post-3935","page","type-page","status-publish","hentry"],"yoast_head":"<!-- This site is optimized with the Yoast SEO plugin v27.4 - https:\/\/yoast.com\/product\/yoast-seo-wordpress\/ -->\n<title>Carrito | Alexandra Francesca D&#039;Alessandro<\/title>\n<meta name=\"robots\" content=\"index, follow, max-snippet:-1, max-image-preview:large, max-video-preview:-1\" \/>\n<link rel=\"canonical\" href=\"https:\/\/www.alexandrafrancescadalessandro.com\/es\/carrito\/\" \/>\n<meta property=\"og:locale\" content=\"es_ES\" \/>\n<meta property=\"og:type\" content=\"article\" \/>\n<meta property=\"og:title\" content=\"Carrito | Alexandra Francesca D&#039;Alessandro\" \/>\n<meta property=\"og:description\" content=\"Tambi\u00e9n te puede interesar... Tu cesta de la compra est\u00e1 vac\u00eda. Nuevo en tienda\" \/>\n<meta property=\"og:url\" content=\"https:\/\/www.alexandrafrancescadalessandro.com\/es\/carrito\/\" \/>\n<meta property=\"og:site_name\" content=\"Alexandra Francesca D&#039;Alessandro\" \/>\n<meta property=\"article:modified_time\" content=\"2024-06-19T16:15:58+00:00\" \/>\n<script type=\"application\/ld+json\" class=\"yoast-schema-graph\">{\"@context\":\"https:\\\/\\\/schema.org\",\"@graph\":[{\"@type\":\"WebPage\",\"@id\":\"https:\\\/\\\/www.alexandrafrancescadalessandro.com\\\/es\\\/carrito\\\/\",\"url\":\"https:\\\/\\\/www.alexandrafrancescadalessandro.com\\\/es\\\/carrito\\\/\",\"name\":\"Carrito | Alexandra Francesca D'Alessandro\",\"isPartOf\":{\"@id\":\"https:\\\/\\\/www.alexandrafrancescadalessandro.com\\\/es\\\/#website\"},\"datePublished\":\"2024-04-03T14:25:28+00:00\",\"dateModified\":\"2024-06-19T16:15:58+00:00\",\"breadcrumb\":{\"@id\":\"https:\\\/\\\/www.alexandrafrancescadalessandro.com\\\/es\\\/carrito\\\/#breadcrumb\"},\"inLanguage\":\"es\",\"potentialAction\":[{\"@type\":\"ReadAction\",\"target\":[\"https:\\\/\\\/www.alexandrafrancescadalessandro.com\\\/es\\\/carrito\\\/\"]}]},{\"@type\":\"BreadcrumbList\",\"@id\":\"https:\\\/\\\/www.alexandrafrancescadalessandro.com\\\/es\\\/carrito\\\/#breadcrumb\",\"itemListElement\":[{\"@type\":\"ListItem\",\"position\":1,\"name\":\"Home\",\"item\":\"https:\\\/\\\/www.alexandrafrancescadalessandro.com\\\/es\\\/\"},{\"@type\":\"ListItem\",\"position\":2,\"name\":\"Carrito\"}]},{\"@type\":\"WebSite\",\"@id\":\"https:\\\/\\\/www.alexandrafrancescadalessandro.com\\\/es\\\/#website\",\"url\":\"https:\\\/\\\/www.alexandrafrancescadalessandro.com\\\/es\\\/\",\"name\":\"Alexandra Francesca D'Alessandro | Metamedicina\",\"description\":\"Metamedicina\",\"publisher\":{\"@id\":\"https:\\\/\\\/www.alexandrafrancescadalessandro.com\\\/es\\\/#\\\/schema\\\/person\\\/f48a80179b0d01c8760b023fd9325ab5\"},\"potentialAction\":[{\"@type\":\"SearchAction\",\"target\":{\"@type\":\"EntryPoint\",\"urlTemplate\":\"https:\\\/\\\/www.alexandrafrancescadalessandro.com\\\/es\\\/?s={search_term_string}\"},\"query-input\":{\"@type\":\"PropertyValueSpecification\",\"valueRequired\":true,\"valueName\":\"search_term_string\"}}],\"inLanguage\":\"es\"},{\"@type\":[\"Person\",\"Organization\"],\"@id\":\"https:\\\/\\\/www.alexandrafrancescadalessandro.com\\\/es\\\/#\\\/schema\\\/person\\\/f48a80179b0d01c8760b023fd9325ab5\",\"name\":\"Alexandra Francesca D'Alessandro\",\"image\":{\"@type\":\"ImageObject\",\"inLanguage\":\"es\",\"@id\":\"https:\\\/\\\/www.alexandrafrancescadalessandro.com\\\/wp-content\\\/uploads\\\/2024\\\/06\\\/Writter-by-Alexandra-Francesca-DAlessandro-Author.jpg\",\"url\":\"https:\\\/\\\/www.alexandrafrancescadalessandro.com\\\/wp-content\\\/uploads\\\/2024\\\/06\\\/Writter-by-Alexandra-Francesca-DAlessandro-Author.jpg\",\"contentUrl\":\"https:\\\/\\\/www.alexandrafrancescadalessandro.com\\\/wp-content\\\/uploads\\\/2024\\\/06\\\/Writter-by-Alexandra-Francesca-DAlessandro-Author.jpg\",\"width\":400,\"height\":400,\"caption\":\"Alexandra Francesca D'Alessandro\"},\"logo\":{\"@id\":\"https:\\\/\\\/www.alexandrafrancescadalessandro.com\\\/wp-content\\\/uploads\\\/2024\\\/06\\\/Writter-by-Alexandra-Francesca-DAlessandro-Author.jpg\"},\"sameAs\":[\"https:\\\/\\\/www.alexandrafrancescadalessandro.com\\\/\"]}]}<\/script>\n<!-- \/ Yoast SEO plugin. -->","yoast_head_json":{"title":"Carrito | Alexandra Francesca D'Alessandro","robots":{"index":"index","follow":"follow","max-snippet":"max-snippet:-1","max-image-preview":"max-image-preview:large","max-video-preview":"max-video-preview:-1"},"canonical":"https:\/\/www.alexandrafrancescadalessandro.com\/es\/carrito\/","og_locale":"es_ES","og_type":"article","og_title":"Carrito | Alexandra Francesca D'Alessandro","og_description":"Tambi\u00e9n te puede interesar... Tu cesta de la compra est\u00e1 vac\u00eda. Nuevo en tienda","og_url":"https:\/\/www.alexandrafrancescadalessandro.com\/es\/carrito\/","og_site_name":"Alexandra Francesca D'Alessandro","article_modified_time":"2024-06-19T16:15:58+00:00","schema":{"@context":"https:\/\/schema.org","@graph":[{"@type":"WebPage","@id":"https:\/\/www.alexandrafrancescadalessandro.com\/es\/carrito\/","url":"https:\/\/www.alexandrafrancescadalessandro.com\/es\/carrito\/","name":"Carrito | Alexandra Francesca D'Alessandro","isPartOf":{"@id":"https:\/\/www.alexandrafrancescadalessandro.com\/es\/#website"},"datePublished":"2024-04-03T14:25:28+00:00","dateModified":"2024-06-19T16:15:58+00:00","breadcrumb":{"@id":"https:\/\/www.alexandrafrancescadalessandro.com\/es\/carrito\/#breadcrumb"},"inLanguage":"es","potentialAction":[{"@type":"ReadAction","target":["https:\/\/www.alexandrafrancescadalessandro.com\/es\/carrito\/"]}]},{"@type":"BreadcrumbList","@id":"https:\/\/www.alexandrafrancescadalessandro.com\/es\/carrito\/#breadcrumb","itemListElement":[{"@type":"ListItem","position":1,"name":"Home","item":"https:\/\/www.alexandrafrancescadalessandro.com\/es\/"},{"@type":"ListItem","position":2,"name":"Carrito"}]},{"@type":"WebSite","@id":"https:\/\/www.alexandrafrancescadalessandro.com\/es\/#website","url":"https:\/\/www.alexandrafrancescadalessandro.com\/es\/","name":"Alexandra Francesca D'Alessandro | Metamedicina","description":"Metamedicina","publisher":{"@id":"https:\/\/www.alexandrafrancescadalessandro.com\/es\/#\/schema\/person\/f48a80179b0d01c8760b023fd9325ab5"},"potentialAction":[{"@type":"SearchAction","target":{"@type":"EntryPoint","urlTemplate":"https:\/\/www.alexandrafrancescadalessandro.com\/es\/?s={search_term_string}"},"query-input":{"@type":"PropertyValueSpecification","valueRequired":true,"valueName":"search_term_string"}}],"inLanguage":"es"},{"@type":["Person","Organization"],"@id":"https:\/\/www.alexandrafrancescadalessandro.com\/es\/#\/schema\/person\/f48a80179b0d01c8760b023fd9325ab5","name":"Alexandra Francesca D'Alessandro","image":{"@type":"ImageObject","inLanguage":"es","@id":"https:\/\/www.alexandrafrancescadalessandro.com\/wp-content\/uploads\/2024\/06\/Writter-by-Alexandra-Francesca-DAlessandro-Author.jpg","url":"https:\/\/www.alexandrafrancescadalessandro.com\/wp-content\/uploads\/2024\/06\/Writter-by-Alexandra-Francesca-DAlessandro-Author.jpg","contentUrl":"https:\/\/www.alexandrafrancescadalessandro.com\/wp-content\/uploads\/2024\/06\/Writter-by-Alexandra-Francesca-DAlessandro-Author.jpg","width":400,"height":400,"caption":"Alexandra Francesca D'Alessandro"},"logo":{"@id":"https:\/\/www.alexandrafrancescadalessandro.com\/wp-content\/uploads\/2024\/06\/Writter-by-Alexandra-Francesca-DAlessandro-Author.jpg"},"sameAs":["https:\/\/www.alexandrafrancescadalessandro.com\/"]}]}},"jetpack-related-posts":[],"jetpack_sharing_enabled":true,"_links":{"self":[{"href":"https:\/\/www.alexandrafrancescadalessandro.com\/es\/wp-json\/wp\/v2\/pages\/3935","targetHints":{"allow":["GET"]}}],"collection":[{"href":"https:\/\/www.alexandrafrancescadalessandro.com\/es\/wp-json\/wp\/v2\/pages"}],"about":[{"href":"https:\/\/www.alexandrafrancescadalessandro.com\/es\/wp-json\/wp\/v2\/types\/page"}],"author":[{"embeddable":true,"href":"https:\/\/www.alexandrafrancescadalessandro.com\/es\/wp-json\/wp\/v2\/users\/2"}],"replies":[{"embeddable":true,"href":"https:\/\/www.alexandrafrancescadalessandro.com\/es\/wp-json\/wp\/v2\/comments?post=3935"}],"version-history":[{"count":4,"href":"https:\/\/www.alexandrafrancescadalessandro.com\/es\/wp-json\/wp\/v2\/pages\/3935\/revisions"}],"predecessor-version":[{"id":6084,"href":"https:\/\/www.alexandrafrancescadalessandro.com\/es\/wp-json\/wp\/v2\/pages\/3935\/revisions\/6084"}],"wp:attachment":[{"href":"https:\/\/www.alexandrafrancescadalessandro.com\/es\/wp-json\/wp\/v2\/media?parent=3935"}],"curies":[{"name":"wp","href":"https:\/\/api.w.org\/{rel}","templated":true}]}}