{"id":6477,"date":"2024-09-12T17:29:12","date_gmt":"2024-09-12T15:29:12","guid":{"rendered":"https:\/\/www.alexandrafrancescadalessandro.com\/?post_type=product&#038;p=6477"},"modified":"2025-09-07T00:20:42","modified_gmt":"2025-09-06T22:20:42","slug":"la-forza-e-le-sue-diverse-espressioni-webinar-gratuito","status":"publish","type":"product","link":"https:\/\/www.alexandrafrancescadalessandro.com\/en\/prodotto\/la-forza-e-le-sue-diverse-espressioni-webinar-gratuito\/","title":{"rendered":"LA FORZA E LE SUE DIVERSE ESPRESSIONI &#8211; Webinar"},"content":{"rendered":"<p>LA FORZA E LE SUE DIVERSE ESPRESSIONI &#8211; Webinar audio<\/p>\n<p>Dopo tanti anni di lavoro con le persone e di autoesplorazione ho compreso che abbiamo tutti (o la maggior parte di noi) una idea distorta della forza, una visione piccola e limitata che non ci permette di integrarla e usarla quando serve.<\/p>\n<p>Per qualcuno forza \u00e8 uguale a capacit\u00e0 di resistere alle difficolt\u00e0,\u00a0per qualcun altro \u00e8 sinonimo di abuso e violenza (forse perch\u00e8 cos\u00ec l&#8217;ha vista agire in famiglia)<\/p>\n<p>Ci sono persone per cui la forza coincide con la capacit\u00e0 di vincere, di farsi valere, di conquistare o come capacit\u00e0 di sopportare le sconfitte e rialzarsi.<\/p>\n<p>Quante volte mi avete detto &#8220;sono forte o tutti mi dicono che sono forte, ce la devo fare!&#8221;<\/p>\n<p>O quante volte ho sentito dire che per una donna essere forte \u00e8 un indicatore di empowerment femminile<\/p>\n<p>Ma la verit\u00e0 \u00e8 che sono stanca, sei stanca, siamo stanchi di &#8220;essere forte&#8221; secondo le accezioni distorte che abbiamo fatto nostre come &#8220;vere&#8221;.<\/p>\n<p>Donne e uomini stanchi di dover dimostrare la propria forza e di sentirsi dire, nei momenti di difficolt\u00e0, che intanto loro sono forti e ce la faranno.<\/p>\n<p><strong>MA E&#8217; VERAMENTE QUESTO LA FORZA?<\/strong><\/p>\n<ul>\n<li>che cosa \u00e8 la forza?<\/li>\n<li>quanti tipi di forza esistono?<\/li>\n<li>quante espressioni diverse della forza?<\/li>\n<li>quanti luoghi da cui pu\u00f2 emanare la forza (di luce o molto bui)<\/li>\n<li>con quante intenzioni si pu\u00f2 manifestare la forza?<\/li>\n<\/ul>\n<p>Dopo il video base sulla forza che trovi pubblico in YouTube, ho deciso di dedicare un <strong>webinar<\/strong>\u00a0&#8211; a chi vuole approfondire questo tema, esplorando le diverse espressioni della forza e le caratteristiche della forza femminile e della forza maschile, nonch\u00e9 come poter far collaborare le due forze, anzich\u00e9 vederle contrapposte come spesso succede tanto nella coppia quanto nella vita lavorativa.<\/p>\n<p>Conoscere la forza in tutti i suoi aspetti per com-prenderla, integrarla e portarla nel mondo in modo sano ed efficace.<\/p>\n<p><em><strong>Con l&#8217;acquisto di questo webinar ottieni anche uno sconto<\/strong><\/em> per le Masterclass:<\/p>\n<ul>\n<li>\u00a0<a href=\"https:\/\/www.alexandrafrancescadalessandro.com\/prodotto\/la-forza-femminile-secondo-la-ruota-degli-archetipi-femminili-masterclass\/\"><strong>LA RUOTA DEGLI ARCHETIPI DEL FEMMINILE<\/strong><\/a><\/li>\n<li><a href=\"https:\/\/www.alexandrafrancescadalessandro.com\/prodotto\/masterclass-archetipi-maschili-un-viaggio-verso-la-maturita-e-la-forza-interiore\/\"><strong>LA \u00a0LINEA DEGLI ARCHETIPI DEL MASCHILE\u00a0<\/strong><\/a><\/li>\n<\/ul>\n<p><strong>Dopo questa trilogia saprai finalmente come integrare il femminile e il maschile dentro di te e come entrare in relazione con l&#8217;altro sesso in maniera MATURA e CONSAPEVOLE.<\/strong><\/p>\n","protected":false},"excerpt":{"rendered":"<p>Scopri il webinar &#8216;La Forza e le sue diverse espressioni&#8217;, un viaggio esplorativo sulla forza femminile e maschile. Approfondisci i diversi tipi di forza e impara a integrarli nella tua vita in modo sano e consapevole.<\/p>\n<p><em><strong>Con l&#8217;acquisto di questo webinar ottieni anche uno sconto<\/strong><\/em> per le Masterclass:<\/p>\n<ul>\n<li>\u00a0<strong>LA RUOTA DEGLI ARCHETIPI DEL FEMMINILE<\/strong><\/li>\n<li><strong>LA \u00a0LINEA DEGLI ARCHETIPI DEL MASCHILE\u00a0<\/strong><\/li>\n<\/ul>\n<p><strong>Dopo questa trilogia saprai finalmente come integrare il femminile e il maschile dentro di te e come entrare in relazione con l&#8217;altro sesso in maniera MATURA e CONSAPEVOLE.<\/strong><\/p>\n","protected":false},"featured_media":6480,"template":"","meta":{"_et_pb_use_builder":"","_et_pb_old_content":"","_et_gb_content_width":""},"product_brand":[],"product_cat":[29],"product_tag":[59,47,1145,46,1146,1168,1167,1170,1169,31,1172,1171,1166],"class_list":{"0":"post-6477","1":"product","2":"type-product","3":"status-publish","4":"has-post-thumbnail","6":"product_cat-videocorsi","7":"product_tag-autostima-femminile","8":"product_tag-benessere","9":"product_tag-benessere-olistico","10":"product_tag-crescita-personale","11":"product_tag-empowerment-femminile","12":"product_tag-formazione","13":"product_tag-forza","14":"product_tag-forza-maschile","15":"product_tag-maschile-e-femminile","16":"product_tag-metamedicina","17":"product_tag-risveglio-di-coscienza","18":"product_tag-uomo-sano","19":"product_tag-webinar","21":"first","22":"instock","23":"downloadable","24":"virtual","25":"purchasable","26":"product-type-simple"},"yoast_head":"<!-- This site is optimized with the Yoast SEO plugin v27.4 - https:\/\/yoast.com\/product\/yoast-seo-wordpress\/ -->\n<title>LA FORZA E LE SUE DIVERSE ESPRESSIONI - Webinar | Alexandra Francesca D&#039;Alessandro<\/title>\n<meta name=\"description\" content=\"Partecipa al webinar gratuito &#039;La Forza e le sue diverse espressioni&#039; e scopri come integrare in modo sano la forza femminile e maschile e come usarle bene.\" \/>\n<meta name=\"robots\" content=\"index, follow, max-snippet:-1, max-image-preview:large, max-video-preview:-1\" \/>\n<link rel=\"canonical\" href=\"https:\/\/www.alexandrafrancescadalessandro.com\/en\/prodotto\/la-forza-e-le-sue-diverse-espressioni-webinar-gratuito\/\" \/>\n<meta property=\"og:locale\" content=\"en_US\" \/>\n<meta property=\"og:type\" content=\"article\" \/>\n<meta property=\"og:title\" content=\"LA FORZA E LE SUE DIVERSE ESPRESSIONI - Webinar | Alexandra Francesca D&#039;Alessandro\" \/>\n<meta property=\"og:description\" content=\"Partecipa al webinar gratuito &#039;La Forza e le sue diverse espressioni&#039; e scopri come integrare in modo sano la forza femminile e maschile e come usarle bene.\" \/>\n<meta property=\"og:url\" content=\"https:\/\/www.alexandrafrancescadalessandro.com\/en\/prodotto\/la-forza-e-le-sue-diverse-espressioni-webinar-gratuito\/\" \/>\n<meta property=\"og:site_name\" content=\"Alexandra Francesca D&#039;Alessandro\" \/>\n<meta property=\"article:modified_time\" content=\"2025-09-06T22:20:42+00:00\" \/>\n<meta property=\"og:image\" content=\"https:\/\/www.alexandrafrancescadalessandro.com\/wp-content\/uploads\/2024\/09\/WEBINAR-GRATUITO-e1756547381861.jpg\" \/>\n\t<meta property=\"og:image:width\" content=\"1080\" \/>\n\t<meta property=\"og:image:height\" content=\"1290\" \/>\n\t<meta property=\"og:image:type\" content=\"image\/jpeg\" \/>\n<script type=\"application\/ld+json\" class=\"yoast-schema-graph\">{\"@context\":\"https:\\\/\\\/schema.org\",\"@graph\":[{\"@type\":\"WebPage\",\"@id\":\"https:\\\/\\\/www.alexandrafrancescadalessandro.com\\\/en\\\/prodotto\\\/la-forza-e-le-sue-diverse-espressioni-webinar-gratuito\\\/\",\"url\":\"https:\\\/\\\/www.alexandrafrancescadalessandro.com\\\/en\\\/prodotto\\\/la-forza-e-le-sue-diverse-espressioni-webinar-gratuito\\\/\",\"name\":\"LA FORZA E LE SUE DIVERSE ESPRESSIONI - Webinar | Alexandra Francesca D'Alessandro\",\"isPartOf\":{\"@id\":\"https:\\\/\\\/www.alexandrafrancescadalessandro.com\\\/en\\\/#website\"},\"primaryImageOfPage\":{\"@id\":\"https:\\\/\\\/www.alexandrafrancescadalessandro.com\\\/en\\\/prodotto\\\/la-forza-e-le-sue-diverse-espressioni-webinar-gratuito\\\/#primaryimage\"},\"image\":{\"@id\":\"https:\\\/\\\/www.alexandrafrancescadalessandro.com\\\/en\\\/prodotto\\\/la-forza-e-le-sue-diverse-espressioni-webinar-gratuito\\\/#primaryimage\"},\"thumbnailUrl\":\"https:\\\/\\\/i0.wp.com\\\/www.alexandrafrancescadalessandro.com\\\/wp-content\\\/uploads\\\/2024\\\/09\\\/WEBINAR-GRATUITO-e1756547381861.jpg?fit=1080%2C1290&ssl=1\",\"datePublished\":\"2024-09-12T15:29:12+00:00\",\"dateModified\":\"2025-09-06T22:20:42+00:00\",\"description\":\"Partecipa al webinar gratuito 'La Forza e le sue diverse espressioni' e scopri come integrare in modo sano la forza femminile e maschile e come usarle bene.\",\"breadcrumb\":{\"@id\":\"https:\\\/\\\/www.alexandrafrancescadalessandro.com\\\/en\\\/prodotto\\\/la-forza-e-le-sue-diverse-espressioni-webinar-gratuito\\\/#breadcrumb\"},\"inLanguage\":\"en-US\",\"potentialAction\":[{\"@type\":\"ReadAction\",\"target\":[\"https:\\\/\\\/www.alexandrafrancescadalessandro.com\\\/en\\\/prodotto\\\/la-forza-e-le-sue-diverse-espressioni-webinar-gratuito\\\/\"]}]},{\"@type\":\"ImageObject\",\"inLanguage\":\"en-US\",\"@id\":\"https:\\\/\\\/www.alexandrafrancescadalessandro.com\\\/en\\\/prodotto\\\/la-forza-e-le-sue-diverse-espressioni-webinar-gratuito\\\/#primaryimage\",\"url\":\"https:\\\/\\\/i0.wp.com\\\/www.alexandrafrancescadalessandro.com\\\/wp-content\\\/uploads\\\/2024\\\/09\\\/WEBINAR-GRATUITO-e1756547381861.jpg?fit=1080%2C1290&ssl=1\",\"contentUrl\":\"https:\\\/\\\/i0.wp.com\\\/www.alexandrafrancescadalessandro.com\\\/wp-content\\\/uploads\\\/2024\\\/09\\\/WEBINAR-GRATUITO-e1756547381861.jpg?fit=1080%2C1290&ssl=1\",\"width\":1080,\"height\":1290,\"caption\":\"webinar FORZA le diverse espressioni della forza 1\"},{\"@type\":\"BreadcrumbList\",\"@id\":\"https:\\\/\\\/www.alexandrafrancescadalessandro.com\\\/en\\\/prodotto\\\/la-forza-e-le-sue-diverse-espressioni-webinar-gratuito\\\/#breadcrumb\",\"itemListElement\":[{\"@type\":\"ListItem\",\"position\":1,\"name\":\"Home\",\"item\":\"https:\\\/\\\/www.alexandrafrancescadalessandro.com\\\/en\\\/\"},{\"@type\":\"ListItem\",\"position\":2,\"name\":\"Shop\",\"item\":\"https:\\\/\\\/www.alexandrafrancescadalessandro.com\\\/en\\\/shop\\\/\"},{\"@type\":\"ListItem\",\"position\":3,\"name\":\"LA FORZA E LE SUE DIVERSE ESPRESSIONI &#8211; Webinar\"}]},{\"@type\":\"WebSite\",\"@id\":\"https:\\\/\\\/www.alexandrafrancescadalessandro.com\\\/en\\\/#website\",\"url\":\"https:\\\/\\\/www.alexandrafrancescadalessandro.com\\\/en\\\/\",\"name\":\"Alexandra Francesca D'Alessandro | Metamedicina\",\"description\":\"Metamedicina\",\"publisher\":{\"@id\":\"https:\\\/\\\/www.alexandrafrancescadalessandro.com\\\/en\\\/#\\\/schema\\\/person\\\/f48a80179b0d01c8760b023fd9325ab5\"},\"potentialAction\":[{\"@type\":\"SearchAction\",\"target\":{\"@type\":\"EntryPoint\",\"urlTemplate\":\"https:\\\/\\\/www.alexandrafrancescadalessandro.com\\\/en\\\/?s={search_term_string}\"},\"query-input\":{\"@type\":\"PropertyValueSpecification\",\"valueRequired\":true,\"valueName\":\"search_term_string\"}}],\"inLanguage\":\"en-US\"},{\"@type\":[\"Person\",\"Organization\"],\"@id\":\"https:\\\/\\\/www.alexandrafrancescadalessandro.com\\\/en\\\/#\\\/schema\\\/person\\\/f48a80179b0d01c8760b023fd9325ab5\",\"name\":\"Alexandra Francesca D'Alessandro\",\"image\":{\"@type\":\"ImageObject\",\"inLanguage\":\"en-US\",\"@id\":\"https:\\\/\\\/www.alexandrafrancescadalessandro.com\\\/wp-content\\\/uploads\\\/2024\\\/06\\\/Writter-by-Alexandra-Francesca-DAlessandro-Author.jpg\",\"url\":\"https:\\\/\\\/www.alexandrafrancescadalessandro.com\\\/wp-content\\\/uploads\\\/2024\\\/06\\\/Writter-by-Alexandra-Francesca-DAlessandro-Author.jpg\",\"contentUrl\":\"https:\\\/\\\/www.alexandrafrancescadalessandro.com\\\/wp-content\\\/uploads\\\/2024\\\/06\\\/Writter-by-Alexandra-Francesca-DAlessandro-Author.jpg\",\"width\":400,\"height\":400,\"caption\":\"Alexandra Francesca D'Alessandro\"},\"logo\":{\"@id\":\"https:\\\/\\\/www.alexandrafrancescadalessandro.com\\\/wp-content\\\/uploads\\\/2024\\\/06\\\/Writter-by-Alexandra-Francesca-DAlessandro-Author.jpg\"},\"sameAs\":[\"https:\\\/\\\/www.alexandrafrancescadalessandro.com\\\/\"]}]}<\/script>\n<!-- \/ Yoast SEO plugin. -->","yoast_head_json":{"title":"LA FORZA E LE SUE DIVERSE ESPRESSIONI - Webinar | Alexandra Francesca D'Alessandro","description":"Partecipa al webinar gratuito 'La Forza e le sue diverse espressioni' e scopri come integrare in modo sano la forza femminile e maschile e come usarle bene.","robots":{"index":"index","follow":"follow","max-snippet":"max-snippet:-1","max-image-preview":"max-image-preview:large","max-video-preview":"max-video-preview:-1"},"canonical":"https:\/\/www.alexandrafrancescadalessandro.com\/en\/prodotto\/la-forza-e-le-sue-diverse-espressioni-webinar-gratuito\/","og_locale":"en_US","og_type":"article","og_title":"LA FORZA E LE SUE DIVERSE ESPRESSIONI - Webinar | Alexandra Francesca D'Alessandro","og_description":"Partecipa al webinar gratuito 'La Forza e le sue diverse espressioni' e scopri come integrare in modo sano la forza femminile e maschile e come usarle bene.","og_url":"https:\/\/www.alexandrafrancescadalessandro.com\/en\/prodotto\/la-forza-e-le-sue-diverse-espressioni-webinar-gratuito\/","og_site_name":"Alexandra Francesca D'Alessandro","article_modified_time":"2025-09-06T22:20:42+00:00","og_image":[{"width":1080,"height":1290,"url":"https:\/\/www.alexandrafrancescadalessandro.com\/wp-content\/uploads\/2024\/09\/WEBINAR-GRATUITO-e1756547381861.jpg","type":"image\/jpeg"}],"schema":{"@context":"https:\/\/schema.org","@graph":[{"@type":"WebPage","@id":"https:\/\/www.alexandrafrancescadalessandro.com\/en\/prodotto\/la-forza-e-le-sue-diverse-espressioni-webinar-gratuito\/","url":"https:\/\/www.alexandrafrancescadalessandro.com\/en\/prodotto\/la-forza-e-le-sue-diverse-espressioni-webinar-gratuito\/","name":"LA FORZA E LE SUE DIVERSE ESPRESSIONI - Webinar | Alexandra Francesca D'Alessandro","isPartOf":{"@id":"https:\/\/www.alexandrafrancescadalessandro.com\/en\/#website"},"primaryImageOfPage":{"@id":"https:\/\/www.alexandrafrancescadalessandro.com\/en\/prodotto\/la-forza-e-le-sue-diverse-espressioni-webinar-gratuito\/#primaryimage"},"image":{"@id":"https:\/\/www.alexandrafrancescadalessandro.com\/en\/prodotto\/la-forza-e-le-sue-diverse-espressioni-webinar-gratuito\/#primaryimage"},"thumbnailUrl":"https:\/\/i0.wp.com\/www.alexandrafrancescadalessandro.com\/wp-content\/uploads\/2024\/09\/WEBINAR-GRATUITO-e1756547381861.jpg?fit=1080%2C1290&ssl=1","datePublished":"2024-09-12T15:29:12+00:00","dateModified":"2025-09-06T22:20:42+00:00","description":"Partecipa al webinar gratuito 'La Forza e le sue diverse espressioni' e scopri come integrare in modo sano la forza femminile e maschile e come usarle bene.","breadcrumb":{"@id":"https:\/\/www.alexandrafrancescadalessandro.com\/en\/prodotto\/la-forza-e-le-sue-diverse-espressioni-webinar-gratuito\/#breadcrumb"},"inLanguage":"en-US","potentialAction":[{"@type":"ReadAction","target":["https:\/\/www.alexandrafrancescadalessandro.com\/en\/prodotto\/la-forza-e-le-sue-diverse-espressioni-webinar-gratuito\/"]}]},{"@type":"ImageObject","inLanguage":"en-US","@id":"https:\/\/www.alexandrafrancescadalessandro.com\/en\/prodotto\/la-forza-e-le-sue-diverse-espressioni-webinar-gratuito\/#primaryimage","url":"https:\/\/i0.wp.com\/www.alexandrafrancescadalessandro.com\/wp-content\/uploads\/2024\/09\/WEBINAR-GRATUITO-e1756547381861.jpg?fit=1080%2C1290&ssl=1","contentUrl":"https:\/\/i0.wp.com\/www.alexandrafrancescadalessandro.com\/wp-content\/uploads\/2024\/09\/WEBINAR-GRATUITO-e1756547381861.jpg?fit=1080%2C1290&ssl=1","width":1080,"height":1290,"caption":"webinar FORZA le diverse espressioni della forza 1"},{"@type":"BreadcrumbList","@id":"https:\/\/www.alexandrafrancescadalessandro.com\/en\/prodotto\/la-forza-e-le-sue-diverse-espressioni-webinar-gratuito\/#breadcrumb","itemListElement":[{"@type":"ListItem","position":1,"name":"Home","item":"https:\/\/www.alexandrafrancescadalessandro.com\/en\/"},{"@type":"ListItem","position":2,"name":"Shop","item":"https:\/\/www.alexandrafrancescadalessandro.com\/en\/shop\/"},{"@type":"ListItem","position":3,"name":"LA FORZA E LE SUE DIVERSE ESPRESSIONI &#8211; Webinar"}]},{"@type":"WebSite","@id":"https:\/\/www.alexandrafrancescadalessandro.com\/en\/#website","url":"https:\/\/www.alexandrafrancescadalessandro.com\/en\/","name":"Alexandra Francesca D'Alessandro | Metamedicina","description":"Metamedicina","publisher":{"@id":"https:\/\/www.alexandrafrancescadalessandro.com\/en\/#\/schema\/person\/f48a80179b0d01c8760b023fd9325ab5"},"potentialAction":[{"@type":"SearchAction","target":{"@type":"EntryPoint","urlTemplate":"https:\/\/www.alexandrafrancescadalessandro.com\/en\/?s={search_term_string}"},"query-input":{"@type":"PropertyValueSpecification","valueRequired":true,"valueName":"search_term_string"}}],"inLanguage":"en-US"},{"@type":["Person","Organization"],"@id":"https:\/\/www.alexandrafrancescadalessandro.com\/en\/#\/schema\/person\/f48a80179b0d01c8760b023fd9325ab5","name":"Alexandra Francesca D'Alessandro","image":{"@type":"ImageObject","inLanguage":"en-US","@id":"https:\/\/www.alexandrafrancescadalessandro.com\/wp-content\/uploads\/2024\/06\/Writter-by-Alexandra-Francesca-DAlessandro-Author.jpg","url":"https:\/\/www.alexandrafrancescadalessandro.com\/wp-content\/uploads\/2024\/06\/Writter-by-Alexandra-Francesca-DAlessandro-Author.jpg","contentUrl":"https:\/\/www.alexandrafrancescadalessandro.com\/wp-content\/uploads\/2024\/06\/Writter-by-Alexandra-Francesca-DAlessandro-Author.jpg","width":400,"height":400,"caption":"Alexandra Francesca D'Alessandro"},"logo":{"@id":"https:\/\/www.alexandrafrancescadalessandro.com\/wp-content\/uploads\/2024\/06\/Writter-by-Alexandra-Francesca-DAlessandro-Author.jpg"},"sameAs":["https:\/\/www.alexandrafrancescadalessandro.com\/"]}]}},"jetpack-related-posts":[],"jetpack_sharing_enabled":true,"_links":{"self":[{"href":"https:\/\/www.alexandrafrancescadalessandro.com\/en\/wp-json\/wp\/v2\/product\/6477","targetHints":{"allow":["GET"]}}],"collection":[{"href":"https:\/\/www.alexandrafrancescadalessandro.com\/en\/wp-json\/wp\/v2\/product"}],"about":[{"href":"https:\/\/www.alexandrafrancescadalessandro.com\/en\/wp-json\/wp\/v2\/types\/product"}],"wp:featuredmedia":[{"embeddable":true,"href":"https:\/\/www.alexandrafrancescadalessandro.com\/en\/wp-json\/wp\/v2\/media\/6480"}],"wp:attachment":[{"href":"https:\/\/www.alexandrafrancescadalessandro.com\/en\/wp-json\/wp\/v2\/media?parent=6477"}],"wp:term":[{"taxonomy":"product_brand","embeddable":true,"href":"https:\/\/www.alexandrafrancescadalessandro.com\/en\/wp-json\/wp\/v2\/product_brand?post=6477"},{"taxonomy":"product_cat","embeddable":true,"href":"https:\/\/www.alexandrafrancescadalessandro.com\/en\/wp-json\/wp\/v2\/product_cat?post=6477"},{"taxonomy":"product_tag","embeddable":true,"href":"https:\/\/www.alexandrafrancescadalessandro.com\/en\/wp-json\/wp\/v2\/product_tag?post=6477"}],"curies":[{"name":"wp","href":"https:\/\/api.w.org\/{rel}","templated":true}]}}