{"id":134,"date":"2024-04-24T10:45:34","date_gmt":"2024-04-24T08:45:34","guid":{"rendered":"https:\/\/www.alexandrafrancescadalessandro.com\/?post_type=product&#038;p=134"},"modified":"2026-01-25T19:01:10","modified_gmt":"2026-01-25T18:01:10","slug":"mercoledi-della-consapevolezza-crescere-insieme","status":"publish","type":"product","link":"https:\/\/www.alexandrafrancescadalessandro.com\/en\/prodotto\/mercoledi-della-consapevolezza-crescere-insieme\/","title":{"rendered":"Mercoled\u00ec della Consapevolezza: incontro di gruppo per crescere insieme"},"content":{"rendered":"<h3 data-start=\"555\" data-end=\"604\">Mercoled\u00ec della Consapevolezza: incontro di gruppo per crescere insieme<\/h3>\n<p data-start=\"606\" data-end=\"766\"><strong data-start=\"606\" data-end=\"643\">Il Mercoled\u00ec della Consapevolezza<\/strong> nasce per dare uno spazio sicuro e consistente durante momenti di cambiamento, crescita e trasformazione.<\/p>\n<p data-start=\"768\" data-end=\"993\">\u00c8 uno spazio che esiste da anni per far incontrare persone che sono \u201cin cammino\u201d e che, proprio perch\u00e9 stanno evolvendo, a volte non si riconoscono pi\u00f9 nelle amicizie di sempre, nei vecchi riferimenti o nei contesti abituali.<\/p>\n<p data-start=\"995\" data-end=\"1139\">Qui ci si incontra per <strong data-start=\"1018\" data-end=\"1038\">crescere insieme<\/strong>, non per dimostrare qualcosa, ma per <strong data-start=\"1096\" data-end=\"1138\">condividere, approfondire, fare ordine<\/strong>.<\/p>\n<h3 data-start=\"1146\" data-end=\"1183\">A chi \u00e8 dedicato questo spazio<\/h3>\n<p data-start=\"1185\" data-end=\"1213\">Questo incontro \u00e8 per te se:<\/p>\n<ul data-start=\"1214\" data-end=\"1514\">\n<li data-start=\"1214\" data-end=\"1268\">\n<p data-start=\"1216\" data-end=\"1268\">stai vivendo un percorso di trasformazione personale<\/p>\n<\/li>\n<li data-start=\"1269\" data-end=\"1322\">\n<p data-start=\"1271\" data-end=\"1322\">a volte ti senti sola\/o in ci\u00f2 che stai attraversando<\/p>\n<\/li>\n<li data-start=\"1323\" data-end=\"1376\">\n<p data-start=\"1325\" data-end=\"1376\">senti il bisogno di confrontarti con persone affini<\/p>\n<\/li>\n<li data-start=\"1377\" data-end=\"1445\">\n<p data-start=\"1379\" data-end=\"1445\">desideri uno spazio dove poter parlare liberamente, senza giudizio<\/p>\n<\/li>\n<li data-start=\"1446\" data-end=\"1514\">\n<p data-start=\"1448\" data-end=\"1514\">cerchi una guida che sappia <strong data-start=\"1476\" data-end=\"1514\">contenere, chiarire e approfondire<\/strong><\/p>\n<\/li>\n<\/ul>\n<p data-start=\"1516\" data-end=\"1646\">Non \u00e8 un gruppo per chi cerca soluzioni veloci, anche se pu\u00f2 essere una vera iniezione di vitalit\u00e0 e fiducia anche &#8220;all&#8217;occorrenza&#8221;.\u00a0<br data-start=\"1563\" data-end=\"1566\" \/>\u00c8 un luogo per chi sente il valore <strong data-start=\"1605\" data-end=\"1645\">dell\u2019ascolto e della presenza<\/strong>.<\/p>\n<h2 data-start=\"470\" data-end=\"515\">Far parte della Conscious Clarity Tribe<\/h2>\n<p data-start=\"517\" data-end=\"665\">Il <strong data-start=\"520\" data-end=\"554\">Mercoled\u00ec della Consapevolezza<\/strong> non \u00e8 un incontro isolato, ma fa parte di un percorso pi\u00f9 ampio all\u2019interno della <strong data-start=\"637\" data-end=\"664\">Conscious Clarity Tribe<\/strong>.<\/p>\n<p data-start=\"667\" data-end=\"843\">Per chi sceglie di far parte di questo gruppo, nel corso dell\u2019anno vengono proposte <strong data-start=\"751\" data-end=\"774\">iniziative dedicate<\/strong>, pensate per approfondire e dare continuit\u00e0 al lavoro fatto insieme.<\/p>\n<p data-start=\"845\" data-end=\"897\">In particolare, <strong>i membri del gruppo hanno accesso a:<\/strong><\/p>\n<ul data-start=\"898\" data-end=\"1190\">\n<li data-start=\"898\" data-end=\"998\">\n<p data-start=\"900\" data-end=\"998\"><strong data-start=\"900\" data-end=\"920\">retreat dal vivo<\/strong>, per incontrarsi, approfondire e condividere l\u2019esperienza anche in presenza<\/p>\n<\/li>\n<li data-start=\"999\" data-end=\"1083\">\n<p data-start=\"1001\" data-end=\"1083\"><strong data-start=\"1001\" data-end=\"1030\">corsi e percorsi tematici<\/strong>, riservati o agevolati per chi fa parte del gruppo<\/p>\n<\/li>\n<li data-start=\"1084\" data-end=\"1190\">\n<p data-start=\"1086\" data-end=\"1190\"><strong data-start=\"1086\" data-end=\"1124\">condizioni dedicate e agevolazioni<\/strong> su iniziative, eventi e proposte della <em data-start=\"1164\" data-end=\"1190\">Conscious Mentor Academy<\/em><\/p>\n<\/li>\n<\/ul>\n<p data-start=\"1192\" data-end=\"1382\">Queste iniziative nascono per <strong data-start=\"1222\" data-end=\"1258\">nutrire l&#8217;intento di crescere insieme<\/strong>\u00a0e contribuire a far <strong data-start=\"1314\" data-end=\"1381\">espandere nel tempo la vibrazione della Conscious Clarity Tribe<\/strong>.<\/p>\n<h4 style=\"text-align: center;\" data-start=\"1384\" data-end=\"1546\"><strong>Far parte di questo spazio significa non solo partecipare a un incontro mensile, ma entrare in una comunit\u00e0 viva, che cresce, si incontra e si evolve insieme.<\/strong><\/h4>\n<p data-start=\"1384\" data-end=\"1546\">\n<h3 data-start=\"1653\" data-end=\"1714\">Cosa succede durante il Mercoled\u00ec della Consapevolezza<\/h3>\n<p data-start=\"1716\" data-end=\"1813\">Ci incontriamo online su Zoom <strong data-start=\"1746\" data-end=\"1780\">ogni ultimo mercoled\u00ec del mese<\/strong>, dalle <strong data-start=\"1788\" data-end=\"1812\">19:00 alle 21:00 CET<\/strong>.<\/p>\n<p data-start=\"1815\" data-end=\"1842\">Durante le due ore insieme:<\/p>\n<ul data-start=\"1843\" data-end=\"2064\">\n<li data-start=\"1843\" data-end=\"1883\">\n<p data-start=\"1845\" data-end=\"1883\">ci prendiamo uno spazio per ascoltarci<\/p>\n<\/li>\n<li data-start=\"1884\" data-end=\"1957\">\n<p data-start=\"1886\" data-end=\"1957\">approfondiamo temi legati alla consapevolezza e alla crescita interiore<\/p>\n<\/li>\n<li data-start=\"1958\" data-end=\"2012\">\n<p data-start=\"1960\" data-end=\"2012\">puoi portare domande, vissuti, momenti di confusione<\/p>\n<\/li>\n<li data-start=\"2013\" data-end=\"2064\">\n<p data-start=\"2015\" data-end=\"2064\">il gruppo diventa uno spazio di scambio autentico<\/p>\n<\/li>\n<\/ul>\n<p data-start=\"2066\" data-end=\"2094\">La mia guida \u00e8 presente per:<\/p>\n<ul data-start=\"2095\" data-end=\"2274\">\n<li data-start=\"2095\" data-end=\"2120\">\n<p data-start=\"2097\" data-end=\"2120\"><strong data-start=\"2097\" data-end=\"2120\">contenere il gruppo<\/strong><\/p>\n<\/li>\n<li data-start=\"2121\" data-end=\"2172\">\n<p data-start=\"2123\" data-end=\"2172\">aiutare a fare ordine quando le cose sono confuse<\/p>\n<\/li>\n<li data-start=\"2173\" data-end=\"2214\">\n<p data-start=\"2175\" data-end=\"2214\">approfondire con attenzione e dettaglio<\/p>\n<\/li>\n<li data-start=\"2215\" data-end=\"2274\">\n<p data-start=\"2217\" data-end=\"2274\">dare parole e chiarezza a ci\u00f2 che spesso resta indistinto<\/p>\n<\/li>\n<\/ul>\n<h3 data-start=\"2281\" data-end=\"2306\"><\/h3>\n<h3 data-start=\"2281\" data-end=\"2306\">Perch\u00e9 partecipare<\/h3>\n<p data-start=\"2308\" data-end=\"2360\">Il Mercoled\u00ec della Consapevolezza \u00e8 uno spazio dove:<\/p>\n<ul data-start=\"2361\" data-end=\"2559\">\n<li data-start=\"2361\" data-end=\"2398\">\n<p data-start=\"2363\" data-end=\"2398\">sentirti meno sola nel tuo percorso<\/p>\n<\/li>\n<li data-start=\"2399\" data-end=\"2470\">\n<p data-start=\"2401\" data-end=\"2470\">confrontarti con persone che parlano la tua stessa \u201clingua interiore\u201d<\/p>\n<\/li>\n<li data-start=\"2471\" data-end=\"2506\">\n<p data-start=\"2473\" data-end=\"2506\">dare continuit\u00e0 alla tua crescita<\/p>\n<\/li>\n<li data-start=\"2507\" data-end=\"2559\">\n<p data-start=\"2509\" data-end=\"2559\">trovare chiarezza, sostegno e nuovi punti di vista<\/p>\n<\/li>\n<\/ul>\n<p data-start=\"2561\" data-end=\"2691\">Con il tempo, per molte persone, questo gruppo \u00e8 diventato un <strong data-start=\"2623\" data-end=\"2647\">punto di riferimento<\/strong>, un appuntamento fisso in cui tornare a s\u00e9.<\/p>\n<h3 data-start=\"2698\" data-end=\"2726\"><\/h3>\n<h3 data-start=\"2698\" data-end=\"2726\">Informazioni pratiche<\/h3>\n<ul data-start=\"2728\" data-end=\"2887\">\n<li data-start=\"2728\" data-end=\"2774\">\n<p data-start=\"2730\" data-end=\"2774\"><strong data-start=\"2730\" data-end=\"2741\">Quando:<\/strong> ogni ultimo mercoled\u00ec del mese<\/p>\n<\/li>\n<li data-start=\"2775\" data-end=\"2808\">\n<p data-start=\"2777\" data-end=\"2808\"><strong data-start=\"2777\" data-end=\"2788\">Orario:<\/strong> 19:00 \u2013 21:00 CET<\/p>\n<\/li>\n<li data-start=\"2809\" data-end=\"2837\">\n<p data-start=\"2811\" data-end=\"2837\"><strong data-start=\"2811\" data-end=\"2820\">Dove:<\/strong> online su Zoom<\/p>\n<\/li>\n<li data-start=\"2838\" data-end=\"2887\">\n<p data-start=\"2840\" data-end=\"2887\"><strong data-start=\"2840\" data-end=\"2852\">Accesso:<\/strong> da computer, tablet o smartphone<\/p>\n<\/li>\n<\/ul>\n<h3 data-start=\"2894\" data-end=\"2927\"><\/h3>\n<h3 data-start=\"2894\" data-end=\"2927\">Modalit\u00e0 di partecipazione<\/h3>\n<p data-start=\"2929\" data-end=\"2944\">Puoi scegliere:<\/p>\n<ul data-start=\"2945\" data-end=\"3026\">\n<li data-start=\"2945\" data-end=\"2985\">\n<p data-start=\"2947\" data-end=\"2985\"><strong data-start=\"2947\" data-end=\"2972\">Iscrizione semestrale<\/strong> (6 incontri) &#8211; \u20ac120 per il semestre (gennaio\/giugno &#8211; luglio-settembre)<\/p>\n<\/li>\n<li data-start=\"2986\" data-end=\"3026\">\n<p data-start=\"2988\" data-end=\"3026\"><strong data-start=\"2988\" data-end=\"3026\">Partecipazione al singolo incontro &#8211; \u20ac35 a incontro\u00a0<\/strong><\/p>\n<\/li>\n<\/ul>\n<p data-start=\"3028\" data-end=\"3096\">Scegli la modalit\u00e0 che senti pi\u00f9 adatta al momento che stai vivendo.<\/p>\n<h3 data-start=\"3103\" data-end=\"3127\"><\/h3>\n<p style=\"text-align: center;\" data-start=\"3129\" data-end=\"3256\"><strong>Per camminare insieme, con pi\u00f9 consapevolezza, chiarezza e integrit\u00e0.<\/strong><\/p>\n<p data-start=\"3258\" data-end=\"3327\">Se senti che questo tempo condiviso pu\u00f2 sostenerti, sei la benvenuta\/o.<\/p>\n","protected":false},"excerpt":{"rendered":"<p>IL MERCOLEDI\u2019 DELLA CONSAPEVOLEZZA accompagnamento di gruppo mensile per crescere insieme<\/p>\n<p><strong>Due ore in zoom, ogni ultimo MERCOLEDI\u2019 del MESE<\/strong>\u00a0<strong>per aprirci ad una prospettiva pi\u00f9 ampia della vita.\u00a0<\/strong><\/p>\n<p>Durante le due ore insieme, avrai la possibilit\u00e0 di porre le tue domande, approfondire i temi trattati durante le <a href=\"https:\/\/www.youtube.com\/channel\/UCBbaIvP2XCADWWFw3SicNgQ\">dirette in Youtube<\/a> e condividere esperienze personali che arricchiranno tutto il gruppo.<\/p>\n<p><strong>I partecipanti ai &#8220;Mercoled\u00ec della Consapevolezza&#8221; godono di vantaggi esclusivi. Scopri di pi\u00f9\u00a0<\/strong><\/p>\n","protected":false},"featured_media":3963,"template":"","meta":{"_et_pb_use_builder":"","_et_pb_old_content":"","_et_gb_content_width":""},"product_brand":[],"product_cat":[28,23],"product_tag":[49,30,47,46,48,45,31],"class_list":{"0":"post-134","1":"product","2":"type-product","3":"status-publish","4":"has-post-thumbnail","6":"product_cat-abbonamenti","7":"product_cat-percorsi-di-gruppo","8":"product_tag-abbonamento","9":"product_tag-abbondanza","10":"product_tag-benessere","11":"product_tag-crescita-personale","12":"product_tag-incontri-di-gruppo-online","13":"product_tag-mercoledi-della-consapevolezza","14":"product_tag-metamedicina","16":"first","17":"instock","18":"shipping-taxable","19":"purchasable","20":"product-type-variable"},"yoast_head":"<!-- This site is optimized with the Yoast SEO plugin v27.4 - https:\/\/yoast.com\/product\/yoast-seo-wordpress\/ -->\n<title>Mercoled\u00ec della Consapevolezza: incontro di gruppo per crescere insieme<\/title>\n<meta name=\"description\" content=\"IL MERCOLEDI\u2019 DELLA CONSAPEVOLEZZA \u00e8 un accompagnamento di gruppo mensile per crescere insieme. Plus : Retreat dal vivo con me riservati ai partecipanti\" \/>\n<meta name=\"robots\" content=\"index, follow, max-snippet:-1, max-image-preview:large, max-video-preview:-1\" \/>\n<link rel=\"canonical\" href=\"https:\/\/www.alexandrafrancescadalessandro.com\/en\/prodotto\/mercoledi-della-consapevolezza-crescere-insieme\/\" \/>\n<meta property=\"og:locale\" content=\"en_US\" \/>\n<meta property=\"og:type\" content=\"article\" \/>\n<meta property=\"og:title\" content=\"Mercoled\u00ec della Consapevolezza: incontro di gruppo per crescere insieme\" \/>\n<meta property=\"og:description\" content=\"IL MERCOLEDI\u2019 DELLA CONSAPEVOLEZZA \u00e8 un accompagnamento di gruppo mensile per crescere insieme. Plus : Retreat dal vivo con me riservati ai partecipanti\" \/>\n<meta property=\"og:url\" content=\"https:\/\/www.alexandrafrancescadalessandro.com\/en\/prodotto\/mercoledi-della-consapevolezza-crescere-insieme\/\" \/>\n<meta property=\"og:site_name\" content=\"Alexandra Francesca D&#039;Alessandro\" \/>\n<meta property=\"article:modified_time\" content=\"2026-01-25T18:01:10+00:00\" \/>\n<meta property=\"og:image\" content=\"https:\/\/www.alexandrafrancescadalessandro.com\/wp-content\/uploads\/2024\/04\/i-mercoledi-della-consapevolezza-prodotto.png\" \/>\n\t<meta property=\"og:image:width\" content=\"1080\" \/>\n\t<meta property=\"og:image:height\" content=\"1080\" \/>\n\t<meta property=\"og:image:type\" content=\"image\/png\" \/>\n<script type=\"application\/ld+json\" class=\"yoast-schema-graph\">{\"@context\":\"https:\\\/\\\/schema.org\",\"@graph\":[{\"@type\":\"WebPage\",\"@id\":\"https:\\\/\\\/www.alexandrafrancescadalessandro.com\\\/en\\\/prodotto\\\/mercoledi-della-consapevolezza-crescere-insieme\\\/\",\"url\":\"https:\\\/\\\/www.alexandrafrancescadalessandro.com\\\/en\\\/prodotto\\\/mercoledi-della-consapevolezza-crescere-insieme\\\/\",\"name\":\"Mercoled\u00ec della Consapevolezza: incontro di gruppo per crescere insieme\",\"isPartOf\":{\"@id\":\"https:\\\/\\\/www.alexandrafrancescadalessandro.com\\\/en\\\/#website\"},\"primaryImageOfPage\":{\"@id\":\"https:\\\/\\\/www.alexandrafrancescadalessandro.com\\\/en\\\/prodotto\\\/mercoledi-della-consapevolezza-crescere-insieme\\\/#primaryimage\"},\"image\":{\"@id\":\"https:\\\/\\\/www.alexandrafrancescadalessandro.com\\\/en\\\/prodotto\\\/mercoledi-della-consapevolezza-crescere-insieme\\\/#primaryimage\"},\"thumbnailUrl\":\"https:\\\/\\\/i0.wp.com\\\/www.alexandrafrancescadalessandro.com\\\/wp-content\\\/uploads\\\/2024\\\/04\\\/i-mercoledi-della-consapevolezza-prodotto.png?fit=1080%2C1080&ssl=1\",\"datePublished\":\"2024-04-24T08:45:34+00:00\",\"dateModified\":\"2026-01-25T18:01:10+00:00\",\"description\":\"IL MERCOLEDI\u2019 DELLA CONSAPEVOLEZZA \u00e8 un accompagnamento di gruppo mensile per crescere insieme. Plus : Retreat dal vivo con me riservati ai partecipanti\",\"breadcrumb\":{\"@id\":\"https:\\\/\\\/www.alexandrafrancescadalessandro.com\\\/en\\\/prodotto\\\/mercoledi-della-consapevolezza-crescere-insieme\\\/#breadcrumb\"},\"inLanguage\":\"en-US\",\"potentialAction\":[{\"@type\":\"ReadAction\",\"target\":[\"https:\\\/\\\/www.alexandrafrancescadalessandro.com\\\/en\\\/prodotto\\\/mercoledi-della-consapevolezza-crescere-insieme\\\/\"]}]},{\"@type\":\"ImageObject\",\"inLanguage\":\"en-US\",\"@id\":\"https:\\\/\\\/www.alexandrafrancescadalessandro.com\\\/en\\\/prodotto\\\/mercoledi-della-consapevolezza-crescere-insieme\\\/#primaryimage\",\"url\":\"https:\\\/\\\/i0.wp.com\\\/www.alexandrafrancescadalessandro.com\\\/wp-content\\\/uploads\\\/2024\\\/04\\\/i-mercoledi-della-consapevolezza-prodotto.png?fit=1080%2C1080&ssl=1\",\"contentUrl\":\"https:\\\/\\\/i0.wp.com\\\/www.alexandrafrancescadalessandro.com\\\/wp-content\\\/uploads\\\/2024\\\/04\\\/i-mercoledi-della-consapevolezza-prodotto.png?fit=1080%2C1080&ssl=1\",\"width\":1080,\"height\":1080,\"caption\":\"i-mercoledi-della-consapevolezza-prodotto.png\"},{\"@type\":\"BreadcrumbList\",\"@id\":\"https:\\\/\\\/www.alexandrafrancescadalessandro.com\\\/en\\\/prodotto\\\/mercoledi-della-consapevolezza-crescere-insieme\\\/#breadcrumb\",\"itemListElement\":[{\"@type\":\"ListItem\",\"position\":1,\"name\":\"Home\",\"item\":\"https:\\\/\\\/www.alexandrafrancescadalessandro.com\\\/en\\\/\"},{\"@type\":\"ListItem\",\"position\":2,\"name\":\"Shop\",\"item\":\"https:\\\/\\\/www.alexandrafrancescadalessandro.com\\\/en\\\/shop\\\/\"},{\"@type\":\"ListItem\",\"position\":3,\"name\":\"Mercoled\u00ec della Consapevolezza: incontro di gruppo per crescere insieme\"}]},{\"@type\":\"WebSite\",\"@id\":\"https:\\\/\\\/www.alexandrafrancescadalessandro.com\\\/en\\\/#website\",\"url\":\"https:\\\/\\\/www.alexandrafrancescadalessandro.com\\\/en\\\/\",\"name\":\"Alexandra Francesca D'Alessandro | Metamedicina\",\"description\":\"Metamedicina\",\"publisher\":{\"@id\":\"https:\\\/\\\/www.alexandrafrancescadalessandro.com\\\/en\\\/#\\\/schema\\\/person\\\/f48a80179b0d01c8760b023fd9325ab5\"},\"potentialAction\":[{\"@type\":\"SearchAction\",\"target\":{\"@type\":\"EntryPoint\",\"urlTemplate\":\"https:\\\/\\\/www.alexandrafrancescadalessandro.com\\\/en\\\/?s={search_term_string}\"},\"query-input\":{\"@type\":\"PropertyValueSpecification\",\"valueRequired\":true,\"valueName\":\"search_term_string\"}}],\"inLanguage\":\"en-US\"},{\"@type\":[\"Person\",\"Organization\"],\"@id\":\"https:\\\/\\\/www.alexandrafrancescadalessandro.com\\\/en\\\/#\\\/schema\\\/person\\\/f48a80179b0d01c8760b023fd9325ab5\",\"name\":\"Alexandra Francesca D'Alessandro\",\"image\":{\"@type\":\"ImageObject\",\"inLanguage\":\"en-US\",\"@id\":\"https:\\\/\\\/www.alexandrafrancescadalessandro.com\\\/wp-content\\\/uploads\\\/2024\\\/06\\\/Writter-by-Alexandra-Francesca-DAlessandro-Author.jpg\",\"url\":\"https:\\\/\\\/www.alexandrafrancescadalessandro.com\\\/wp-content\\\/uploads\\\/2024\\\/06\\\/Writter-by-Alexandra-Francesca-DAlessandro-Author.jpg\",\"contentUrl\":\"https:\\\/\\\/www.alexandrafrancescadalessandro.com\\\/wp-content\\\/uploads\\\/2024\\\/06\\\/Writter-by-Alexandra-Francesca-DAlessandro-Author.jpg\",\"width\":400,\"height\":400,\"caption\":\"Alexandra Francesca D'Alessandro\"},\"logo\":{\"@id\":\"https:\\\/\\\/www.alexandrafrancescadalessandro.com\\\/wp-content\\\/uploads\\\/2024\\\/06\\\/Writter-by-Alexandra-Francesca-DAlessandro-Author.jpg\"},\"sameAs\":[\"https:\\\/\\\/www.alexandrafrancescadalessandro.com\\\/\"]}]}<\/script>\n<!-- \/ Yoast SEO plugin. -->","yoast_head_json":{"title":"Mercoled\u00ec della Consapevolezza: incontro di gruppo per crescere insieme","description":"IL MERCOLEDI\u2019 DELLA CONSAPEVOLEZZA \u00e8 un accompagnamento di gruppo mensile per crescere insieme. Plus : Retreat dal vivo con me riservati ai partecipanti","robots":{"index":"index","follow":"follow","max-snippet":"max-snippet:-1","max-image-preview":"max-image-preview:large","max-video-preview":"max-video-preview:-1"},"canonical":"https:\/\/www.alexandrafrancescadalessandro.com\/en\/prodotto\/mercoledi-della-consapevolezza-crescere-insieme\/","og_locale":"en_US","og_type":"article","og_title":"Mercoled\u00ec della Consapevolezza: incontro di gruppo per crescere insieme","og_description":"IL MERCOLEDI\u2019 DELLA CONSAPEVOLEZZA \u00e8 un accompagnamento di gruppo mensile per crescere insieme. Plus : Retreat dal vivo con me riservati ai partecipanti","og_url":"https:\/\/www.alexandrafrancescadalessandro.com\/en\/prodotto\/mercoledi-della-consapevolezza-crescere-insieme\/","og_site_name":"Alexandra Francesca D'Alessandro","article_modified_time":"2026-01-25T18:01:10+00:00","og_image":[{"width":1080,"height":1080,"url":"https:\/\/www.alexandrafrancescadalessandro.com\/wp-content\/uploads\/2024\/04\/i-mercoledi-della-consapevolezza-prodotto.png","type":"image\/png"}],"schema":{"@context":"https:\/\/schema.org","@graph":[{"@type":"WebPage","@id":"https:\/\/www.alexandrafrancescadalessandro.com\/en\/prodotto\/mercoledi-della-consapevolezza-crescere-insieme\/","url":"https:\/\/www.alexandrafrancescadalessandro.com\/en\/prodotto\/mercoledi-della-consapevolezza-crescere-insieme\/","name":"Mercoled\u00ec della Consapevolezza: incontro di gruppo per crescere insieme","isPartOf":{"@id":"https:\/\/www.alexandrafrancescadalessandro.com\/en\/#website"},"primaryImageOfPage":{"@id":"https:\/\/www.alexandrafrancescadalessandro.com\/en\/prodotto\/mercoledi-della-consapevolezza-crescere-insieme\/#primaryimage"},"image":{"@id":"https:\/\/www.alexandrafrancescadalessandro.com\/en\/prodotto\/mercoledi-della-consapevolezza-crescere-insieme\/#primaryimage"},"thumbnailUrl":"https:\/\/i0.wp.com\/www.alexandrafrancescadalessandro.com\/wp-content\/uploads\/2024\/04\/i-mercoledi-della-consapevolezza-prodotto.png?fit=1080%2C1080&ssl=1","datePublished":"2024-04-24T08:45:34+00:00","dateModified":"2026-01-25T18:01:10+00:00","description":"IL MERCOLEDI\u2019 DELLA CONSAPEVOLEZZA \u00e8 un accompagnamento di gruppo mensile per crescere insieme. Plus : Retreat dal vivo con me riservati ai partecipanti","breadcrumb":{"@id":"https:\/\/www.alexandrafrancescadalessandro.com\/en\/prodotto\/mercoledi-della-consapevolezza-crescere-insieme\/#breadcrumb"},"inLanguage":"en-US","potentialAction":[{"@type":"ReadAction","target":["https:\/\/www.alexandrafrancescadalessandro.com\/en\/prodotto\/mercoledi-della-consapevolezza-crescere-insieme\/"]}]},{"@type":"ImageObject","inLanguage":"en-US","@id":"https:\/\/www.alexandrafrancescadalessandro.com\/en\/prodotto\/mercoledi-della-consapevolezza-crescere-insieme\/#primaryimage","url":"https:\/\/i0.wp.com\/www.alexandrafrancescadalessandro.com\/wp-content\/uploads\/2024\/04\/i-mercoledi-della-consapevolezza-prodotto.png?fit=1080%2C1080&ssl=1","contentUrl":"https:\/\/i0.wp.com\/www.alexandrafrancescadalessandro.com\/wp-content\/uploads\/2024\/04\/i-mercoledi-della-consapevolezza-prodotto.png?fit=1080%2C1080&ssl=1","width":1080,"height":1080,"caption":"i-mercoledi-della-consapevolezza-prodotto.png"},{"@type":"BreadcrumbList","@id":"https:\/\/www.alexandrafrancescadalessandro.com\/en\/prodotto\/mercoledi-della-consapevolezza-crescere-insieme\/#breadcrumb","itemListElement":[{"@type":"ListItem","position":1,"name":"Home","item":"https:\/\/www.alexandrafrancescadalessandro.com\/en\/"},{"@type":"ListItem","position":2,"name":"Shop","item":"https:\/\/www.alexandrafrancescadalessandro.com\/en\/shop\/"},{"@type":"ListItem","position":3,"name":"Mercoled\u00ec della Consapevolezza: incontro di gruppo per crescere insieme"}]},{"@type":"WebSite","@id":"https:\/\/www.alexandrafrancescadalessandro.com\/en\/#website","url":"https:\/\/www.alexandrafrancescadalessandro.com\/en\/","name":"Alexandra Francesca D'Alessandro | Metamedicina","description":"Metamedicina","publisher":{"@id":"https:\/\/www.alexandrafrancescadalessandro.com\/en\/#\/schema\/person\/f48a80179b0d01c8760b023fd9325ab5"},"potentialAction":[{"@type":"SearchAction","target":{"@type":"EntryPoint","urlTemplate":"https:\/\/www.alexandrafrancescadalessandro.com\/en\/?s={search_term_string}"},"query-input":{"@type":"PropertyValueSpecification","valueRequired":true,"valueName":"search_term_string"}}],"inLanguage":"en-US"},{"@type":["Person","Organization"],"@id":"https:\/\/www.alexandrafrancescadalessandro.com\/en\/#\/schema\/person\/f48a80179b0d01c8760b023fd9325ab5","name":"Alexandra Francesca D'Alessandro","image":{"@type":"ImageObject","inLanguage":"en-US","@id":"https:\/\/www.alexandrafrancescadalessandro.com\/wp-content\/uploads\/2024\/06\/Writter-by-Alexandra-Francesca-DAlessandro-Author.jpg","url":"https:\/\/www.alexandrafrancescadalessandro.com\/wp-content\/uploads\/2024\/06\/Writter-by-Alexandra-Francesca-DAlessandro-Author.jpg","contentUrl":"https:\/\/www.alexandrafrancescadalessandro.com\/wp-content\/uploads\/2024\/06\/Writter-by-Alexandra-Francesca-DAlessandro-Author.jpg","width":400,"height":400,"caption":"Alexandra Francesca D'Alessandro"},"logo":{"@id":"https:\/\/www.alexandrafrancescadalessandro.com\/wp-content\/uploads\/2024\/06\/Writter-by-Alexandra-Francesca-DAlessandro-Author.jpg"},"sameAs":["https:\/\/www.alexandrafrancescadalessandro.com\/"]}]}},"jetpack-related-posts":[],"jetpack_sharing_enabled":true,"_links":{"self":[{"href":"https:\/\/www.alexandrafrancescadalessandro.com\/en\/wp-json\/wp\/v2\/product\/134","targetHints":{"allow":["GET"]}}],"collection":[{"href":"https:\/\/www.alexandrafrancescadalessandro.com\/en\/wp-json\/wp\/v2\/product"}],"about":[{"href":"https:\/\/www.alexandrafrancescadalessandro.com\/en\/wp-json\/wp\/v2\/types\/product"}],"wp:featuredmedia":[{"embeddable":true,"href":"https:\/\/www.alexandrafrancescadalessandro.com\/en\/wp-json\/wp\/v2\/media\/3963"}],"wp:attachment":[{"href":"https:\/\/www.alexandrafrancescadalessandro.com\/en\/wp-json\/wp\/v2\/media?parent=134"}],"wp:term":[{"taxonomy":"product_brand","embeddable":true,"href":"https:\/\/www.alexandrafrancescadalessandro.com\/en\/wp-json\/wp\/v2\/product_brand?post=134"},{"taxonomy":"product_cat","embeddable":true,"href":"https:\/\/www.alexandrafrancescadalessandro.com\/en\/wp-json\/wp\/v2\/product_cat?post=134"},{"taxonomy":"product_tag","embeddable":true,"href":"https:\/\/www.alexandrafrancescadalessandro.com\/en\/wp-json\/wp\/v2\/product_tag?post=134"}],"curies":[{"name":"wp","href":"https:\/\/api.w.org\/{rel}","templated":true}]}}