{"id":127,"date":"2024-04-14T10:15:17","date_gmt":"2024-04-14T08:15:17","guid":{"rendered":"https:\/\/www.alexandrafrancescadalessandro.com\/?post_type=product&#038;p=127"},"modified":"2024-06-24T00:02:13","modified_gmt":"2024-06-23T22:02:13","slug":"masterclass-abbondanza-alla-portata-di-tutti","status":"publish","type":"product","link":"https:\/\/www.alexandrafrancescadalessandro.com\/en\/prodotto\/masterclass-abbondanza-alla-portata-di-tutti\/","title":{"rendered":"Masterclass Abbondanza alla portata di tutti"},"content":{"rendered":"<h3>L&#8217;abbondanza \u00e8 alla portata di tutti.<\/h3>\n<p>Abbondanza \u00e8 molte cose: ad esempio \u00e8 poter fare scelte libere, scelte di amore e non di paura. Viviamo in un momento storico e in un sistema sociale nel quale la maggior parte delle nostre scelte scaturiscono dalla paura: paura della mancanza, paura di soffrire o far soffrire, paura di perdere paura di non essere amati,paura di non essere riconosciuti, paura di deludere, paura di lasciare andare, paura dell\u2019altro, paura di noi stessi. Ci hanno fatto credere che l&#8217;abbondanza sia solo per pochi fortunati, ma non \u00e8 cos\u00ec: l&#8217;Abbondanza \u00e8 alla portata di tutti!<\/p>\n<p style=\"text-align: center;\"><em><strong>E\u2019 tempo di volgere lo sguardo alla ABBONDANZA e alla PROSPERITA\u2019 come qualcosa che appartiene a tutti\u00a0<\/strong><\/em><\/p>\n<h4>Scopri come portare l&#8217;abbondanza nella tua vita oggi stesso.<\/h4>\n<p>Da molti anni propongo workshop e conferenze sul tema, e faccio ricerca a livello personale. Ho deciso di riunire in un vero e proprio <strong>breve corso di formazione<\/strong> tutto ci\u00f2 ho appreso e sperimentato \u2013 unendo approcci, metodologie, intuizioni, esperienza sul campo \u2013 a favore di chi desidera uno <strong>sguardo nuovo e non convenzionale su questo tema<\/strong>.<\/p>\n<h4>Siamo sicuri che l\u2019abbondanza vada a compartimenti stagni?<\/h4>\n<p>Alcuni di noi forse conoscono e vivono gi\u00e0 l\u2019abbondanza, ma \u00e8 possibile che questa riguardi solo alcune aree della propria vita ad esempio la sfera economica ma non quella affettiva\u2026o viceversa<\/p>\n<h4><strong>Il punto di partenza<\/strong><\/h4>\n<p><strong> Abbondanza e Prosperit\u00e0 sono alla portata di tutti\u2026ma \u201cnon la accettiamo\u201d. Perch\u00e8?<\/strong> L&#8217;abbondanza \u00e8 gi\u00e0 disponibile: tu sai farle spazio? Te lo ripeto: l&#8217;abbondanza \u00e8 alla portata di tutti. Basta sapere da dove nascono abbondanza e prosperit\u00e0, quali sono le sorgenti e quali le loro tombe! Comprendere questo ci permette di:<\/p>\n<ul>\n<li>allinearci e connetterci a tutte le energie ad esse correlate (amore, salute, denaro, creativit\u00e0 etc\u2026)<\/li>\n<li>creare abbondanza nella tua vita e nella tua comunit\u00e0<\/li>\n<li>condividere l&#8217;abbondanza<\/li>\n<\/ul>\n<h4 style=\"text-align: left;\"><em><strong>3 ore di video corso per :<\/strong><\/em><\/h4>\n<ol>\n<li style=\"text-align: left;\"><em>fare chiarezza nella grande confusione che hai in testa sul perch\u00e8 non c&#8217;\u00e8 abbondanza per te<\/em><\/li>\n<li style=\"text-align: left;\"><em>andare oltre \u201cle cose che si dicono\u201d, \u201cle cose che si credono\u201d<\/em><\/li>\n<li style=\"text-align: left;\"><em>vedere la vita da una prospettiva nuova, pi\u00f9 ampia e lucida<\/em><\/li>\n<li>comprendere i meccanismi e la fisiologia della abbondanza<\/li>\n<li>accogliere l&#8217;abbondanza &#8211; senza paura &#8211; nella tua vita<\/li>\n<\/ol>\n<h3><em>Esplora in profondit\u00e0, riconosci e disconnetti i meccanismi che regolano il tuo rapporto con l\u2019Abbondanza e la Prosperit\u00e0, in tutte le sue forme, per attuare un cambiamento profondo.<\/em><\/h3>\n<p>&nbsp;<\/p>\n","protected":false},"excerpt":{"rendered":"<p>L&#8217;abbondanza \u00e8 alla portata di tutti. Abbondanza \u00e8 molte cose: ad esempio \u00e8 poter fare scelte libere, scelte di amore e non di paura. Viviamo in un momento storico e in un sistema sociale nel quale la maggior parte delle nostre scelte scaturiscono dalla paura: paura della mancanza, paura di soffrire o far soffrire, paura [&hellip;]<\/p>\n","protected":false},"featured_media":3987,"template":"","meta":{"_et_pb_use_builder":"off","_et_pb_old_content":"<h3>L'abbondanza \u00e8 alla portata di tutti.<\/h3>\r\nAbbondanza \u00e8 molte cose: ad esempio \u00e8 poter fare scelte libere, scelte di amore e non di paura.\r\n\r\nViviamo in un momento storico e in un sistema sociale nel quale la maggior parte delle nostre scelte scaturiscono dalla paura: paura della mancanza, paura di soffrire o far soffrire, paura di perdere paura di non essere amati,paura di non essere riconosciuti, paura di deludere, paura di lasciare andare, paura dell\u2019altro, paura di noi stessi.\r\n\r\nCi hanno fatto credere che l'abbondanza sia solo per pochi fortunati, ma non \u00e8 cos\u00ec: l'Abbondanza \u00e8 alla portata di tutti!\r\n<p style=\"text-align: center\"><em><strong>E\u2019 tempo di volgere lo sguardo alla ABBONDANZA e alla PROSPERITA\u2019 come qualcosa che appartiene a tutti\u00a0<\/strong><\/em><\/p>\r\n\r\n<h4>Scopri come portare l'abbondanza nella tua vita oggi stesso.<\/h4>\r\nDa molti anni propongo workshop e conferenze sul tema, e faccio ricerca a livello personale. Ho deciso di riunire in un vero e proprio <strong>breve corso di formazione<\/strong> tutto ci\u00f2 ho appreso e sperimentato \u2013 unendo approcci, metodologie, intuizioni, esperienza sul campo \u2013 a favore di chi desidera uno <strong>sguardo nuovo e non convenzionale su questo tema<\/strong>.\r\n<h4>Siamo sicuri che l\u2019abbondanza vada a compartimenti stagni?<\/h4>\r\nAlcuni di noi forse conoscono e vivono gi\u00e0 l\u2019abbondanza, ma \u00e8 possibile che questa riguardi solo alcune aree della propria vita ad esempio la sfera economica ma non quella affettiva\u2026o viceversa\r\n<h4><strong>Il punto di partenza<\/strong><\/h4>\r\n<strong> Abbondanza e Prosperit\u00e0 sono alla portata di tutti\u2026ma \u201cnon la accettiamo\u201d. Perch\u00e8?<\/strong>\r\n\r\nL'abbondanza \u00e8 gi\u00e0 disponibile: tu sai farle spazio? Te lo ripeto: l'abbondanza \u00e8 alla portata di tutti.\r\n\r\nBasta sapere da dove nascono abbondanza e prosperit\u00e0, quali sono le sorgenti e quali le loro tombe!\r\n\r\nComprendere questo ci permette di:\r\n<ul>\r\n \t<li>allinearci e connetterci a tutte le energie ad esse correlate (amore, salute, denaro, creativit\u00e0 etc\u2026)<\/li>\r\n \t<li>creare abbondanza nella tua vita e nella tua comunit\u00e0<\/li>\r\n \t<li>condividere l'abbondanza<\/li>\r\n<\/ul>\r\n<h4 style=\"text-align: left\"><em><strong>3 ore di video corso per :<\/strong><\/em><\/h4>\r\n<ol>\r\n \t<li style=\"text-align: left\"><em>fare chiarezza nella grande confusione che hai in testa sul perch\u00e8 non c'\u00e8 abbondanza per te<\/em><\/li>\r\n \t<li style=\"text-align: left\"><em>andare oltre \u201cle cose che si dicono\u201d, \u201cle cose che si credono\u201d<\/em><\/li>\r\n \t<li style=\"text-align: left\"><em>vedere la vita da una prospettiva nuova, pi\u00f9 ampia e lucida<\/em><\/li>\r\n \t<li>comprendere i meccanismi e la fisiologia della abbondanza<\/li>\r\n \t<li>accogliere l'abbondanza - senza paura - nella tua vita<\/li>\r\n<\/ol>\r\n<h3><em>Esplora in profondit\u00e0, riconosci e disconnetti i meccanismi che regolano il tuo rapporto con l\u2019Abbondanza e la Prosperit\u00e0, in tutte le sue forme, per attuare un cambiamento profondo.<\/em><\/h3>\r\n\u00a0","_et_gb_content_width":""},"product_brand":[],"product_cat":[29],"product_tag":[30,32,33,31],"class_list":{"0":"post-127","1":"product","2":"type-product","3":"status-publish","4":"has-post-thumbnail","6":"product_cat-videocorsi","7":"product_tag-abbondanza","8":"product_tag-amore","9":"product_tag-felicita","10":"product_tag-metamedicina","12":"first","13":"instock","14":"downloadable","15":"virtual","16":"sold-individually","17":"purchasable","18":"product-type-simple"},"yoast_head":"<!-- This site is optimized with the Yoast SEO plugin v27.4 - https:\/\/yoast.com\/product\/yoast-seo-wordpress\/ -->\n<title>Masterclass Abbondanza alla portata di tutti | Alexandra Francesca D&#039;Alessandro<\/title>\n<meta name=\"description\" content=\"Abbondanza e Prosperit\u00e0 sono alla portata di tutti, anche se ti hanno fatto credere il contrario. In 3 ore di corso facciamo pulizia, contattiamo abbondanza\" \/>\n<meta name=\"robots\" content=\"index, follow, max-snippet:-1, max-image-preview:large, max-video-preview:-1\" \/>\n<link rel=\"canonical\" href=\"https:\/\/www.alexandrafrancescadalessandro.com\/en\/prodotto\/masterclass-abbondanza-alla-portata-di-tutti\/\" \/>\n<meta property=\"og:locale\" content=\"en_US\" \/>\n<meta property=\"og:type\" content=\"article\" \/>\n<meta property=\"og:title\" content=\"Masterclass Abbondanza alla portata di tutti | Alexandra Francesca D&#039;Alessandro\" \/>\n<meta property=\"og:description\" content=\"Abbondanza e Prosperit\u00e0 sono alla portata di tutti, anche se ti hanno fatto credere il contrario. In 3 ore di corso facciamo pulizia, contattiamo abbondanza\" \/>\n<meta property=\"og:url\" content=\"https:\/\/www.alexandrafrancescadalessandro.com\/en\/prodotto\/masterclass-abbondanza-alla-portata-di-tutti\/\" \/>\n<meta property=\"og:site_name\" content=\"Alexandra Francesca D&#039;Alessandro\" \/>\n<meta property=\"article:modified_time\" content=\"2024-06-23T22:02:13+00:00\" \/>\n<meta property=\"og:image\" content=\"https:\/\/www.alexandrafrancescadalessandro.com\/wp-content\/uploads\/2024\/04\/Prodotti-woocommerce-1.png\" \/>\n\t<meta property=\"og:image:width\" content=\"1080\" \/>\n\t<meta property=\"og:image:height\" content=\"1080\" \/>\n\t<meta property=\"og:image:type\" content=\"image\/png\" \/>\n<script type=\"application\/ld+json\" class=\"yoast-schema-graph\">{\"@context\":\"https:\\\/\\\/schema.org\",\"@graph\":[{\"@type\":\"WebPage\",\"@id\":\"https:\\\/\\\/www.alexandrafrancescadalessandro.com\\\/en\\\/prodotto\\\/masterclass-abbondanza-alla-portata-di-tutti\\\/\",\"url\":\"https:\\\/\\\/www.alexandrafrancescadalessandro.com\\\/en\\\/prodotto\\\/masterclass-abbondanza-alla-portata-di-tutti\\\/\",\"name\":\"Masterclass Abbondanza alla portata di tutti | Alexandra Francesca D'Alessandro\",\"isPartOf\":{\"@id\":\"https:\\\/\\\/www.alexandrafrancescadalessandro.com\\\/en\\\/#website\"},\"primaryImageOfPage\":{\"@id\":\"https:\\\/\\\/www.alexandrafrancescadalessandro.com\\\/en\\\/prodotto\\\/masterclass-abbondanza-alla-portata-di-tutti\\\/#primaryimage\"},\"image\":{\"@id\":\"https:\\\/\\\/www.alexandrafrancescadalessandro.com\\\/en\\\/prodotto\\\/masterclass-abbondanza-alla-portata-di-tutti\\\/#primaryimage\"},\"thumbnailUrl\":\"https:\\\/\\\/i0.wp.com\\\/www.alexandrafrancescadalessandro.com\\\/wp-content\\\/uploads\\\/2024\\\/04\\\/Prodotti-woocommerce-1.png?fit=1080%2C1080&ssl=1\",\"datePublished\":\"2024-04-14T08:15:17+00:00\",\"dateModified\":\"2024-06-23T22:02:13+00:00\",\"description\":\"Abbondanza e Prosperit\u00e0 sono alla portata di tutti, anche se ti hanno fatto credere il contrario. In 3 ore di corso facciamo pulizia, contattiamo abbondanza\",\"breadcrumb\":{\"@id\":\"https:\\\/\\\/www.alexandrafrancescadalessandro.com\\\/en\\\/prodotto\\\/masterclass-abbondanza-alla-portata-di-tutti\\\/#breadcrumb\"},\"inLanguage\":\"en-US\",\"potentialAction\":[{\"@type\":\"ReadAction\",\"target\":[\"https:\\\/\\\/www.alexandrafrancescadalessandro.com\\\/en\\\/prodotto\\\/masterclass-abbondanza-alla-portata-di-tutti\\\/\"]}]},{\"@type\":\"ImageObject\",\"inLanguage\":\"en-US\",\"@id\":\"https:\\\/\\\/www.alexandrafrancescadalessandro.com\\\/en\\\/prodotto\\\/masterclass-abbondanza-alla-portata-di-tutti\\\/#primaryimage\",\"url\":\"https:\\\/\\\/i0.wp.com\\\/www.alexandrafrancescadalessandro.com\\\/wp-content\\\/uploads\\\/2024\\\/04\\\/Prodotti-woocommerce-1.png?fit=1080%2C1080&ssl=1\",\"contentUrl\":\"https:\\\/\\\/i0.wp.com\\\/www.alexandrafrancescadalessandro.com\\\/wp-content\\\/uploads\\\/2024\\\/04\\\/Prodotti-woocommerce-1.png?fit=1080%2C1080&ssl=1\",\"width\":1080,\"height\":1080,\"caption\":\"MASTERCLASS ABBONDANZA PRODOTTO\"},{\"@type\":\"BreadcrumbList\",\"@id\":\"https:\\\/\\\/www.alexandrafrancescadalessandro.com\\\/en\\\/prodotto\\\/masterclass-abbondanza-alla-portata-di-tutti\\\/#breadcrumb\",\"itemListElement\":[{\"@type\":\"ListItem\",\"position\":1,\"name\":\"Home\",\"item\":\"https:\\\/\\\/www.alexandrafrancescadalessandro.com\\\/en\\\/\"},{\"@type\":\"ListItem\",\"position\":2,\"name\":\"Shop\",\"item\":\"https:\\\/\\\/www.alexandrafrancescadalessandro.com\\\/en\\\/shop\\\/\"},{\"@type\":\"ListItem\",\"position\":3,\"name\":\"Masterclass Abbondanza alla portata di tutti\"}]},{\"@type\":\"WebSite\",\"@id\":\"https:\\\/\\\/www.alexandrafrancescadalessandro.com\\\/en\\\/#website\",\"url\":\"https:\\\/\\\/www.alexandrafrancescadalessandro.com\\\/en\\\/\",\"name\":\"Alexandra Francesca D'Alessandro | Metamedicina\",\"description\":\"Metamedicina\",\"publisher\":{\"@id\":\"https:\\\/\\\/www.alexandrafrancescadalessandro.com\\\/en\\\/#\\\/schema\\\/person\\\/f48a80179b0d01c8760b023fd9325ab5\"},\"potentialAction\":[{\"@type\":\"SearchAction\",\"target\":{\"@type\":\"EntryPoint\",\"urlTemplate\":\"https:\\\/\\\/www.alexandrafrancescadalessandro.com\\\/en\\\/?s={search_term_string}\"},\"query-input\":{\"@type\":\"PropertyValueSpecification\",\"valueRequired\":true,\"valueName\":\"search_term_string\"}}],\"inLanguage\":\"en-US\"},{\"@type\":[\"Person\",\"Organization\"],\"@id\":\"https:\\\/\\\/www.alexandrafrancescadalessandro.com\\\/en\\\/#\\\/schema\\\/person\\\/f48a80179b0d01c8760b023fd9325ab5\",\"name\":\"Alexandra Francesca D'Alessandro\",\"image\":{\"@type\":\"ImageObject\",\"inLanguage\":\"en-US\",\"@id\":\"https:\\\/\\\/www.alexandrafrancescadalessandro.com\\\/wp-content\\\/uploads\\\/2024\\\/06\\\/Writter-by-Alexandra-Francesca-DAlessandro-Author.jpg\",\"url\":\"https:\\\/\\\/www.alexandrafrancescadalessandro.com\\\/wp-content\\\/uploads\\\/2024\\\/06\\\/Writter-by-Alexandra-Francesca-DAlessandro-Author.jpg\",\"contentUrl\":\"https:\\\/\\\/www.alexandrafrancescadalessandro.com\\\/wp-content\\\/uploads\\\/2024\\\/06\\\/Writter-by-Alexandra-Francesca-DAlessandro-Author.jpg\",\"width\":400,\"height\":400,\"caption\":\"Alexandra Francesca D'Alessandro\"},\"logo\":{\"@id\":\"https:\\\/\\\/www.alexandrafrancescadalessandro.com\\\/wp-content\\\/uploads\\\/2024\\\/06\\\/Writter-by-Alexandra-Francesca-DAlessandro-Author.jpg\"},\"sameAs\":[\"https:\\\/\\\/www.alexandrafrancescadalessandro.com\\\/\"]}]}<\/script>\n<!-- \/ Yoast SEO plugin. -->","yoast_head_json":{"title":"Masterclass Abbondanza alla portata di tutti | Alexandra Francesca D'Alessandro","description":"Abbondanza e Prosperit\u00e0 sono alla portata di tutti, anche se ti hanno fatto credere il contrario. In 3 ore di corso facciamo pulizia, contattiamo abbondanza","robots":{"index":"index","follow":"follow","max-snippet":"max-snippet:-1","max-image-preview":"max-image-preview:large","max-video-preview":"max-video-preview:-1"},"canonical":"https:\/\/www.alexandrafrancescadalessandro.com\/en\/prodotto\/masterclass-abbondanza-alla-portata-di-tutti\/","og_locale":"en_US","og_type":"article","og_title":"Masterclass Abbondanza alla portata di tutti | Alexandra Francesca D'Alessandro","og_description":"Abbondanza e Prosperit\u00e0 sono alla portata di tutti, anche se ti hanno fatto credere il contrario. In 3 ore di corso facciamo pulizia, contattiamo abbondanza","og_url":"https:\/\/www.alexandrafrancescadalessandro.com\/en\/prodotto\/masterclass-abbondanza-alla-portata-di-tutti\/","og_site_name":"Alexandra Francesca D'Alessandro","article_modified_time":"2024-06-23T22:02:13+00:00","og_image":[{"width":1080,"height":1080,"url":"https:\/\/www.alexandrafrancescadalessandro.com\/wp-content\/uploads\/2024\/04\/Prodotti-woocommerce-1.png","type":"image\/png"}],"schema":{"@context":"https:\/\/schema.org","@graph":[{"@type":"WebPage","@id":"https:\/\/www.alexandrafrancescadalessandro.com\/en\/prodotto\/masterclass-abbondanza-alla-portata-di-tutti\/","url":"https:\/\/www.alexandrafrancescadalessandro.com\/en\/prodotto\/masterclass-abbondanza-alla-portata-di-tutti\/","name":"Masterclass Abbondanza alla portata di tutti | Alexandra Francesca D'Alessandro","isPartOf":{"@id":"https:\/\/www.alexandrafrancescadalessandro.com\/en\/#website"},"primaryImageOfPage":{"@id":"https:\/\/www.alexandrafrancescadalessandro.com\/en\/prodotto\/masterclass-abbondanza-alla-portata-di-tutti\/#primaryimage"},"image":{"@id":"https:\/\/www.alexandrafrancescadalessandro.com\/en\/prodotto\/masterclass-abbondanza-alla-portata-di-tutti\/#primaryimage"},"thumbnailUrl":"https:\/\/i0.wp.com\/www.alexandrafrancescadalessandro.com\/wp-content\/uploads\/2024\/04\/Prodotti-woocommerce-1.png?fit=1080%2C1080&ssl=1","datePublished":"2024-04-14T08:15:17+00:00","dateModified":"2024-06-23T22:02:13+00:00","description":"Abbondanza e Prosperit\u00e0 sono alla portata di tutti, anche se ti hanno fatto credere il contrario. In 3 ore di corso facciamo pulizia, contattiamo abbondanza","breadcrumb":{"@id":"https:\/\/www.alexandrafrancescadalessandro.com\/en\/prodotto\/masterclass-abbondanza-alla-portata-di-tutti\/#breadcrumb"},"inLanguage":"en-US","potentialAction":[{"@type":"ReadAction","target":["https:\/\/www.alexandrafrancescadalessandro.com\/en\/prodotto\/masterclass-abbondanza-alla-portata-di-tutti\/"]}]},{"@type":"ImageObject","inLanguage":"en-US","@id":"https:\/\/www.alexandrafrancescadalessandro.com\/en\/prodotto\/masterclass-abbondanza-alla-portata-di-tutti\/#primaryimage","url":"https:\/\/i0.wp.com\/www.alexandrafrancescadalessandro.com\/wp-content\/uploads\/2024\/04\/Prodotti-woocommerce-1.png?fit=1080%2C1080&ssl=1","contentUrl":"https:\/\/i0.wp.com\/www.alexandrafrancescadalessandro.com\/wp-content\/uploads\/2024\/04\/Prodotti-woocommerce-1.png?fit=1080%2C1080&ssl=1","width":1080,"height":1080,"caption":"MASTERCLASS ABBONDANZA PRODOTTO"},{"@type":"BreadcrumbList","@id":"https:\/\/www.alexandrafrancescadalessandro.com\/en\/prodotto\/masterclass-abbondanza-alla-portata-di-tutti\/#breadcrumb","itemListElement":[{"@type":"ListItem","position":1,"name":"Home","item":"https:\/\/www.alexandrafrancescadalessandro.com\/en\/"},{"@type":"ListItem","position":2,"name":"Shop","item":"https:\/\/www.alexandrafrancescadalessandro.com\/en\/shop\/"},{"@type":"ListItem","position":3,"name":"Masterclass Abbondanza alla portata di tutti"}]},{"@type":"WebSite","@id":"https:\/\/www.alexandrafrancescadalessandro.com\/en\/#website","url":"https:\/\/www.alexandrafrancescadalessandro.com\/en\/","name":"Alexandra Francesca D'Alessandro | Metamedicina","description":"Metamedicina","publisher":{"@id":"https:\/\/www.alexandrafrancescadalessandro.com\/en\/#\/schema\/person\/f48a80179b0d01c8760b023fd9325ab5"},"potentialAction":[{"@type":"SearchAction","target":{"@type":"EntryPoint","urlTemplate":"https:\/\/www.alexandrafrancescadalessandro.com\/en\/?s={search_term_string}"},"query-input":{"@type":"PropertyValueSpecification","valueRequired":true,"valueName":"search_term_string"}}],"inLanguage":"en-US"},{"@type":["Person","Organization"],"@id":"https:\/\/www.alexandrafrancescadalessandro.com\/en\/#\/schema\/person\/f48a80179b0d01c8760b023fd9325ab5","name":"Alexandra Francesca D'Alessandro","image":{"@type":"ImageObject","inLanguage":"en-US","@id":"https:\/\/www.alexandrafrancescadalessandro.com\/wp-content\/uploads\/2024\/06\/Writter-by-Alexandra-Francesca-DAlessandro-Author.jpg","url":"https:\/\/www.alexandrafrancescadalessandro.com\/wp-content\/uploads\/2024\/06\/Writter-by-Alexandra-Francesca-DAlessandro-Author.jpg","contentUrl":"https:\/\/www.alexandrafrancescadalessandro.com\/wp-content\/uploads\/2024\/06\/Writter-by-Alexandra-Francesca-DAlessandro-Author.jpg","width":400,"height":400,"caption":"Alexandra Francesca D'Alessandro"},"logo":{"@id":"https:\/\/www.alexandrafrancescadalessandro.com\/wp-content\/uploads\/2024\/06\/Writter-by-Alexandra-Francesca-DAlessandro-Author.jpg"},"sameAs":["https:\/\/www.alexandrafrancescadalessandro.com\/"]}]}},"jetpack-related-posts":[],"jetpack_sharing_enabled":true,"_links":{"self":[{"href":"https:\/\/www.alexandrafrancescadalessandro.com\/en\/wp-json\/wp\/v2\/product\/127","targetHints":{"allow":["GET"]}}],"collection":[{"href":"https:\/\/www.alexandrafrancescadalessandro.com\/en\/wp-json\/wp\/v2\/product"}],"about":[{"href":"https:\/\/www.alexandrafrancescadalessandro.com\/en\/wp-json\/wp\/v2\/types\/product"}],"wp:featuredmedia":[{"embeddable":true,"href":"https:\/\/www.alexandrafrancescadalessandro.com\/en\/wp-json\/wp\/v2\/media\/3987"}],"wp:attachment":[{"href":"https:\/\/www.alexandrafrancescadalessandro.com\/en\/wp-json\/wp\/v2\/media?parent=127"}],"wp:term":[{"taxonomy":"product_brand","embeddable":true,"href":"https:\/\/www.alexandrafrancescadalessandro.com\/en\/wp-json\/wp\/v2\/product_brand?post=127"},{"taxonomy":"product_cat","embeddable":true,"href":"https:\/\/www.alexandrafrancescadalessandro.com\/en\/wp-json\/wp\/v2\/product_cat?post=127"},{"taxonomy":"product_tag","embeddable":true,"href":"https:\/\/www.alexandrafrancescadalessandro.com\/en\/wp-json\/wp\/v2\/product_tag?post=127"}],"curies":[{"name":"wp","href":"https:\/\/api.w.org\/{rel}","templated":true}]}}